{"id":2311,"date":"2015-03-02T11:46:37","date_gmt":"2015-03-02T11:46:37","guid":{"rendered":"http:\/\/themes.muffingroup.com\/be\/university\/?page_id=2311"},"modified":"2022-01-20T12:31:55","modified_gmt":"2022-01-20T12:31:55","slug":"urunler","status":"publish","type":"page","link":"https:\/\/oguzhanpvcgranul.com\/en\/urunler\/","title":{"rendered":"Products"},"content":{"rendered":"<div data-elementor-type=\"wp-page\" data-elementor-id=\"2311\" class=\"elementor elementor-2311\">\n\t\t\t\t\t\t\t\t\t<section class=\"elementor-section elementor-top-section elementor-element elementor-element-06b11e9 elementor-section-stretched elementor-hidden-desktop elementor-hidden-tablet elementor-section-boxed elementor-section-height-default elementor-section-height-default\" data-id=\"06b11e9\" data-element_type=\"section\" data-settings=\"{&quot;stretch_section&quot;:&quot;section-stretched&quot;}\">\n\t\t\t\t\t\t<div class=\"elementor-container elementor-column-gap-default\">\n\t\t\t\t\t<div class=\"elementor-column elementor-col-100 elementor-top-column elementor-element elementor-element-01f5468\" data-id=\"01f5468\" data-element_type=\"column\">\n\t\t\t<div class=\"elementor-widget-wrap elementor-element-populated\">\n\t\t\t\t\t\t\t\t<div class=\"elementor-element elementor-element-8ed1071 elementor-widget elementor-widget-heading\" data-id=\"8ed1071\" data-element_type=\"widget\" data-widget_type=\"heading.default\">\n\t\t\t\t<div class=\"elementor-widget-container\">\n\t\t\t<h1 class=\"elementor-heading-title elementor-size-default\">Products<\/h1>\t\t<\/div>\n\t\t\t\t<\/div>\n\t\t\t\t<div class=\"elementor-element elementor-element-c605ae7 elementor-widget elementor-widget-heading\" data-id=\"c605ae7\" data-element_type=\"widget\" data-widget_type=\"heading.default\">\n\t\t\t\t<div class=\"elementor-widget-container\">\n\t\t\t<h2 class=\"elementor-heading-title elementor-size-default\">Outer Sheath<\/h2>\t\t<\/div>\n\t\t\t\t<\/div>\n\t\t\t\t<div class=\"elementor-element elementor-element-0cd02ee elementor-widget elementor-widget-image\" data-id=\"0cd02ee\" data-element_type=\"widget\" data-widget_type=\"image.default\">\n\t\t\t\t<div class=\"elementor-widget-container\">\n\t\t\t\t\t\t\t\t\t\t\t\t\t\t\t<img decoding=\"async\" width=\"544\" height=\"385\" src=\"https:\/\/oguzhanpvcgranul.com\/wp-content\/uploads\/2022\/01\/Dis-Kilif.jpg\" class=\"attachment-large size-large\" alt=\"\" loading=\"lazy\" srcset=\"https:\/\/oguzhanpvcgranul.com\/wp-content\/uploads\/2022\/01\/Dis-Kilif.jpg 544w, https:\/\/oguzhanpvcgranul.com\/wp-content\/uploads\/2022\/01\/Dis-Kilif-300x212.jpg 300w, https:\/\/oguzhanpvcgranul.com\/wp-content\/uploads\/2022\/01\/Dis-Kilif-206x146.jpg 206w, https:\/\/oguzhanpvcgranul.com\/wp-content\/uploads\/2022\/01\/Dis-Kilif-50x35.jpg 50w, https:\/\/oguzhanpvcgranul.com\/wp-content\/uploads\/2022\/01\/Dis-Kilif-106x75.jpg 106w\" sizes=\"(max-width: 544px) 100vw, 544px\" \/>\t\t\t\t\t\t\t\t\t\t\t\t\t\t\t<\/div>\n\t\t\t\t<\/div>\n\t\t\t\t<div class=\"elementor-element elementor-element-da6ca8a elementor-widget elementor-widget-text-editor\" data-id=\"da6ca8a\" data-element_type=\"widget\" data-widget_type=\"text-editor.default\">\n\t\t\t\t<div class=\"elementor-widget-container\">\n\t\t\t\t\t\t\t<p class=\"big translation-block\" style=\"text-indent:50px;\">Professional PVC compounds specially prepared for use as outer sheath in cable production. All PVC compounds have RoHS and Reach SVHC compliance. Among the PVC compounds we produce, together with standard products, special solutions such as flame resistant, low smoke emission, oil resistant, rubber added are produced.<\/p>\t\t\t\t\t\t<\/div>\n\t\t\t\t<\/div>\n\t\t\t\t<div class=\"elementor-element elementor-element-a03bfd9 elementor-widget elementor-widget-heading\" data-id=\"a03bfd9\" data-element_type=\"widget\" data-widget_type=\"heading.default\">\n\t\t\t\t<div class=\"elementor-widget-container\">\n\t\t\t<h2 class=\"elementor-heading-title elementor-size-default\">Filling<\/h2>\t\t<\/div>\n\t\t\t\t<\/div>\n\t\t\t\t<div class=\"elementor-element elementor-element-f4692d6 elementor-widget elementor-widget-image\" data-id=\"f4692d6\" data-element_type=\"widget\" data-widget_type=\"image.default\">\n\t\t\t\t<div class=\"elementor-widget-container\">\n\t\t\t\t\t\t\t\t\t\t\t\t\t\t\t<img decoding=\"async\" width=\"544\" height=\"385\" src=\"https:\/\/oguzhanpvcgranul.com\/wp-content\/uploads\/2022\/01\/Dolgu.jpg\" class=\"attachment-large size-large\" alt=\"\" loading=\"lazy\" srcset=\"https:\/\/oguzhanpvcgranul.com\/wp-content\/uploads\/2022\/01\/Dolgu.jpg 544w, https:\/\/oguzhanpvcgranul.com\/wp-content\/uploads\/2022\/01\/Dolgu-300x212.jpg 300w, https:\/\/oguzhanpvcgranul.com\/wp-content\/uploads\/2022\/01\/Dolgu-206x146.jpg 206w, https:\/\/oguzhanpvcgranul.com\/wp-content\/uploads\/2022\/01\/Dolgu-50x35.jpg 50w, https:\/\/oguzhanpvcgranul.com\/wp-content\/uploads\/2022\/01\/Dolgu-106x75.jpg 106w\" sizes=\"(max-width: 544px) 100vw, 544px\" \/>\t\t\t\t\t\t\t\t\t\t\t\t\t\t\t<\/div>\n\t\t\t\t<\/div>\n\t\t\t\t<div class=\"elementor-element elementor-element-6d8cb82 elementor-widget elementor-widget-text-editor\" data-id=\"6d8cb82\" data-element_type=\"widget\" data-widget_type=\"text-editor.default\">\n\t\t\t\t<div class=\"elementor-widget-container\">\n\t\t\t\t\t\t\t<p class=\"big translation-block\" style=\"text-indent: 50px;\">As O\u011fuzhan Pvc Gran\u00fcl, we manufacture raw materials with the features and quantities they want for companies that produce Pe Filler.<\/p>\t\t\t\t\t\t<\/div>\n\t\t\t\t<\/div>\n\t\t\t\t<div class=\"elementor-element elementor-element-d21407c elementor-widget elementor-widget-heading\" data-id=\"d21407c\" data-element_type=\"widget\" data-widget_type=\"heading.default\">\n\t\t\t\t<div class=\"elementor-widget-container\">\n\t\t\t<h2 class=\"elementor-heading-title elementor-size-default\">Soft<\/h2>\t\t<\/div>\n\t\t\t\t<\/div>\n\t\t\t\t<div class=\"elementor-element elementor-element-c7adabe elementor-widget elementor-widget-image\" data-id=\"c7adabe\" data-element_type=\"widget\" data-widget_type=\"image.default\">\n\t\t\t\t<div class=\"elementor-widget-container\">\n\t\t\t\t\t\t\t\t\t\t\t\t\t\t\t<img decoding=\"async\" width=\"544\" height=\"385\" src=\"https:\/\/oguzhanpvcgranul.com\/wp-content\/uploads\/2022\/01\/Soft.jpg\" class=\"attachment-large size-large\" alt=\"\" loading=\"lazy\" srcset=\"https:\/\/oguzhanpvcgranul.com\/wp-content\/uploads\/2022\/01\/Soft.jpg 544w, https:\/\/oguzhanpvcgranul.com\/wp-content\/uploads\/2022\/01\/Soft-300x212.jpg 300w, https:\/\/oguzhanpvcgranul.com\/wp-content\/uploads\/2022\/01\/Soft-206x146.jpg 206w, https:\/\/oguzhanpvcgranul.com\/wp-content\/uploads\/2022\/01\/Soft-50x35.jpg 50w, https:\/\/oguzhanpvcgranul.com\/wp-content\/uploads\/2022\/01\/Soft-106x75.jpg 106w\" sizes=\"(max-width: 544px) 100vw, 544px\" \/>\t\t\t\t\t\t\t\t\t\t\t\t\t\t\t<\/div>\n\t\t\t\t<\/div>\n\t\t\t\t<div class=\"elementor-element elementor-element-05cd825 elementor-widget elementor-widget-text-editor\" data-id=\"05cd825\" data-element_type=\"widget\" data-widget_type=\"text-editor.default\">\n\t\t\t\t<div class=\"elementor-widget-container\">\n\t\t\t\t\t\t\t<p class=\"big translation-block\" style=\"text-indent: 50px;\">Soft PVC Granule, also known as soft, is an option that is resistant to external effects, flexible, and easy to process in various ways. It is obtained from toys, hoses, low and high voltage cables, gloves, medical products, soft PVC granules. It has a very wide usage area. Most plastic products are made from plasticized soft PVC Granules.<\/p>\t\t\t\t\t\t<\/div>\n\t\t\t\t<\/div>\n\t\t\t\t<div class=\"elementor-element elementor-element-0c39dd8 elementor-widget elementor-widget-heading\" data-id=\"0c39dd8\" data-element_type=\"widget\" data-widget_type=\"heading.default\">\n\t\t\t\t<div class=\"elementor-widget-container\">\n\t\t\t<h2 class=\"elementor-heading-title elementor-size-default\">TTR<\/h2>\t\t<\/div>\n\t\t\t\t<\/div>\n\t\t\t\t<div class=\"elementor-element elementor-element-01eee9c elementor-widget elementor-widget-image\" data-id=\"01eee9c\" data-element_type=\"widget\" data-widget_type=\"image.default\">\n\t\t\t\t<div class=\"elementor-widget-container\">\n\t\t\t\t\t\t\t\t\t\t\t\t\t\t\t<img decoding=\"async\" width=\"544\" height=\"385\" src=\"https:\/\/oguzhanpvcgranul.com\/wp-content\/uploads\/2022\/01\/TTR.jpg\" class=\"attachment-large size-large\" alt=\"\" loading=\"lazy\" srcset=\"https:\/\/oguzhanpvcgranul.com\/wp-content\/uploads\/2022\/01\/TTR.jpg 544w, https:\/\/oguzhanpvcgranul.com\/wp-content\/uploads\/2022\/01\/TTR-300x212.jpg 300w, https:\/\/oguzhanpvcgranul.com\/wp-content\/uploads\/2022\/01\/TTR-206x146.jpg 206w, https:\/\/oguzhanpvcgranul.com\/wp-content\/uploads\/2022\/01\/TTR-50x35.jpg 50w, https:\/\/oguzhanpvcgranul.com\/wp-content\/uploads\/2022\/01\/TTR-106x75.jpg 106w\" sizes=\"(max-width: 544px) 100vw, 544px\" \/>\t\t\t\t\t\t\t\t\t\t\t\t\t\t\t<\/div>\n\t\t\t\t<\/div>\n\t\t\t\t<div class=\"elementor-element elementor-element-110ea0b elementor-widget elementor-widget-text-editor\" data-id=\"110ea0b\" data-element_type=\"widget\" data-widget_type=\"text-editor.default\">\n\t\t\t\t<div class=\"elementor-widget-container\">\n\t\t\t\t\t\t\t<p class=\"big translation-block\" style=\"text-indent: 50px;\">As O\u011fuzhan Pvc Gran\u00fcl, we manufacture raw materials with the features and quantities they want for companies that produce TTR.<\/p>\t\t\t\t\t\t<\/div>\n\t\t\t\t<\/div>\n\t\t\t\t<div class=\"elementor-element elementor-element-bedadb3 elementor-widget elementor-widget-heading\" data-id=\"bedadb3\" data-element_type=\"widget\" data-widget_type=\"heading.default\">\n\t\t\t\t<div class=\"elementor-widget-container\">\n\t\t\t<h2 class=\"elementor-heading-title elementor-size-default\">\u0130solated<\/h2>\t\t<\/div>\n\t\t\t\t<\/div>\n\t\t\t\t<div class=\"elementor-element elementor-element-1697c01 elementor-widget elementor-widget-image\" data-id=\"1697c01\" data-element_type=\"widget\" data-widget_type=\"image.default\">\n\t\t\t\t<div class=\"elementor-widget-container\">\n\t\t\t\t\t\t\t\t\t\t\t\t\t\t\t<img decoding=\"async\" width=\"544\" height=\"385\" src=\"https:\/\/oguzhanpvcgranul.com\/wp-content\/uploads\/2022\/01\/Izole-.jpg\" class=\"attachment-large size-large\" alt=\"\" loading=\"lazy\" srcset=\"https:\/\/oguzhanpvcgranul.com\/wp-content\/uploads\/2022\/01\/Izole-.jpg 544w, https:\/\/oguzhanpvcgranul.com\/wp-content\/uploads\/2022\/01\/Izole--300x212.jpg 300w, https:\/\/oguzhanpvcgranul.com\/wp-content\/uploads\/2022\/01\/Izole--206x146.jpg 206w, https:\/\/oguzhanpvcgranul.com\/wp-content\/uploads\/2022\/01\/Izole--50x35.jpg 50w, https:\/\/oguzhanpvcgranul.com\/wp-content\/uploads\/2022\/01\/Izole--106x75.jpg 106w\" sizes=\"(max-width: 544px) 100vw, 544px\" \/>\t\t\t\t\t\t\t\t\t\t\t\t\t\t\t<\/div>\n\t\t\t\t<\/div>\n\t\t\t\t<div class=\"elementor-element elementor-element-197b09a elementor-widget elementor-widget-text-editor\" data-id=\"197b09a\" data-element_type=\"widget\" data-widget_type=\"text-editor.default\">\n\t\t\t\t<div class=\"elementor-widget-container\">\n\t\t\t\t\t\t\t<p class=\"big translation-block\" style=\"text-indent: 50px;\">As O\u011fuzhan Pvc Gran\u00fcl, we manufacture raw materials with the features and quantities they want for companies that produce insulation.<\/p>\t\t\t\t\t\t<\/div>\n\t\t\t\t<\/div>\n\t\t\t\t\t<\/div>\n\t\t<\/div>\n\t\t\t\t\t\t\t<\/div>\n\t\t<\/section>\n\t\t\t\t\t\t\t<\/div>","protected":false},"excerpt":{"rendered":"<p>\u00dcr\u00fcnler D\u0131\u015f K\u0131l\u0131f Kablo \u00fcretiminde d\u0131\u015f k\u0131l\u0131f olarak kullan\u0131lmak \u00fczere \u00f6zel olarak haz\u0131rlanm\u0131\u015f profesyonel PVC kompaundlar. PVC kompaundlar\u0131n tamam\u0131 RoHS ve Reach SVHC uygunlu\u011funa sahiptir. \u00dcretimlerini<span class=\"excerpt-hellip\"> [\u2026]<\/span><\/p>","protected":false},"author":2,"featured_media":0,"parent":0,"menu_order":0,"comment_status":"open","ping_status":"open","template":"","meta":[],"yoast_head":"<!-- This site is optimized with the Yoast SEO plugin v19.10 - https:\/\/yoast.com\/wordpress\/plugins\/seo\/ -->\n<title>\u00dcr\u00fcnler - O\u011fuzhan PVC Gran\u00fcl<\/title>\n<meta name=\"robots\" content=\"index, follow, max-snippet:-1, max-image-preview:large, max-video-preview:-1\" \/>\n<link rel=\"canonical\" href=\"https:\/\/oguzhanpvcgranul.com\/en\/urunler\/\" \/>\n<meta property=\"og:locale\" content=\"en_US\" \/>\n<meta property=\"og:type\" content=\"article\" \/>\n<meta property=\"og:title\" content=\"\u00dcr\u00fcnler - O\u011fuzhan PVC Gran\u00fcl\" \/>\n<meta property=\"og:description\" content=\"\u00dcr\u00fcnler D\u0131\u015f K\u0131l\u0131f Kablo \u00fcretiminde d\u0131\u015f k\u0131l\u0131f olarak kullan\u0131lmak \u00fczere \u00f6zel olarak haz\u0131rlanm\u0131\u015f profesyonel PVC kompaundlar. PVC kompaundlar\u0131n tamam\u0131 RoHS ve Reach SVHC uygunlu\u011funa sahiptir. \u00dcretimlerini [\u2026]\" \/>\n<meta property=\"og:url\" content=\"https:\/\/oguzhanpvcgranul.com\/en\/urunler\/\" \/>\n<meta property=\"og:site_name\" content=\"O\u011fuzhan PVC Gran\u00fcl\" \/>\n<meta property=\"article:modified_time\" content=\"2022-01-20T12:31:55+00:00\" \/>\n<meta property=\"og:image\" content=\"https:\/\/oguzhanpvcgranul.com\/wp-content\/uploads\/2022\/01\/Dis-Kilif.jpg\" \/>\n<meta name=\"twitter:card\" content=\"summary_large_image\" \/>\n<meta name=\"twitter:label1\" content=\"Est. reading time\" \/>\n\t<meta name=\"twitter:data1\" content=\"3 minutes\" \/>\n<script type=\"application\/ld+json\" class=\"yoast-schema-graph\">{\"@context\":\"https:\/\/schema.org\",\"@graph\":[{\"@type\":\"WebPage\",\"@id\":\"https:\/\/oguzhanpvcgranul.com\/urunler\/\",\"url\":\"https:\/\/oguzhanpvcgranul.com\/urunler\/\",\"name\":\"\u00dcr\u00fcnler - O\u011fuzhan PVC Gran\u00fcl\",\"isPartOf\":{\"@id\":\"https:\/\/oguzhanpvcgranul.com\/#website\"},\"datePublished\":\"2015-03-02T11:46:37+00:00\",\"dateModified\":\"2022-01-20T12:31:55+00:00\",\"inLanguage\":\"en-US\",\"potentialAction\":[{\"@type\":\"ReadAction\",\"target\":[\"https:\/\/oguzhanpvcgranul.com\/urunler\/\"]}]},{\"@type\":\"WebSite\",\"@id\":\"https:\/\/oguzhanpvcgranul.com\/#website\",\"url\":\"https:\/\/oguzhanpvcgranul.com\/\",\"name\":\"O\u011fuzhan PVC Gran\u00fcl\",\"description\":\"Ar-Ge, \u0130hracat, Kalite\",\"potentialAction\":[{\"@type\":\"SearchAction\",\"target\":{\"@type\":\"EntryPoint\",\"urlTemplate\":\"https:\/\/oguzhanpvcgranul.com\/?s={search_term_string}\"},\"query-input\":\"required name=search_term_string\"}],\"inLanguage\":\"en-US\"}]}<\/script>\n<!-- \/ Yoast SEO plugin. -->","yoast_head_json":{"title":"\u00dcr\u00fcnler - O\u011fuzhan PVC Gran\u00fcl","robots":{"index":"index","follow":"follow","max-snippet":"max-snippet:-1","max-image-preview":"max-image-preview:large","max-video-preview":"max-video-preview:-1"},"canonical":"https:\/\/oguzhanpvcgranul.com\/en\/urunler\/","og_locale":"en_US","og_type":"article","og_title":"\u00dcr\u00fcnler - O\u011fuzhan PVC Gran\u00fcl","og_description":"\u00dcr\u00fcnler D\u0131\u015f K\u0131l\u0131f Kablo \u00fcretiminde d\u0131\u015f k\u0131l\u0131f olarak kullan\u0131lmak \u00fczere \u00f6zel olarak haz\u0131rlanm\u0131\u015f profesyonel PVC kompaundlar. PVC kompaundlar\u0131n tamam\u0131 RoHS ve Reach SVHC uygunlu\u011funa sahiptir. \u00dcretimlerini [\u2026]","og_url":"https:\/\/oguzhanpvcgranul.com\/en\/urunler\/","og_site_name":"O\u011fuzhan PVC Gran\u00fcl","article_modified_time":"2022-01-20T12:31:55+00:00","og_image":[{"url":"https:\/\/oguzhanpvcgranul.com\/wp-content\/uploads\/2022\/01\/Dis-Kilif.jpg"}],"twitter_card":"summary_large_image","twitter_misc":{"Est. reading time":"3 minutes"},"schema":{"@context":"https:\/\/schema.org","@graph":[{"@type":"WebPage","@id":"https:\/\/oguzhanpvcgranul.com\/urunler\/","url":"https:\/\/oguzhanpvcgranul.com\/urunler\/","name":"\u00dcr\u00fcnler - O\u011fuzhan PVC Gran\u00fcl","isPartOf":{"@id":"https:\/\/oguzhanpvcgranul.com\/#website"},"datePublished":"2015-03-02T11:46:37+00:00","dateModified":"2022-01-20T12:31:55+00:00","inLanguage":"en-US","potentialAction":[{"@type":"ReadAction","target":["https:\/\/oguzhanpvcgranul.com\/urunler\/"]}]},{"@type":"WebSite","@id":"https:\/\/oguzhanpvcgranul.com\/#website","url":"https:\/\/oguzhanpvcgranul.com\/","name":"O\u011fuzhan PVC Gran\u00fcl","description":"Ar-Ge, \u0130hracat, Kalite","potentialAction":[{"@type":"SearchAction","target":{"@type":"EntryPoint","urlTemplate":"https:\/\/oguzhanpvcgranul.com\/?s={search_term_string}"},"query-input":"required name=search_term_string"}],"inLanguage":"en-US"}]}},"_links":{"self":[{"href":"https:\/\/oguzhanpvcgranul.com\/en\/wp-json\/wp\/v2\/pages\/2311"}],"collection":[{"href":"https:\/\/oguzhanpvcgranul.com\/en\/wp-json\/wp\/v2\/pages"}],"about":[{"href":"https:\/\/oguzhanpvcgranul.com\/en\/wp-json\/wp\/v2\/types\/page"}],"author":[{"embeddable":true,"href":"https:\/\/oguzhanpvcgranul.com\/en\/wp-json\/wp\/v2\/users\/2"}],"replies":[{"embeddable":true,"href":"https:\/\/oguzhanpvcgranul.com\/en\/wp-json\/wp\/v2\/comments?post=2311"}],"version-history":[{"count":44,"href":"https:\/\/oguzhanpvcgranul.com\/en\/wp-json\/wp\/v2\/pages\/2311\/revisions"}],"predecessor-version":[{"id":3530,"href":"https:\/\/oguzhanpvcgranul.com\/en\/wp-json\/wp\/v2\/pages\/2311\/revisions\/3530"}],"wp:attachment":[{"href":"https:\/\/oguzhanpvcgranul.com\/en\/wp-json\/wp\/v2\/media?parent=2311"}],"curies":[{"name":"wp","href":"https:\/\/api.w.org\/{rel}","templated":true}]}}