{"id":2309,"date":"2015-03-02T11:46:14","date_gmt":"2015-03-02T11:46:14","guid":{"rendered":"http:\/\/themes.muffingroup.com\/be\/university\/?page_id=2309"},"modified":"2022-01-03T19:07:51","modified_gmt":"2022-01-03T19:07:51","slug":"duyurular","status":"publish","type":"page","link":"https:\/\/oguzhanpvcgranul.com\/ru\/duyurular\/","title":{"rendered":"\u041e\u0431\u044a\u044f\u0432\u043b\u0435\u043d\u0438\u044f"},"content":{"rendered":"<div data-elementor-type=\"wp-page\" data-elementor-id=\"2309\" class=\"elementor elementor-2309\">\n\t\t\t\t\t\t\t\t\t<section class=\"elementor-section elementor-top-section elementor-element elementor-element-54437fd elementor-section-boxed elementor-section-height-default elementor-section-height-default\" data-id=\"54437fd\" data-element_type=\"section\">\n\t\t\t\t\t\t<div class=\"elementor-container elementor-column-gap-default\">\n\t\t\t\t\t<div class=\"elementor-column elementor-col-100 elementor-top-column elementor-element elementor-element-c4e77dc\" data-id=\"c4e77dc\" data-element_type=\"column\">\n\t\t\t<div class=\"elementor-widget-wrap elementor-element-populated\">\n\t\t\t\t\t\t\t\t<div class=\"elementor-element elementor-element-4836511 elementor-widget elementor-widget-heading\" data-id=\"4836511\" data-element_type=\"widget\" data-widget_type=\"heading.default\">\n\t\t\t\t<div class=\"elementor-widget-container\">\n\t\t\t<h1 class=\"elementor-heading-title elementor-size-default\">\u041e\u0431\u044a\u044f\u0432\u043b\u0435\u043d\u0438\u044f<\/h1>\t\t<\/div>\n\t\t\t\t<\/div>\n\t\t\t\t\t<\/div>\n\t\t<\/div>\n\t\t\t\t\t\t\t<\/div>\n\t\t<\/section>\n\t\t\t\t<section class=\"elementor-section elementor-top-section elementor-element elementor-element-15e94ee elementor-section-boxed elementor-section-height-default elementor-section-height-default\" data-id=\"15e94ee\" data-element_type=\"section\">\n\t\t\t\t\t\t<div class=\"elementor-container elementor-column-gap-default\">\n\t\t\t\t\t<div class=\"elementor-column elementor-col-100 elementor-top-column elementor-element elementor-element-9fe0f45\" data-id=\"9fe0f45\" data-element_type=\"column\">\n\t\t\t<div class=\"elementor-widget-wrap elementor-element-populated\">\n\t\t\t\t\t\t\t\t<div class=\"elementor-element elementor-element-aa2de92 elementor-widget elementor-widget-mfn_blog_news\" data-id=\"aa2de92\" data-element_type=\"widget\" data-widget_type=\"mfn_blog_news.default\">\n\t\t\t\t<div class=\"elementor-widget-container\">\n\t\t\t<div class=\"Latest_news\"><ul class=\"ul-first\"><li class=\"post-2289 post type-post status-publish format-standard has-post-thumbnail hentry category-duyurular\"><div class=\"photo\"><a href=\"https:\/\/oguzhanpvcgranul.com\/ru\/31-uluslararasi-plastik-fuari\/\"><img width=\"960\" height=\"720\" src=\"https:\/\/oguzhanpvcgranul.com\/wp-content\/uploads\/2022\/01\/duyuru-01-960x720.jpg\" class=\"scale-with-grid wp-post-image\" alt=\"\" decoding=\"async\" loading=\"lazy\" \/><\/a><\/div><div class=\"desc\"><h5><a href=\"https:\/\/oguzhanpvcgranul.com\/ru\/31-uluslararasi-plastik-fuari\/\">\u0413\u0440\u0430\u043d\u0443\u043b\u044b \u041f\u0412\u0425 O\u011fuzhan \u043d\u0430 31-\u0439 \u041c\u0435\u0436\u0434\u0443\u043d\u0430\u0440\u043e\u0434\u043d\u043e\u0439 \u0441\u0442\u0430\u043c\u0431\u0443\u043b\u044c\u0441\u043a\u043e\u0439 \u0432\u044b\u0441\u0442\u0430\u0432\u043a\u0435 \u043f\u043b\u0430\u0441\u0442\u043c\u0430\u0441\u0441 2022 Plast Eurasia Istanbul 2022<\/a><\/h5><div class=\"desc_footer\"><span class=\"date\"><i class=\"icon-clock\"><\/i> 23 \u043d\u043e\u044f\u0431\u0440\u044f, 2021<\/span><div class=\"button-love\"><a href=\"#\" class=\"mfn-love\" data-id=\"2289\"><span class=\"icons-wrapper\"><i class=\"icon-heart-empty-fa\"><\/i><i class=\"icon-heart-fa\"><\/i><\/span><span class=\"label\">24<\/span><\/a><\/div><\/div><\/div><\/li><\/ul><\/div>\n\t\t<\/div>\n\t\t\t\t<\/div>\n\t\t\t\t\t<\/div>\n\t\t<\/div>\n\t\t\t\t\t\t\t<\/div>\n\t\t<\/section>\n\t\t\t\t\t\t\t<\/div>","protected":false},"excerpt":{"rendered":"<p>Duyurular O\u011fuzhan PVC Gran\u00fcl, 2022 Plasteurasia \u0130stanbul 2022 31. Uluslarars\u0131 \u0130stanbul Plastik Fuar\u0131nda Kas\u0131m 23, 202124<\/p>","protected":false},"author":2,"featured_media":0,"parent":0,"menu_order":0,"comment_status":"open","ping_status":"open","template":"","meta":[],"yoast_head":"<!-- This site is optimized with the Yoast SEO plugin v19.10 - https:\/\/yoast.com\/wordpress\/plugins\/seo\/ -->\n<title>Duyurular - O\u011fuzhan PVC Gran\u00fcl<\/title>\n<meta name=\"robots\" content=\"index, follow, max-snippet:-1, max-image-preview:large, max-video-preview:-1\" \/>\n<link rel=\"canonical\" href=\"https:\/\/oguzhanpvcgranul.com\/ru\/duyurular\/\" \/>\n<meta property=\"og:locale\" content=\"ru_RU\" \/>\n<meta property=\"og:type\" content=\"article\" \/>\n<meta property=\"og:title\" content=\"Duyurular - O\u011fuzhan PVC Gran\u00fcl\" \/>\n<meta property=\"og:description\" content=\"Duyurular O\u011fuzhan PVC Gran\u00fcl, 2022 Plasteurasia \u0130stanbul 2022 31. Uluslarars\u0131 \u0130stanbul Plastik Fuar\u0131nda Kas\u0131m 23, 202124\" \/>\n<meta property=\"og:url\" content=\"https:\/\/oguzhanpvcgranul.com\/ru\/duyurular\/\" \/>\n<meta property=\"og:site_name\" content=\"O\u011fuzhan PVC Gran\u00fcl\" \/>\n<meta property=\"article:modified_time\" content=\"2022-01-03T19:07:51+00:00\" \/>\n<meta property=\"og:image\" content=\"http:\/\/oguzhanpvcgranul.com\/wp-content\/uploads\/2021\/11\/fuar-960x720.jpg\" \/>\n<meta name=\"twitter:card\" content=\"summary_large_image\" \/>\n<meta name=\"twitter:label1\" content=\"\u041f\u0440\u0438\u043c\u0435\u0440\u043d\u043e\u0435 \u0432\u0440\u0435\u043c\u044f \u0434\u043b\u044f \u0447\u0442\u0435\u043d\u0438\u044f\" \/>\n\t<meta name=\"twitter:data1\" content=\"1 \u043c\u0438\u043d\u0443\u0442\u0430\" \/>\n<script type=\"application\/ld+json\" class=\"yoast-schema-graph\">{\"@context\":\"https:\/\/schema.org\",\"@graph\":[{\"@type\":\"WebPage\",\"@id\":\"https:\/\/oguzhanpvcgranul.com\/duyurular\/\",\"url\":\"https:\/\/oguzhanpvcgranul.com\/duyurular\/\",\"name\":\"Duyurular - O\u011fuzhan PVC Gran\u00fcl\",\"isPartOf\":{\"@id\":\"https:\/\/oguzhanpvcgranul.com\/#website\"},\"datePublished\":\"2015-03-02T11:46:14+00:00\",\"dateModified\":\"2022-01-03T19:07:51+00:00\",\"inLanguage\":\"ru-RU\",\"potentialAction\":[{\"@type\":\"ReadAction\",\"target\":[\"https:\/\/oguzhanpvcgranul.com\/duyurular\/\"]}]},{\"@type\":\"WebSite\",\"@id\":\"https:\/\/oguzhanpvcgranul.com\/#website\",\"url\":\"https:\/\/oguzhanpvcgranul.com\/\",\"name\":\"O\u011fuzhan PVC Gran\u00fcl\",\"description\":\"Ar-Ge, \u0130hracat, Kalite\",\"potentialAction\":[{\"@type\":\"SearchAction\",\"target\":{\"@type\":\"EntryPoint\",\"urlTemplate\":\"https:\/\/oguzhanpvcgranul.com\/?s={search_term_string}\"},\"query-input\":\"required name=search_term_string\"}],\"inLanguage\":\"ru-RU\"}]}<\/script>\n<!-- \/ Yoast SEO plugin. -->","yoast_head_json":{"title":"Duyurular - O\u011fuzhan PVC Gran\u00fcl","robots":{"index":"index","follow":"follow","max-snippet":"max-snippet:-1","max-image-preview":"max-image-preview:large","max-video-preview":"max-video-preview:-1"},"canonical":"https:\/\/oguzhanpvcgranul.com\/ru\/duyurular\/","og_locale":"ru_RU","og_type":"article","og_title":"Duyurular - O\u011fuzhan PVC Gran\u00fcl","og_description":"Duyurular O\u011fuzhan PVC Gran\u00fcl, 2022 Plasteurasia \u0130stanbul 2022 31. Uluslarars\u0131 \u0130stanbul Plastik Fuar\u0131nda Kas\u0131m 23, 202124","og_url":"https:\/\/oguzhanpvcgranul.com\/ru\/duyurular\/","og_site_name":"O\u011fuzhan PVC Gran\u00fcl","article_modified_time":"2022-01-03T19:07:51+00:00","og_image":[{"url":"http:\/\/oguzhanpvcgranul.com\/wp-content\/uploads\/2021\/11\/fuar-960x720.jpg"}],"twitter_card":"summary_large_image","twitter_misc":{"\u041f\u0440\u0438\u043c\u0435\u0440\u043d\u043e\u0435 \u0432\u0440\u0435\u043c\u044f \u0434\u043b\u044f \u0447\u0442\u0435\u043d\u0438\u044f":"1 \u043c\u0438\u043d\u0443\u0442\u0430"},"schema":{"@context":"https:\/\/schema.org","@graph":[{"@type":"WebPage","@id":"https:\/\/oguzhanpvcgranul.com\/duyurular\/","url":"https:\/\/oguzhanpvcgranul.com\/duyurular\/","name":"Duyurular - O\u011fuzhan PVC Gran\u00fcl","isPartOf":{"@id":"https:\/\/oguzhanpvcgranul.com\/#website"},"datePublished":"2015-03-02T11:46:14+00:00","dateModified":"2022-01-03T19:07:51+00:00","inLanguage":"ru-RU","potentialAction":[{"@type":"ReadAction","target":["https:\/\/oguzhanpvcgranul.com\/duyurular\/"]}]},{"@type":"WebSite","@id":"https:\/\/oguzhanpvcgranul.com\/#website","url":"https:\/\/oguzhanpvcgranul.com\/","name":"O\u011fuzhan PVC Gran\u00fcl","description":"Ar-Ge, \u0130hracat, Kalite","potentialAction":[{"@type":"SearchAction","target":{"@type":"EntryPoint","urlTemplate":"https:\/\/oguzhanpvcgranul.com\/?s={search_term_string}"},"query-input":"required name=search_term_string"}],"inLanguage":"ru-RU"}]}},"_links":{"self":[{"href":"https:\/\/oguzhanpvcgranul.com\/ru\/wp-json\/wp\/v2\/pages\/2309"}],"collection":[{"href":"https:\/\/oguzhanpvcgranul.com\/ru\/wp-json\/wp\/v2\/pages"}],"about":[{"href":"https:\/\/oguzhanpvcgranul.com\/ru\/wp-json\/wp\/v2\/types\/page"}],"author":[{"embeddable":true,"href":"https:\/\/oguzhanpvcgranul.com\/ru\/wp-json\/wp\/v2\/users\/2"}],"replies":[{"embeddable":true,"href":"https:\/\/oguzhanpvcgranul.com\/ru\/wp-json\/wp\/v2\/comments?post=2309"}],"version-history":[{"count":11,"href":"https:\/\/oguzhanpvcgranul.com\/ru\/wp-json\/wp\/v2\/pages\/2309\/revisions"}],"predecessor-version":[{"id":2950,"href":"https:\/\/oguzhanpvcgranul.com\/ru\/wp-json\/wp\/v2\/pages\/2309\/revisions\/2950"}],"wp:attachment":[{"href":"https:\/\/oguzhanpvcgranul.com\/ru\/wp-json\/wp\/v2\/media?parent=2309"}],"curies":[{"name":"wp","href":"https:\/\/api.w.org\/{rel}","templated":true}]}}