{"id":2612,"date":"2021-12-27T14:32:55","date_gmt":"2021-12-27T14:32:55","guid":{"rendered":"http:\/\/oguzhanpvcgranul.com\/?page_id=2612"},"modified":"2022-02-19T12:14:51","modified_gmt":"2022-02-19T12:14:51","slug":"kablo","status":"publish","type":"page","link":"https:\/\/oguzhanpvcgranul.com\/ru\/kablo\/","title":{"rendered":"\u041a\u0430\u0431\u0435\u043b\u044c"},"content":{"rendered":"<div data-elementor-type=\"wp-page\" data-elementor-id=\"2612\" class=\"elementor elementor-2612\">\n\t\t\t\t\t\t\t\t\t<section class=\"elementor-section elementor-top-section elementor-element elementor-element-34aa410 elementor-section-boxed elementor-section-height-default elementor-section-height-default\" data-id=\"34aa410\" data-element_type=\"section\">\n\t\t\t\t\t\t<div class=\"elementor-container elementor-column-gap-default\">\n\t\t\t\t\t<div class=\"elementor-column elementor-col-100 elementor-top-column elementor-element elementor-element-17c2bca\" data-id=\"17c2bca\" data-element_type=\"column\">\n\t\t\t<div class=\"elementor-widget-wrap elementor-element-populated\">\n\t\t\t\t\t\t\t\t<div class=\"elementor-element elementor-element-8e12269 elementor-widget elementor-widget-heading\" data-id=\"8e12269\" data-element_type=\"widget\" data-widget_type=\"heading.default\">\n\t\t\t\t<div class=\"elementor-widget-container\">\n\t\t\t<h1 class=\"elementor-heading-title elementor-size-default\">\u041a\u0430\u0431\u0435\u043b\u044c<\/h1>\t\t<\/div>\n\t\t\t\t<\/div>\n\t\t\t\t\t<\/div>\n\t\t<\/div>\n\t\t\t\t\t\t\t<\/div>\n\t\t<\/section>\n\t\t\t\t<section class=\"elementor-section elementor-top-section elementor-element elementor-element-e5f2e03 elementor-section-stretched elementor-section-boxed elementor-section-height-default elementor-section-height-default\" data-id=\"e5f2e03\" data-element_type=\"section\" data-settings=\"{&quot;stretch_section&quot;:&quot;section-stretched&quot;}\">\n\t\t\t\t\t\t<div class=\"elementor-container elementor-column-gap-default\">\n\t\t\t\t\t<div class=\"elementor-column elementor-col-50 elementor-top-column elementor-element elementor-element-5222868\" data-id=\"5222868\" data-element_type=\"column\">\n\t\t\t<div class=\"elementor-widget-wrap elementor-element-populated\">\n\t\t\t\t\t\t\t\t<div class=\"elementor-element elementor-element-9251b7f elementor-pagination-position-outside elementor-widget elementor-widget-image-carousel\" data-id=\"9251b7f\" data-element_type=\"widget\" data-settings=\"{&quot;slides_to_show&quot;:&quot;1&quot;,&quot;navigation&quot;:&quot;dots&quot;,&quot;autoplay&quot;:&quot;yes&quot;,&quot;pause_on_hover&quot;:&quot;yes&quot;,&quot;pause_on_interaction&quot;:&quot;yes&quot;,&quot;autoplay_speed&quot;:5000,&quot;infinite&quot;:&quot;yes&quot;,&quot;effect&quot;:&quot;slide&quot;,&quot;speed&quot;:500}\" data-widget_type=\"image-carousel.default\">\n\t\t\t\t<div class=\"elementor-widget-container\">\n\t\t\t\t\t<div class=\"elementor-image-carousel-wrapper swiper-container\" dir=\"ltr\">\n\t\t\t<div class=\"elementor-image-carousel swiper-wrapper\">\n\t\t\t\t\t\t\t\t<div class=\"swiper-slide\"><figure class=\"swiper-slide-inner\"><img decoding=\"async\" class=\"swiper-slide-image\" src=\"https:\/\/oguzhanpvcgranul.com\/wp-content\/uploads\/2022\/01\/kablo-resim.jpg\" alt=\"kablo-resim\" \/><\/figure><\/div><div class=\"swiper-slide\"><figure class=\"swiper-slide-inner\"><img decoding=\"async\" class=\"swiper-slide-image\" src=\"https:\/\/oguzhanpvcgranul.com\/wp-content\/uploads\/2022\/01\/kablo-resim-6.jpg\" alt=\"kablo-resim-6\" \/><\/figure><\/div><div class=\"swiper-slide\"><figure class=\"swiper-slide-inner\"><img decoding=\"async\" class=\"swiper-slide-image\" src=\"https:\/\/oguzhanpvcgranul.com\/wp-content\/uploads\/2022\/02\/kablo-3.jpg\" alt=\"kablo-3\" \/><\/figure><\/div>\t\t\t<\/div>\n\t\t\t\t\t\t\t\t\t\t\t\t<div class=\"swiper-pagination\"><\/div>\n\t\t\t\t\t\t\t\t\t\t\t\t\t<\/div>\n\t\t\t\t<\/div>\n\t\t\t\t<\/div>\n\t\t\t\t\t<\/div>\n\t\t<\/div>\n\t\t\t\t<div class=\"elementor-column elementor-col-50 elementor-top-column elementor-element elementor-element-f114e3e\" data-id=\"f114e3e\" data-element_type=\"column\">\n\t\t\t<div class=\"elementor-widget-wrap elementor-element-populated\">\n\t\t\t\t\t\t\t\t<div class=\"elementor-element elementor-element-5f38da2 elementor-widget elementor-widget-text-editor\" data-id=\"5f38da2\" data-element_type=\"widget\" data-widget_type=\"text-editor.default\">\n\t\t\t\t<div class=\"elementor-widget-container\">\n\t\t\t\t\t\t\t<p style=\"text-indent: 50px;\" class=\" translation-block\">\u0413\u0440\u0430\u043d\u0443\u043b\u044b \u041f\u0412\u0425 \u044f\u0432\u043b\u044f\u044e\u0442\u0441\u044f \u043e\u0434\u043d\u0438\u043c \u0438\u0437 \u0432\u0430\u0436\u043d\u0435\u0439\u0448\u0438\u0445 \u0441\u044b\u0440\u044c\u0435\u0432\u044b\u0445 \u043c\u0430\u0442\u0435\u0440\u0438\u0430\u043b\u043e\u0432 \u043a\u0430\u0431\u0435\u043b\u044c\u043d\u043e\u0439 \u043f\u0440\u043e\u043c\u044b\u0448\u043b\u0435\u043d\u043d\u043e\u0441\u0442\u0438. \u041a\u0430\u043a O\u011fuzhan Pvc Gran\u00fcl, \u043c\u044b \u0440\u0430\u0431\u043e\u0442\u0430\u0435\u043c \u0441\u043e \u043c\u043d\u043e\u0433\u0438\u043c\u0438 \u043a\u043e\u043c\u043f\u0430\u043d\u0438\u044f\u043c\u0438 \u043a\u0430\u0431\u0435\u043b\u044c\u043d\u043e\u0433\u043e \u0441\u0435\u043a\u0442\u043e\u0440\u0430 \u043f\u043e \u043f\u0440\u043e\u0438\u0437\u0432\u043e\u0434\u0441\u0442\u0432\u0443 \u0433\u0440\u0430\u043d\u0443\u043b \u041f\u0412\u0425, \u0443\u0441\u0442\u043e\u0439\u0447\u0438\u0432\u044b\u0445 \u043a \u043e\u0433\u043d\u044e, \u044d\u043b\u0430\u0441\u0442\u0438\u0447\u043d\u044b\u0445, \u0443\u0441\u0442\u043e\u0439\u0447\u0438\u0432\u044b\u0445 \u043a \u0445\u043e\u043b\u043e\u0434\u0443 \u0438 \u0442\u0435\u043f\u043b\u0443. \u041a\u043e\u0433\u0434\u0430 \u0443\u043f\u043e\u043c\u0438\u043d\u0430\u0435\u0442\u0441\u044f \u043a\u0430\u0431\u0435\u043b\u044c\u043d\u0430\u044f \u0433\u0440\u0430\u043d\u0443\u043b\u0430 \u041f\u0412\u0425; \u0413\u0440\u0430\u043d\u0443\u043b\u044b \u041f\u0412\u0425 \u043f\u0440\u0438\u0445\u043e\u0434\u044f\u0442 \u043d\u0430 \u0443\u043c \u0432 \u043a\u0430\u0447\u0435\u0441\u0442\u0432\u0435 \u043e\u0431\u0448\u0438\u0432\u043a\u0438, \u043d\u0430\u043f\u043e\u043b\u043d\u0435\u043d\u0438\u044f \u0438 TTR.\n\n\u041c\u044b \u043f\u0440\u043e\u0434\u043e\u043b\u0436\u0430\u0435\u043c \u043f\u0440\u043e\u0438\u0437\u0432\u043e\u0434\u0441\u0442\u0432\u043e \u0441 \u0440\u0430\u0437\u043b\u0438\u0447\u043d\u043e\u0439 \u043f\u043b\u043e\u0442\u043d\u043e\u0441\u0442\u044c\u044e, \u0442\u0432\u0435\u0440\u0434\u043e\u0441\u0442\u044c\u044e \u0438 \u0448\u0438\u0440\u043e\u043a\u0438\u043c \u0432\u044b\u0431\u043e\u0440\u043e\u043c \u0446\u0432\u0435\u0442\u043e\u0432\u044b\u0445 \u0432\u0430\u0440\u0438\u0430\u043d\u0442\u043e\u0432. \u041c\u044b \u043f\u043e\u0441\u0442\u0430\u0432\u043b\u044f\u0435\u043c \u0441\u044b\u0440\u044c\u0435 \u0434\u043b\u044f \u0448\u0438\u0440\u043e\u043a\u043e\u0433\u043e \u0441\u043f\u0435\u043a\u0442\u0440\u0430 \u043f\u0440\u043e\u043c\u044b\u0448\u043b\u0435\u043d\u043d\u044b\u0445 \u043c\u0430\u0442\u0435\u0440\u0438\u0430\u043b\u043e\u0432, \u0442\u0430\u043a\u0438\u0445 \u043a\u0430\u043a \u0443\u0441\u0442\u0430\u043d\u043e\u0432\u043e\u0447\u043d\u044b\u0435 \u043a\u0430\u0431\u0435\u043b\u0438, \u043a\u0430\u0431\u0435\u043b\u0438 \u043d\u0438\u0437\u043a\u043e\u0433\u043e \u043d\u0430\u043f\u0440\u044f\u0436\u0435\u043d\u0438\u044f, \u043a\u0430\u0431\u0435\u043b\u0438 \u0441\u0440\u0435\u0434\u043d\u0435\u0433\u043e \u043d\u0430\u043f\u0440\u044f\u0436\u0435\u043d\u0438\u044f, \u0441\u0443\u0434\u043e\u0432\u044b\u0435 \u043a\u0430\u0431\u0435\u043b\u0438, \u0431\u0435\u0437\u0433\u0430\u043b\u043e\u0433\u0435\u043d\u043d\u044b\u0435 \u0443\u0441\u0442\u0430\u043d\u043e\u0432\u043e\u0447\u043d\u044b\u0435 \u043a\u0430\u0431\u0435\u043b\u0438, \u0448\u0430\u0445\u0442\u043d\u044b\u0435 \u043a\u0430\u0431\u0435\u043b\u0438, \u0441\u0438\u0433\u043d\u0430\u043b\u044c\u043d\u044b\u0435 \u043a\u0430\u0431\u0435\u043b\u0438, \u043a\u0430\u0431\u0435\u043b\u0438 \u043f\u0435\u0440\u0435\u0434\u0430\u0447\u0438 \u0434\u0430\u043d\u043d\u044b\u0445, \u043a\u0430\u0431\u0435\u043b\u0438 \u043f\u043e\u0436\u0430\u0440\u043d\u043e\u0439 \u0441\u0438\u0433\u043d\u0430\u043b\u0438\u0437\u0430\u0446\u0438\u0438 \u0438 \u043a\u0430\u0431\u0435\u043b\u0438 \u0433\u0440\u043e\u043c\u043a\u043e\u0439 \u0441\u0432\u044f\u0437\u0438. . \u0413\u0440\u0430\u043d\u0443\u043b\u0438\u0440\u043e\u0432\u0430\u043d\u043d\u044b\u0439 \u043c\u0430\u0442\u0435\u0440\u0438\u0430\u043b \u043f\u0440\u043e\u0438\u0437\u0432\u043e\u0434\u0438\u0442\u0441\u044f \u0434\u043b\u044f \u043a\u0430\u0431\u0435\u043b\u0435\u0439 \u0441\u043f\u0435\u0446\u0438\u0430\u043b\u044c\u043d\u043e\u0433\u043e \u043d\u0430\u0437\u043d\u0430\u0447\u0435\u043d\u0438\u044f, \u0432\u044b\u0434\u0435\u0440\u0436\u0438\u0432\u0430\u044e\u0449\u0438\u0445 -40\/-60 \u0433\u0440\u0430\u0434\u0443\u0441\u043e\u0432. \u041a\u0440\u043e\u043c\u0435 \u0442\u043e\u0433\u043e, \u0432 \u0441\u043e\u043e\u0442\u0432\u0435\u0442\u0441\u0442\u0432\u0438\u0438 \u0441 \u043f\u043e\u0442\u0440\u0435\u0431\u043d\u043e\u0441\u0442\u044f\u043c\u0438 \u043f\u0440\u043e\u0438\u0437\u0432\u043e\u0434\u044f\u0442\u0441\u044f \u043a\u0430\u0431\u0435\u043b\u044c\u043d\u044b\u0435 \u0433\u0440\u0430\u043d\u0443\u043b\u044b, \u0443\u0441\u0442\u043e\u0439\u0447\u0438\u0432\u044b\u0435 \u043a \u0432\u043e\u0437\u0433\u043e\u0440\u0430\u043d\u0438\u044e (70, 90, 105, 125). \u0412 \u0441\u043e\u043e\u0442\u0432\u0435\u0442\u0441\u0442\u0432\u0438\u0438 \u0441 \u043f\u043e\u0442\u0440\u0435\u0431\u043d\u043e\u0441\u0442\u044f\u043c\u0438 \u0438 \u043e\u0436\u0438\u0434\u0430\u043d\u0438\u044f\u043c\u0438 \u043d\u0430\u0448\u0438\u0445 \u0434\u0435\u043b\u043e\u0432\u044b\u0445 \u043f\u0430\u0440\u0442\u043d\u0435\u0440\u043e\u0432 \u043a\u0430\u0431\u0435\u043b\u0438, \u043a\u043e\u0442\u043e\u0440\u044b\u0435 \u043c\u043e\u0433\u0443\u0442 \u0440\u0430\u0431\u043e\u0442\u0430\u0442\u044c \u0432 \u043f\u0440\u0435\u0441\u043d\u043e\u0439 \u0438 \u0441\u043e\u043b\u0435\u043d\u043e\u0439 \u0432\u043e\u0434\u0435, \u043a\u0430\u0431\u0435\u043b\u0438, \u0443\u0441\u0442\u043e\u0439\u0447\u0438\u0432\u044b\u0435 \u043a \u0433\u0440\u044b\u0437\u0443\u043d\u0430\u043c. \u041f\u0440\u043e\u0438\u0437\u0432\u043e\u0434\u044f\u0442\u0441\u044f \u0433\u0440\u0430\u043d\u0443\u043b\u044b \u041f\u0412\u0425, \u043f\u043e\u0434\u0445\u043e\u0434\u044f\u0449\u0438\u0435 \u0434\u043b\u044f \u043a\u0430\u0431\u0435\u043b\u0435\u0439, \u0443\u0441\u0442\u043e\u0439\u0447\u0438\u0432\u044b\u0445 \u043a \u0445\u0438\u043c\u0438\u0447\u0435\u0441\u043a\u0438\u043c \u043c\u0430\u0441\u043b\u0430\u043c.<\/p>\t\t\t\t\t\t<\/div>\n\t\t\t\t<\/div>\n\t\t\t\t\t<\/div>\n\t\t<\/div>\n\t\t\t\t\t\t\t<\/div>\n\t\t<\/section>\n\t\t\t\t<section class=\"elementor-section elementor-top-section elementor-element elementor-element-7ee9429 elementor-section-stretched elementor-section-boxed elementor-section-height-default elementor-section-height-default\" data-id=\"7ee9429\" data-element_type=\"section\" data-settings=\"{&quot;stretch_section&quot;:&quot;section-stretched&quot;}\">\n\t\t\t\t\t\t<div class=\"elementor-container elementor-column-gap-default\">\n\t\t\t\t\t<div class=\"elementor-column elementor-col-50 elementor-top-column elementor-element elementor-element-29de9fe\" data-id=\"29de9fe\" data-element_type=\"column\">\n\t\t\t<div class=\"elementor-widget-wrap\">\n\t\t\t\t\t\t\t\t\t<\/div>\n\t\t<\/div>\n\t\t\t\t<div class=\"elementor-column elementor-col-50 elementor-top-column elementor-element elementor-element-6d1d7cb\" data-id=\"6d1d7cb\" data-element_type=\"column\">\n\t\t\t<div class=\"elementor-widget-wrap elementor-element-populated\">\n\t\t\t\t\t\t\t\t<div class=\"elementor-element elementor-element-70b2627 elementor-widget elementor-widget-html\" data-id=\"70b2627\" data-element_type=\"widget\" data-widget_type=\"html.default\">\n\t\t\t\t<div class=\"elementor-widget-container\">\n\t\t\t<div class=\"hr_dots\" style=\"margin:0 auto 30px\"><span style=\"\"><\/span><span style=\"\"><\/span><span style=\"\"><\/span><\/div>\n\t\t<\/div>\n\t\t\t\t<\/div>\n\t\t\t\t<section class=\"elementor-section elementor-inner-section elementor-element elementor-element-79a79ab elementor-section-boxed elementor-section-height-default elementor-section-height-default\" data-id=\"79a79ab\" data-element_type=\"section\">\n\t\t\t\t\t\t<div class=\"elementor-container elementor-column-gap-default\">\n\t\t\t\t\t<div class=\"elementor-column elementor-col-33 elementor-inner-column elementor-element elementor-element-74d1768\" data-id=\"74d1768\" data-element_type=\"column\">\n\t\t\t<div class=\"elementor-widget-wrap elementor-element-populated\">\n\t\t\t\t\t\t\t\t<div class=\"elementor-element elementor-element-98aeee2 elementor-widget elementor-widget-text-editor\" data-id=\"98aeee2\" data-element_type=\"widget\" data-widget_type=\"text-editor.default\">\n\t\t\t\t<div class=\"elementor-widget-container\">\n\t\t\t\t\t\t\t\u043f\u0440\u0438\u043c\u0435\u0440\u043a\u0430<br>\n\u041d\u0438\u0437\u043a\u043e\u0435 \u043d\u0430\u043f\u0440\u044f\u0436\u0435\u043d\u0438\u0435<br>\n\u0421\u0440\u0435\u0434\u043d\u0435\u0435 \u043d\u0430\u043f\u0440\u044f\u0436\u0435\u043d\u0438\u0435<br>\n\u041b\u043e\u0434\u043a\u0430\t\t\t\t\t\t<\/div>\n\t\t\t\t<\/div>\n\t\t\t\t\t<\/div>\n\t\t<\/div>\n\t\t\t\t<div class=\"elementor-column elementor-col-33 elementor-inner-column elementor-element elementor-element-549371e\" data-id=\"549371e\" data-element_type=\"column\">\n\t\t\t<div class=\"elementor-widget-wrap elementor-element-populated\">\n\t\t\t\t\t\t\t\t<div class=\"elementor-element elementor-element-801ae94 elementor-widget elementor-widget-text-editor\" data-id=\"801ae94\" data-element_type=\"widget\" data-widget_type=\"text-editor.default\">\n\t\t\t\t<div class=\"elementor-widget-container\">\n\t\t\t\t\t\t\t\u0423\u0441\u0442\u0430\u043d\u043e\u0432\u043a\u0430 \u0431\u0435\u0437 \u0433\u0430\u043b\u043e\u0433\u0435\u043d\u043e\u0432<br>\n\u0428\u0430\u0445\u0442\u044b<br>\n\u0421\u0438\u0433\u043d\u0430\u043b\t\t\t\t\t\t<\/div>\n\t\t\t\t<\/div>\n\t\t\t\t\t<\/div>\n\t\t<\/div>\n\t\t\t\t<div class=\"elementor-column elementor-col-33 elementor-inner-column elementor-element elementor-element-a2daa15\" data-id=\"a2daa15\" data-element_type=\"column\">\n\t\t\t<div class=\"elementor-widget-wrap elementor-element-populated\">\n\t\t\t\t\t\t\t\t<div class=\"elementor-element elementor-element-372d954 elementor-widget elementor-widget-text-editor\" data-id=\"372d954\" data-element_type=\"widget\" data-widget_type=\"text-editor.default\">\n\t\t\t\t<div class=\"elementor-widget-container\">\n\t\t\t\t\t\t\t<p>\u0414\u0430\u043d\u043d\u044b\u0435<br \/>\u041f\u043e\u0436\u0430\u0440\u043d\u0430\u044f \u0442\u0440\u0435\u0432\u043e\u0433\u0430<br \/>\u0414\u0443\u0431\u043b\u044f\u0436<\/p>\t\t\t\t\t\t<\/div>\n\t\t\t\t<\/div>\n\t\t\t\t\t<\/div>\n\t\t<\/div>\n\t\t\t\t\t\t\t<\/div>\n\t\t<\/section>\n\t\t\t\t\t<\/div>\n\t\t<\/div>\n\t\t\t\t\t\t\t<\/div>\n\t\t<\/section>\n\t\t\t\t\t\t\t<\/div>","protected":false},"excerpt":{"rendered":"<p>Kablo Pvc Gran\u00fcl kablo sekt\u00f6r\u00fcn\u00fcn en \u00f6nemli hammaddelerinden birisidir. Alevlenmeye kar\u015f\u0131 dayan\u0131kl\u0131, elastikiyetli, so\u011fuk ve s\u0131ca\u011fa kar\u015f\u0131 g\u00fc\u00e7l\u00fc PVC gran\u00fcl \u00fcretimiyle O\u011fuzhan Pvc Gran\u00fcl olarak kablo<span class=\"excerpt-hellip\"> [\u2026]<\/span><\/p>","protected":false},"author":2,"featured_media":0,"parent":0,"menu_order":0,"comment_status":"open","ping_status":"open","template":"","meta":[],"yoast_head":"<!-- This site is optimized with the Yoast SEO plugin v19.10 - https:\/\/yoast.com\/wordpress\/plugins\/seo\/ -->\n<title>Kablo - O\u011fuzhan PVC Gran\u00fcl<\/title>\n<meta name=\"robots\" content=\"index, follow, max-snippet:-1, max-image-preview:large, max-video-preview:-1\" \/>\n<link rel=\"canonical\" href=\"https:\/\/oguzhanpvcgranul.com\/ru\/kablo\/\" \/>\n<meta property=\"og:locale\" content=\"ru_RU\" \/>\n<meta property=\"og:type\" content=\"article\" \/>\n<meta property=\"og:title\" content=\"Kablo - O\u011fuzhan PVC Gran\u00fcl\" \/>\n<meta property=\"og:description\" content=\"Kablo Pvc Gran\u00fcl kablo sekt\u00f6r\u00fcn\u00fcn en \u00f6nemli hammaddelerinden birisidir. Alevlenmeye kar\u015f\u0131 dayan\u0131kl\u0131, elastikiyetli, so\u011fuk ve s\u0131ca\u011fa kar\u015f\u0131 g\u00fc\u00e7l\u00fc PVC gran\u00fcl \u00fcretimiyle O\u011fuzhan Pvc Gran\u00fcl olarak kablo [\u2026]\" \/>\n<meta property=\"og:url\" content=\"https:\/\/oguzhanpvcgranul.com\/ru\/kablo\/\" \/>\n<meta property=\"og:site_name\" content=\"O\u011fuzhan PVC Gran\u00fcl\" \/>\n<meta property=\"article:modified_time\" content=\"2022-02-19T12:14:51+00:00\" \/>\n<meta property=\"og:image\" content=\"https:\/\/oguzhanpvcgranul.com\/wp-content\/uploads\/2022\/01\/kablo-resim.jpg\" \/>\n<meta name=\"twitter:card\" content=\"summary_large_image\" \/>\n<meta name=\"twitter:label1\" content=\"\u041f\u0440\u0438\u043c\u0435\u0440\u043d\u043e\u0435 \u0432\u0440\u0435\u043c\u044f \u0434\u043b\u044f \u0447\u0442\u0435\u043d\u0438\u044f\" \/>\n\t<meta name=\"twitter:data1\" content=\"2 \u043c\u0438\u043d\u0443\u0442\u044b\" \/>\n<script type=\"application\/ld+json\" class=\"yoast-schema-graph\">{\"@context\":\"https:\/\/schema.org\",\"@graph\":[{\"@type\":\"WebPage\",\"@id\":\"https:\/\/oguzhanpvcgranul.com\/kablo\/\",\"url\":\"https:\/\/oguzhanpvcgranul.com\/kablo\/\",\"name\":\"Kablo - O\u011fuzhan PVC Gran\u00fcl\",\"isPartOf\":{\"@id\":\"https:\/\/oguzhanpvcgranul.com\/#website\"},\"datePublished\":\"2021-12-27T14:32:55+00:00\",\"dateModified\":\"2022-02-19T12:14:51+00:00\",\"inLanguage\":\"ru-RU\",\"potentialAction\":[{\"@type\":\"ReadAction\",\"target\":[\"https:\/\/oguzhanpvcgranul.com\/kablo\/\"]}]},{\"@type\":\"WebSite\",\"@id\":\"https:\/\/oguzhanpvcgranul.com\/#website\",\"url\":\"https:\/\/oguzhanpvcgranul.com\/\",\"name\":\"O\u011fuzhan PVC Gran\u00fcl\",\"description\":\"Ar-Ge, \u0130hracat, Kalite\",\"potentialAction\":[{\"@type\":\"SearchAction\",\"target\":{\"@type\":\"EntryPoint\",\"urlTemplate\":\"https:\/\/oguzhanpvcgranul.com\/?s={search_term_string}\"},\"query-input\":\"required name=search_term_string\"}],\"inLanguage\":\"ru-RU\"}]}<\/script>\n<!-- \/ Yoast SEO plugin. -->","yoast_head_json":{"title":"Kablo - O\u011fuzhan PVC Gran\u00fcl","robots":{"index":"index","follow":"follow","max-snippet":"max-snippet:-1","max-image-preview":"max-image-preview:large","max-video-preview":"max-video-preview:-1"},"canonical":"https:\/\/oguzhanpvcgranul.com\/ru\/kablo\/","og_locale":"ru_RU","og_type":"article","og_title":"Kablo - O\u011fuzhan PVC Gran\u00fcl","og_description":"Kablo Pvc Gran\u00fcl kablo sekt\u00f6r\u00fcn\u00fcn en \u00f6nemli hammaddelerinden birisidir. Alevlenmeye kar\u015f\u0131 dayan\u0131kl\u0131, elastikiyetli, so\u011fuk ve s\u0131ca\u011fa kar\u015f\u0131 g\u00fc\u00e7l\u00fc PVC gran\u00fcl \u00fcretimiyle O\u011fuzhan Pvc Gran\u00fcl olarak kablo [\u2026]","og_url":"https:\/\/oguzhanpvcgranul.com\/ru\/kablo\/","og_site_name":"O\u011fuzhan PVC Gran\u00fcl","article_modified_time":"2022-02-19T12:14:51+00:00","og_image":[{"url":"https:\/\/oguzhanpvcgranul.com\/wp-content\/uploads\/2022\/01\/kablo-resim.jpg"}],"twitter_card":"summary_large_image","twitter_misc":{"\u041f\u0440\u0438\u043c\u0435\u0440\u043d\u043e\u0435 \u0432\u0440\u0435\u043c\u044f \u0434\u043b\u044f \u0447\u0442\u0435\u043d\u0438\u044f":"2 \u043c\u0438\u043d\u0443\u0442\u044b"},"schema":{"@context":"https:\/\/schema.org","@graph":[{"@type":"WebPage","@id":"https:\/\/oguzhanpvcgranul.com\/kablo\/","url":"https:\/\/oguzhanpvcgranul.com\/kablo\/","name":"Kablo - O\u011fuzhan PVC Gran\u00fcl","isPartOf":{"@id":"https:\/\/oguzhanpvcgranul.com\/#website"},"datePublished":"2021-12-27T14:32:55+00:00","dateModified":"2022-02-19T12:14:51+00:00","inLanguage":"ru-RU","potentialAction":[{"@type":"ReadAction","target":["https:\/\/oguzhanpvcgranul.com\/kablo\/"]}]},{"@type":"WebSite","@id":"https:\/\/oguzhanpvcgranul.com\/#website","url":"https:\/\/oguzhanpvcgranul.com\/","name":"O\u011fuzhan PVC Gran\u00fcl","description":"Ar-Ge, \u0130hracat, Kalite","potentialAction":[{"@type":"SearchAction","target":{"@type":"EntryPoint","urlTemplate":"https:\/\/oguzhanpvcgranul.com\/?s={search_term_string}"},"query-input":"required name=search_term_string"}],"inLanguage":"ru-RU"}]}},"_links":{"self":[{"href":"https:\/\/oguzhanpvcgranul.com\/ru\/wp-json\/wp\/v2\/pages\/2612"}],"collection":[{"href":"https:\/\/oguzhanpvcgranul.com\/ru\/wp-json\/wp\/v2\/pages"}],"about":[{"href":"https:\/\/oguzhanpvcgranul.com\/ru\/wp-json\/wp\/v2\/types\/page"}],"author":[{"embeddable":true,"href":"https:\/\/oguzhanpvcgranul.com\/ru\/wp-json\/wp\/v2\/users\/2"}],"replies":[{"embeddable":true,"href":"https:\/\/oguzhanpvcgranul.com\/ru\/wp-json\/wp\/v2\/comments?post=2612"}],"version-history":[{"count":81,"href":"https:\/\/oguzhanpvcgranul.com\/ru\/wp-json\/wp\/v2\/pages\/2612\/revisions"}],"predecessor-version":[{"id":3831,"href":"https:\/\/oguzhanpvcgranul.com\/ru\/wp-json\/wp\/v2\/pages\/2612\/revisions\/3831"}],"wp:attachment":[{"href":"https:\/\/oguzhanpvcgranul.com\/ru\/wp-json\/wp\/v2\/media?parent=2612"}],"curies":[{"name":"wp","href":"https:\/\/api.w.org\/{rel}","templated":true}]}}