{"id":2886,"date":"2022-01-03T17:46:59","date_gmt":"2022-01-03T17:46:59","guid":{"rendered":"http:\/\/oguzhanpvcgranul.com\/?page_id=2886"},"modified":"2022-02-19T12:30:34","modified_gmt":"2022-02-19T12:30:34","slug":"beyaz-esya","status":"publish","type":"page","link":"https:\/\/oguzhanpvcgranul.com\/ru\/beyaz-esya\/","title":{"rendered":"\u0411\u044b\u0442\u043e\u0432\u0430\u044f \u0442\u0435\u0445\u043d\u0438\u043a\u0430"},"content":{"rendered":"<div data-elementor-type=\"wp-page\" data-elementor-id=\"2886\" class=\"elementor elementor-2886\">\n\t\t\t\t\t\t\t\t\t<section class=\"elementor-section elementor-top-section elementor-element elementor-element-34aa410 elementor-section-boxed elementor-section-height-default elementor-section-height-default\" data-id=\"34aa410\" data-element_type=\"section\">\n\t\t\t\t\t\t<div class=\"elementor-container elementor-column-gap-default\">\n\t\t\t\t\t<div class=\"elementor-column elementor-col-100 elementor-top-column elementor-element elementor-element-17c2bca\" data-id=\"17c2bca\" data-element_type=\"column\">\n\t\t\t<div class=\"elementor-widget-wrap elementor-element-populated\">\n\t\t\t\t\t\t\t\t<div class=\"elementor-element elementor-element-8e12269 elementor-widget elementor-widget-heading\" data-id=\"8e12269\" data-element_type=\"widget\" data-widget_type=\"heading.default\">\n\t\t\t\t<div class=\"elementor-widget-container\">\n\t\t\t<h1 class=\"elementor-heading-title elementor-size-default\">\u0411\u044b\u0442\u043e\u0432\u0430\u044f \u0442\u0435\u0445\u043d\u0438\u043a\u0430<\/h1>\t\t<\/div>\n\t\t\t\t<\/div>\n\t\t\t\t\t<\/div>\n\t\t<\/div>\n\t\t\t\t\t\t\t<\/div>\n\t\t<\/section>\n\t\t\t\t<section class=\"elementor-section elementor-top-section elementor-element elementor-element-e5f2e03 elementor-section-stretched elementor-section-boxed elementor-section-height-default elementor-section-height-default\" data-id=\"e5f2e03\" data-element_type=\"section\" data-settings=\"{&quot;stretch_section&quot;:&quot;section-stretched&quot;}\">\n\t\t\t\t\t\t<div class=\"elementor-container elementor-column-gap-default\">\n\t\t\t\t\t<div class=\"elementor-column elementor-col-50 elementor-top-column elementor-element elementor-element-5222868\" data-id=\"5222868\" data-element_type=\"column\">\n\t\t\t<div class=\"elementor-widget-wrap elementor-element-populated\">\n\t\t\t\t\t\t\t\t<div class=\"elementor-element elementor-element-5732834 elementor-widget elementor-widget-image\" data-id=\"5732834\" data-element_type=\"widget\" data-widget_type=\"image.default\">\n\t\t\t\t<div class=\"elementor-widget-container\">\n\t\t\t\t\t\t\t\t\t\t\t\t\t\t\t<img decoding=\"async\" width=\"544\" height=\"385\" src=\"https:\/\/oguzhanpvcgranul.com\/wp-content\/uploads\/2022\/01\/beyaz-esya-resim.jpg\" class=\"attachment-full size-full\" alt=\"\" loading=\"lazy\" srcset=\"https:\/\/oguzhanpvcgranul.com\/wp-content\/uploads\/2022\/01\/beyaz-esya-resim.jpg 544w, https:\/\/oguzhanpvcgranul.com\/wp-content\/uploads\/2022\/01\/beyaz-esya-resim-300x212.jpg 300w, https:\/\/oguzhanpvcgranul.com\/wp-content\/uploads\/2022\/01\/beyaz-esya-resim-206x146.jpg 206w, https:\/\/oguzhanpvcgranul.com\/wp-content\/uploads\/2022\/01\/beyaz-esya-resim-50x35.jpg 50w, https:\/\/oguzhanpvcgranul.com\/wp-content\/uploads\/2022\/01\/beyaz-esya-resim-106x75.jpg 106w\" sizes=\"(max-width: 544px) 100vw, 544px\" \/>\t\t\t\t\t\t\t\t\t\t\t\t\t\t\t<\/div>\n\t\t\t\t<\/div>\n\t\t\t\t\t<\/div>\n\t\t<\/div>\n\t\t\t\t<div class=\"elementor-column elementor-col-50 elementor-top-column elementor-element elementor-element-f114e3e\" data-id=\"f114e3e\" data-element_type=\"column\">\n\t\t\t<div class=\"elementor-widget-wrap elementor-element-populated\">\n\t\t\t\t\t\t\t\t<div class=\"elementor-element elementor-element-5f38da2 elementor-widget elementor-widget-text-editor\" data-id=\"5f38da2\" data-element_type=\"widget\" data-widget_type=\"text-editor.default\">\n\t\t\t\t<div class=\"elementor-widget-container\">\n\t\t\t\t\t\t\t<p style=\"text-indent: 50px;\" class=\" translation-block\">\u0421\u0443\u0449\u0435\u0441\u0442\u0432\u0443\u044e\u0442 \u043c\u0430\u0442\u0435\u0440\u0438\u0430\u043b\u044b, \u043f\u0440\u043e\u0438\u0437\u0432\u0435\u0434\u0435\u043d\u043d\u044b\u0435 \u0441 \u0438\u0441\u043f\u043e\u043b\u044c\u0437\u043e\u0432\u0430\u043d\u0438\u0435\u043c \u0441\u044b\u0440\u044c\u044f \u0438\u0437 \u0433\u0440\u0430\u043d\u0443\u043b \u041f\u0412\u0425 \u0432 \u0440\u0430\u0437\u043b\u0438\u0447\u043d\u044b\u0445 \u0442\u043e\u0447\u043a\u0430\u0445, \u043e\u0441\u043e\u0431\u0435\u043d\u043d\u043e \u0432 \u0438\u043d\u0442\u0435\u0440\u044c\u0435\u0440\u0435 \u0431\u044b\u0442\u043e\u0432\u043e\u0439 \u0442\u0435\u0445\u043d\u0438\u043a\u0438. \u042d\u0442\u0438 \u043c\u0430\u0442\u0435\u0440\u0438\u0430\u043b\u044b \u043f\u0440\u0435\u0434\u0441\u0442\u0430\u0432\u043b\u044f\u044e\u0442 \u0441\u043e\u0431\u043e\u0439 \u043c\u044f\u0433\u043a\u0438\u0435 \u0433\u0440\u0430\u043d\u0443\u043b\u044b \u041f\u0412\u0425, \u0438\u0441\u043f\u043e\u043b\u044c\u0437\u0443\u0435\u043c\u044b\u0435 \u0432 \u043a\u0430\u0431\u0435\u043b\u044c\u043d\u044b\u0445 \u0434\u0435\u0442\u0430\u043b\u044f\u0445, \u0434\u0435\u0442\u0430\u043b\u044f\u0445 \u0434\u043b\u044f \u043b\u0438\u0442\u044c\u044f \u043f\u043e\u0434 \u0434\u0430\u0432\u043b\u0435\u043d\u0438\u0435\u043c \u0438 \u044d\u043a\u0441\u0442\u0440\u0443\u0437\u0438\u043e\u043d\u043d\u044b\u0445 \u043f\u0440\u0438\u043c\u0435\u043d\u0435\u043d\u0438\u044f\u0445 \u0431\u044b\u0442\u043e\u0432\u043e\u0439 \u0442\u0435\u0445\u043d\u0438\u043a\u0438, \u043e\u043d\u0438 \u0438\u0441\u043f\u043e\u043b\u044c\u0437\u0443\u044e\u0442\u0441\u044f \u0432 \u043a\u0430\u0447\u0435\u0441\u0442\u0432\u0435 \u0441\u044b\u0440\u044c\u044f \u0434\u043b\u044f \u0440\u0430\u0437\u043b\u0438\u0447\u043d\u044b\u0445 \u043f\u0440\u043e\u0434\u0443\u043a\u0442\u043e\u0432 \u0431\u044b\u0442\u043e\u0432\u043e\u0439 \u0442\u0435\u0445\u043d\u0438\u043a\u0438, \u043e\u043f\u0440\u0435\u0434\u0435\u043b\u0435\u043d\u043d\u044b\u0445 \u043c\u0435\u0436\u0434\u0443\u043d\u0430\u0440\u043e\u0434\u043d\u044b\u043c\u0438 \u0441\u0442\u0430\u043d\u0434\u0430\u0440\u0442\u0430\u043c\u0438. \u0412 \u0441\u043e\u043e\u0442\u0432\u0435\u0442\u0441\u0442\u0432\u0438\u0438 \u0441 \u043e\u0436\u0438\u0434\u0430\u043d\u0438\u044f\u043c\u0438 \u043d\u0430\u0448\u0438\u0445 \u0434\u0435\u043b\u043e\u0432\u044b\u0445 \u043f\u0430\u0440\u0442\u043d\u0435\u0440\u043e\u0432 \u043c\u044b \u043f\u0440\u043e\u0438\u0437\u0432\u043e\u0434\u0438\u043c \u0433\u0440\u0430\u043d\u0443\u043b\u044b \u041f\u0412\u0425 \u0436\u0435\u043b\u0430\u0435\u043c\u043e\u0433\u043e \u043a\u0430\u0447\u0435\u0441\u0442\u0432\u0430.<\/p>\t\t\t\t\t\t<\/div>\n\t\t\t\t<\/div>\n\t\t\t\t<div class=\"elementor-element elementor-element-c48dae3 elementor-widget elementor-widget-html\" data-id=\"c48dae3\" data-element_type=\"widget\" data-widget_type=\"html.default\">\n\t\t\t\t<div class=\"elementor-widget-container\">\n\t\t\t<ul class=\"list_mixed\">\r\n\t\t<li class=\"list_check\">\u0414\u0435\u0442\u0430\u043b\u0438 \u0438\u043d\u0442\u0435\u0440\u044c\u0435\u0440\u0430 \u0431\u044b\u0442\u043e\u0432\u043e\u0439 \u0442\u0435\u0445\u043d\u0438\u043a\u0438<\/li>\r\n\t\t<li class=\"list_check\">\u041f\u0440\u043e\u0438\u0437\u0432\u043e\u0434\u0441\u0442\u0432\u043e \u0431\u044b\u0442\u043e\u0432\u043e\u0439 \u0442\u0435\u0445\u043d\u0438\u043a\u0438<\/li>\r\n\t<\/ul>\t\t<\/div>\n\t\t\t\t<\/div>\n\t\t\t\t\t<\/div>\n\t\t<\/div>\n\t\t\t\t\t\t\t<\/div>\n\t\t<\/section>\n\t\t\t\t\t\t\t<\/div>","protected":false},"excerpt":{"rendered":"<p>Beyaz E\u015fya Beyaz e\u015fya \u00fcr\u00fcnlerinin \u00f6zellikle i\u00e7 k\u0131s\u0131mlar\u0131nda \u00e7e\u015fitli noktalarda pvc gran\u00fcl hammadde kullan\u0131larak \u00fcretilen malzemeler s\u00f6z konusudur. Bu malzemeler beyaz e\u015fyan\u0131n kablo aksamlar\u0131, enjeksiyon aksamlar\u0131<span class=\"excerpt-hellip\"> [\u2026]<\/span><\/p>","protected":false},"author":2,"featured_media":0,"parent":0,"menu_order":0,"comment_status":"open","ping_status":"open","template":"","meta":[],"yoast_head":"<!-- This site is optimized with the Yoast SEO plugin v19.10 - https:\/\/yoast.com\/wordpress\/plugins\/seo\/ -->\n<title>Beyaz E\u015fya - O\u011fuzhan PVC Gran\u00fcl<\/title>\n<meta name=\"robots\" content=\"index, follow, max-snippet:-1, max-image-preview:large, max-video-preview:-1\" \/>\n<link rel=\"canonical\" href=\"https:\/\/oguzhanpvcgranul.com\/ru\/beyaz-esya\/\" \/>\n<meta property=\"og:locale\" content=\"ru_RU\" \/>\n<meta property=\"og:type\" content=\"article\" \/>\n<meta property=\"og:title\" content=\"Beyaz E\u015fya - O\u011fuzhan PVC Gran\u00fcl\" \/>\n<meta property=\"og:description\" content=\"Beyaz E\u015fya Beyaz e\u015fya \u00fcr\u00fcnlerinin \u00f6zellikle i\u00e7 k\u0131s\u0131mlar\u0131nda \u00e7e\u015fitli noktalarda pvc gran\u00fcl hammadde kullan\u0131larak \u00fcretilen malzemeler s\u00f6z konusudur. Bu malzemeler beyaz e\u015fyan\u0131n kablo aksamlar\u0131, enjeksiyon aksamlar\u0131 [\u2026]\" \/>\n<meta property=\"og:url\" content=\"https:\/\/oguzhanpvcgranul.com\/ru\/beyaz-esya\/\" \/>\n<meta property=\"og:site_name\" content=\"O\u011fuzhan PVC Gran\u00fcl\" \/>\n<meta property=\"article:modified_time\" content=\"2022-02-19T12:30:34+00:00\" \/>\n<meta property=\"og:image\" content=\"https:\/\/oguzhanpvcgranul.com\/wp-content\/uploads\/2022\/01\/beyaz-esya-resim.jpg\" \/>\n<meta name=\"twitter:card\" content=\"summary_large_image\" \/>\n<meta name=\"twitter:label1\" content=\"\u041f\u0440\u0438\u043c\u0435\u0440\u043d\u043e\u0435 \u0432\u0440\u0435\u043c\u044f \u0434\u043b\u044f \u0447\u0442\u0435\u043d\u0438\u044f\" \/>\n\t<meta name=\"twitter:data1\" content=\"1 \u043c\u0438\u043d\u0443\u0442\u0430\" \/>\n<script type=\"application\/ld+json\" class=\"yoast-schema-graph\">{\"@context\":\"https:\/\/schema.org\",\"@graph\":[{\"@type\":\"WebPage\",\"@id\":\"https:\/\/oguzhanpvcgranul.com\/beyaz-esya\/\",\"url\":\"https:\/\/oguzhanpvcgranul.com\/beyaz-esya\/\",\"name\":\"Beyaz E\u015fya - O\u011fuzhan PVC Gran\u00fcl\",\"isPartOf\":{\"@id\":\"https:\/\/oguzhanpvcgranul.com\/#website\"},\"datePublished\":\"2022-01-03T17:46:59+00:00\",\"dateModified\":\"2022-02-19T12:30:34+00:00\",\"inLanguage\":\"ru-RU\",\"potentialAction\":[{\"@type\":\"ReadAction\",\"target\":[\"https:\/\/oguzhanpvcgranul.com\/beyaz-esya\/\"]}]},{\"@type\":\"WebSite\",\"@id\":\"https:\/\/oguzhanpvcgranul.com\/#website\",\"url\":\"https:\/\/oguzhanpvcgranul.com\/\",\"name\":\"O\u011fuzhan PVC Gran\u00fcl\",\"description\":\"Ar-Ge, \u0130hracat, Kalite\",\"potentialAction\":[{\"@type\":\"SearchAction\",\"target\":{\"@type\":\"EntryPoint\",\"urlTemplate\":\"https:\/\/oguzhanpvcgranul.com\/?s={search_term_string}\"},\"query-input\":\"required name=search_term_string\"}],\"inLanguage\":\"ru-RU\"}]}<\/script>\n<!-- \/ Yoast SEO plugin. -->","yoast_head_json":{"title":"Beyaz E\u015fya - O\u011fuzhan PVC Gran\u00fcl","robots":{"index":"index","follow":"follow","max-snippet":"max-snippet:-1","max-image-preview":"max-image-preview:large","max-video-preview":"max-video-preview:-1"},"canonical":"https:\/\/oguzhanpvcgranul.com\/ru\/beyaz-esya\/","og_locale":"ru_RU","og_type":"article","og_title":"Beyaz E\u015fya - O\u011fuzhan PVC Gran\u00fcl","og_description":"Beyaz E\u015fya Beyaz e\u015fya \u00fcr\u00fcnlerinin \u00f6zellikle i\u00e7 k\u0131s\u0131mlar\u0131nda \u00e7e\u015fitli noktalarda pvc gran\u00fcl hammadde kullan\u0131larak \u00fcretilen malzemeler s\u00f6z konusudur. Bu malzemeler beyaz e\u015fyan\u0131n kablo aksamlar\u0131, enjeksiyon aksamlar\u0131 [\u2026]","og_url":"https:\/\/oguzhanpvcgranul.com\/ru\/beyaz-esya\/","og_site_name":"O\u011fuzhan PVC Gran\u00fcl","article_modified_time":"2022-02-19T12:30:34+00:00","og_image":[{"url":"https:\/\/oguzhanpvcgranul.com\/wp-content\/uploads\/2022\/01\/beyaz-esya-resim.jpg"}],"twitter_card":"summary_large_image","twitter_misc":{"\u041f\u0440\u0438\u043c\u0435\u0440\u043d\u043e\u0435 \u0432\u0440\u0435\u043c\u044f \u0434\u043b\u044f \u0447\u0442\u0435\u043d\u0438\u044f":"1 \u043c\u0438\u043d\u0443\u0442\u0430"},"schema":{"@context":"https:\/\/schema.org","@graph":[{"@type":"WebPage","@id":"https:\/\/oguzhanpvcgranul.com\/beyaz-esya\/","url":"https:\/\/oguzhanpvcgranul.com\/beyaz-esya\/","name":"Beyaz E\u015fya - O\u011fuzhan PVC Gran\u00fcl","isPartOf":{"@id":"https:\/\/oguzhanpvcgranul.com\/#website"},"datePublished":"2022-01-03T17:46:59+00:00","dateModified":"2022-02-19T12:30:34+00:00","inLanguage":"ru-RU","potentialAction":[{"@type":"ReadAction","target":["https:\/\/oguzhanpvcgranul.com\/beyaz-esya\/"]}]},{"@type":"WebSite","@id":"https:\/\/oguzhanpvcgranul.com\/#website","url":"https:\/\/oguzhanpvcgranul.com\/","name":"O\u011fuzhan PVC Gran\u00fcl","description":"Ar-Ge, \u0130hracat, Kalite","potentialAction":[{"@type":"SearchAction","target":{"@type":"EntryPoint","urlTemplate":"https:\/\/oguzhanpvcgranul.com\/?s={search_term_string}"},"query-input":"required name=search_term_string"}],"inLanguage":"ru-RU"}]}},"_links":{"self":[{"href":"https:\/\/oguzhanpvcgranul.com\/ru\/wp-json\/wp\/v2\/pages\/2886"}],"collection":[{"href":"https:\/\/oguzhanpvcgranul.com\/ru\/wp-json\/wp\/v2\/pages"}],"about":[{"href":"https:\/\/oguzhanpvcgranul.com\/ru\/wp-json\/wp\/v2\/types\/page"}],"author":[{"embeddable":true,"href":"https:\/\/oguzhanpvcgranul.com\/ru\/wp-json\/wp\/v2\/users\/2"}],"replies":[{"embeddable":true,"href":"https:\/\/oguzhanpvcgranul.com\/ru\/wp-json\/wp\/v2\/comments?post=2886"}],"version-history":[{"count":16,"href":"https:\/\/oguzhanpvcgranul.com\/ru\/wp-json\/wp\/v2\/pages\/2886\/revisions"}],"predecessor-version":[{"id":3847,"href":"https:\/\/oguzhanpvcgranul.com\/ru\/wp-json\/wp\/v2\/pages\/2886\/revisions\/3847"}],"wp:attachment":[{"href":"https:\/\/oguzhanpvcgranul.com\/ru\/wp-json\/wp\/v2\/media?parent=2886"}],"curies":[{"name":"wp","href":"https:\/\/api.w.org\/{rel}","templated":true}]}}