{"id":3616,"date":"2022-02-09T12:29:20","date_gmt":"2022-02-09T12:29:20","guid":{"rendered":"https:\/\/oguzhanpvcgranul.com\/?page_id=3616"},"modified":"2025-05-12T12:16:24","modified_gmt":"2025-05-12T12:16:24","slug":"cizmelik-pvc","status":"publish","type":"page","link":"https:\/\/oguzhanpvcgranul.com\/ru\/cizmelik-pvc\/","title":{"rendered":"\u0421\u0430\u043f\u043e\u0433\u0438 \u041f\u0412\u0425"},"content":{"rendered":"<div data-elementor-type=\"wp-page\" data-elementor-id=\"3616\" class=\"elementor elementor-3616\">\n\t\t\t\t\t\t\t\t\t<section class=\"elementor-section elementor-top-section elementor-element elementor-element-34aa410 elementor-section-boxed elementor-section-height-default elementor-section-height-default\" data-id=\"34aa410\" data-element_type=\"section\">\n\t\t\t\t\t\t<div class=\"elementor-container elementor-column-gap-default\">\n\t\t\t\t\t<div class=\"elementor-column elementor-col-100 elementor-top-column elementor-element elementor-element-17c2bca\" data-id=\"17c2bca\" data-element_type=\"column\">\n\t\t\t<div class=\"elementor-widget-wrap elementor-element-populated\">\n\t\t\t\t\t\t\t\t<div class=\"elementor-element elementor-element-8e12269 elementor-widget elementor-widget-heading\" data-id=\"8e12269\" data-element_type=\"widget\" data-widget_type=\"heading.default\">\n\t\t\t\t<div class=\"elementor-widget-container\">\n\t\t\t<h1 class=\"elementor-heading-title elementor-size-default\">\u0421\u0430\u043f\u043e\u0433\u0438 \u041f\u0412\u0425<\/h1>\t\t<\/div>\n\t\t\t\t<\/div>\n\t\t\t\t\t<\/div>\n\t\t<\/div>\n\t\t\t\t\t\t\t<\/div>\n\t\t<\/section>\n\t\t\t\t<section class=\"elementor-section elementor-top-section elementor-element elementor-element-e5f2e03 elementor-section-stretched elementor-section-boxed elementor-section-height-default elementor-section-height-default\" data-id=\"e5f2e03\" data-element_type=\"section\" data-settings=\"{&quot;stretch_section&quot;:&quot;section-stretched&quot;}\">\n\t\t\t\t\t\t<div class=\"elementor-container elementor-column-gap-default\">\n\t\t\t\t\t<div class=\"elementor-column elementor-col-50 elementor-top-column elementor-element elementor-element-5222868\" data-id=\"5222868\" data-element_type=\"column\">\n\t\t\t<div class=\"elementor-widget-wrap elementor-element-populated\">\n\t\t\t\t\t\t\t\t<div class=\"elementor-element elementor-element-4ce6598 elementor-pagination-position-outside elementor-widget elementor-widget-image-carousel\" data-id=\"4ce6598\" data-element_type=\"widget\" data-settings=\"{&quot;slides_to_show&quot;:&quot;1&quot;,&quot;navigation&quot;:&quot;dots&quot;,&quot;autoplay&quot;:&quot;yes&quot;,&quot;pause_on_hover&quot;:&quot;yes&quot;,&quot;pause_on_interaction&quot;:&quot;yes&quot;,&quot;autoplay_speed&quot;:5000,&quot;infinite&quot;:&quot;yes&quot;,&quot;effect&quot;:&quot;slide&quot;,&quot;speed&quot;:500}\" data-widget_type=\"image-carousel.default\">\n\t\t\t\t<div class=\"elementor-widget-container\">\n\t\t\t\t\t<div class=\"elementor-image-carousel-wrapper swiper-container\" dir=\"ltr\">\n\t\t\t<div class=\"elementor-image-carousel swiper-wrapper\">\n\t\t\t\t\t\t\t\t<div class=\"swiper-slide\"><figure class=\"swiper-slide-inner\"><img decoding=\"async\" class=\"swiper-slide-image\" src=\"https:\/\/oguzhanpvcgranul.com\/wp-content\/uploads\/2022\/02\/cizmelik-pvc-01.jpg\" alt=\"cizmelik-pvc-01\" \/><\/figure><\/div><div class=\"swiper-slide\"><figure class=\"swiper-slide-inner\"><img decoding=\"async\" class=\"swiper-slide-image\" src=\"https:\/\/oguzhanpvcgranul.com\/wp-content\/uploads\/2022\/02\/cizmelik-pvc-02.jpg\" alt=\"cizmelik-pvc-02\" \/><\/figure><\/div><div class=\"swiper-slide\"><figure class=\"swiper-slide-inner\"><img decoding=\"async\" class=\"swiper-slide-image\" src=\"https:\/\/oguzhanpvcgranul.com\/wp-content\/uploads\/2022\/02\/cizmelik-pvc-03.jpg\" alt=\"cizmelik-pvc-03\" \/><\/figure><\/div><div class=\"swiper-slide\"><figure class=\"swiper-slide-inner\"><img decoding=\"async\" class=\"swiper-slide-image\" src=\"https:\/\/oguzhanpvcgranul.com\/wp-content\/uploads\/2022\/02\/cizmelik-pvc-04.jpg\" alt=\"cizmelik-pvc-04\" \/><\/figure><\/div><div class=\"swiper-slide\"><figure class=\"swiper-slide-inner\"><img decoding=\"async\" class=\"swiper-slide-image\" src=\"https:\/\/oguzhanpvcgranul.com\/wp-content\/uploads\/2022\/02\/cizmelik-pvc-05.jpg\" alt=\"cizmelik-pvc-05\" \/><\/figure><\/div><div class=\"swiper-slide\"><figure class=\"swiper-slide-inner\"><img decoding=\"async\" class=\"swiper-slide-image\" src=\"https:\/\/oguzhanpvcgranul.com\/wp-content\/uploads\/2022\/02\/cizmelik-pvc-06.jpg\" alt=\"cizmelik-pvc-06\" \/><\/figure><\/div><div class=\"swiper-slide\"><figure class=\"swiper-slide-inner\"><img decoding=\"async\" class=\"swiper-slide-image\" src=\"https:\/\/oguzhanpvcgranul.com\/wp-content\/uploads\/2022\/02\/cizmelik-pvc-07.jpg\" alt=\"cizmelik-pvc-07\" \/><\/figure><\/div>\t\t\t<\/div>\n\t\t\t\t\t\t\t\t\t\t\t\t<div class=\"swiper-pagination\"><\/div>\n\t\t\t\t\t\t\t\t\t\t\t\t\t<\/div>\n\t\t\t\t<\/div>\n\t\t\t\t<\/div>\n\t\t\t\t\t<\/div>\n\t\t<\/div>\n\t\t\t\t<div class=\"elementor-column elementor-col-50 elementor-top-column elementor-element elementor-element-f114e3e\" data-id=\"f114e3e\" data-element_type=\"column\">\n\t\t\t<div class=\"elementor-widget-wrap elementor-element-populated\">\n\t\t\t\t\t\t\t\t<div class=\"elementor-element elementor-element-5f38da2 elementor-widget elementor-widget-text-editor\" data-id=\"5f38da2\" data-element_type=\"widget\" data-widget_type=\"text-editor.default\">\n\t\t\t\t<div class=\"elementor-widget-container\">\n\t\t\t\t\t\t\t<p style=\"text-indent: 50px;\"><span class=\"OYPEnA font-feature-liga-off font-feature-clig-off font-feature-calt-off text-decoration-none text-strikethrough-none\">&#8220;O\u011fuzhan PVC Gran\u00fcl olarak, <strong>\u00e7izme \u00fcretimi yapan firmalar\u0131n<\/strong> ihtiya\u00e7lar\u0131na \u00f6zel \u00e7\u00f6z\u00fcmler sunuyor; istenilen teknik \u00f6zellikler, renkler ve sertlik derecelerinde, talep edilen miktarlarda <strong>y\u00fcksek kaliteli PVC Gran\u00fcl hammadde \u00fcretimi ger\u00e7ekle\u015ftiriyoruz.<\/strong> M\u00fc\u015fterilerimizin \u00fcretim s\u00fcre\u00e7lerine en uygun form\u00fclasyonlar\u0131 geli\u015ftirerek, verimliliklerini art\u0131rmay\u0131 ve nihai \u00fcr\u00fcn kalitesini <strong>y\u00fckseltmeyi<\/strong> hedefliyoruz.&#8221;<\/span><\/p>\t\t\t\t\t\t<\/div>\n\t\t\t\t<\/div>\n\t\t\t\t\t<\/div>\n\t\t<\/div>\n\t\t\t\t\t\t\t<\/div>\n\t\t<\/section>\n\t\t\t\t\t\t\t<\/div>","protected":false},"excerpt":{"rendered":"<p>\u00c7izmelik PVC &#8220;O\u011fuzhan PVC Gran\u00fcl olarak, \u00e7izme \u00fcretimi yapan firmalar\u0131n ihtiya\u00e7lar\u0131na \u00f6zel \u00e7\u00f6z\u00fcmler sunuyor; istenilen teknik \u00f6zellikler, renkler ve sertlik derecelerinde, talep edilen miktarlarda y\u00fcksek kaliteli<span class=\"excerpt-hellip\"> [\u2026]<\/span><\/p>","protected":false},"author":2,"featured_media":0,"parent":0,"menu_order":0,"comment_status":"open","ping_status":"open","template":"","meta":[],"yoast_head":"<!-- This site is optimized with the Yoast SEO plugin v19.10 - https:\/\/yoast.com\/wordpress\/plugins\/seo\/ -->\n<title>\u00c7izmelik PVC - O\u011fuzhan PVC Gran\u00fcl<\/title>\n<meta name=\"robots\" content=\"index, follow, max-snippet:-1, max-image-preview:large, max-video-preview:-1\" \/>\n<link rel=\"canonical\" href=\"https:\/\/oguzhanpvcgranul.com\/ru\/cizmelik-pvc\/\" \/>\n<meta property=\"og:locale\" content=\"ru_RU\" \/>\n<meta property=\"og:type\" content=\"article\" \/>\n<meta property=\"og:title\" content=\"\u00c7izmelik PVC - O\u011fuzhan PVC Gran\u00fcl\" \/>\n<meta property=\"og:description\" content=\"\u00c7izmelik PVC &#8220;O\u011fuzhan PVC Gran\u00fcl olarak, \u00e7izme \u00fcretimi yapan firmalar\u0131n ihtiya\u00e7lar\u0131na \u00f6zel \u00e7\u00f6z\u00fcmler sunuyor; istenilen teknik \u00f6zellikler, renkler ve sertlik derecelerinde, talep edilen miktarlarda y\u00fcksek kaliteli [\u2026]\" \/>\n<meta property=\"og:url\" content=\"https:\/\/oguzhanpvcgranul.com\/ru\/cizmelik-pvc\/\" \/>\n<meta property=\"og:site_name\" content=\"O\u011fuzhan PVC Gran\u00fcl\" \/>\n<meta property=\"article:modified_time\" content=\"2025-05-12T12:16:24+00:00\" \/>\n<meta property=\"og:image\" content=\"https:\/\/oguzhanpvcgranul.com\/wp-content\/uploads\/2022\/02\/cizmelik-pvc-01.jpg\" \/>\n<meta name=\"twitter:card\" content=\"summary_large_image\" \/>\n<meta name=\"twitter:label1\" content=\"\u041f\u0440\u0438\u043c\u0435\u0440\u043d\u043e\u0435 \u0432\u0440\u0435\u043c\u044f \u0434\u043b\u044f \u0447\u0442\u0435\u043d\u0438\u044f\" \/>\n\t<meta name=\"twitter:data1\" content=\"3 \u043c\u0438\u043d\u0443\u0442\u044b\" \/>\n<script type=\"application\/ld+json\" class=\"yoast-schema-graph\">{\"@context\":\"https:\/\/schema.org\",\"@graph\":[{\"@type\":\"WebPage\",\"@id\":\"https:\/\/oguzhanpvcgranul.com\/tr_TR\/cizmelik-pvc\/\",\"url\":\"https:\/\/oguzhanpvcgranul.com\/tr_TR\/cizmelik-pvc\/\",\"name\":\"\u00c7izmelik PVC - O\u011fuzhan PVC Gran\u00fcl\",\"isPartOf\":{\"@id\":\"https:\/\/oguzhanpvcgranul.com\/#website\"},\"datePublished\":\"2022-02-09T12:29:20+00:00\",\"dateModified\":\"2025-05-12T12:16:24+00:00\",\"inLanguage\":\"ru-RU\",\"potentialAction\":[{\"@type\":\"ReadAction\",\"target\":[\"https:\/\/oguzhanpvcgranul.com\/tr_TR\/cizmelik-pvc\/\"]}]},{\"@type\":\"WebSite\",\"@id\":\"https:\/\/oguzhanpvcgranul.com\/#website\",\"url\":\"https:\/\/oguzhanpvcgranul.com\/\",\"name\":\"O\u011fuzhan PVC Gran\u00fcl\",\"description\":\"Ar-Ge, \u0130hracat, Kalite\",\"potentialAction\":[{\"@type\":\"SearchAction\",\"target\":{\"@type\":\"EntryPoint\",\"urlTemplate\":\"https:\/\/oguzhanpvcgranul.com\/?s={search_term_string}\"},\"query-input\":\"required name=search_term_string\"}],\"inLanguage\":\"ru-RU\"}]}<\/script>\n<!-- \/ Yoast SEO plugin. -->","yoast_head_json":{"title":"\u00c7izmelik PVC - O\u011fuzhan PVC Gran\u00fcl","robots":{"index":"index","follow":"follow","max-snippet":"max-snippet:-1","max-image-preview":"max-image-preview:large","max-video-preview":"max-video-preview:-1"},"canonical":"https:\/\/oguzhanpvcgranul.com\/ru\/cizmelik-pvc\/","og_locale":"ru_RU","og_type":"article","og_title":"\u00c7izmelik PVC - O\u011fuzhan PVC Gran\u00fcl","og_description":"\u00c7izmelik PVC &#8220;O\u011fuzhan PVC Gran\u00fcl olarak, \u00e7izme \u00fcretimi yapan firmalar\u0131n ihtiya\u00e7lar\u0131na \u00f6zel \u00e7\u00f6z\u00fcmler sunuyor; istenilen teknik \u00f6zellikler, renkler ve sertlik derecelerinde, talep edilen miktarlarda y\u00fcksek kaliteli [\u2026]","og_url":"https:\/\/oguzhanpvcgranul.com\/ru\/cizmelik-pvc\/","og_site_name":"O\u011fuzhan PVC Gran\u00fcl","article_modified_time":"2025-05-12T12:16:24+00:00","og_image":[{"url":"https:\/\/oguzhanpvcgranul.com\/wp-content\/uploads\/2022\/02\/cizmelik-pvc-01.jpg"}],"twitter_card":"summary_large_image","twitter_misc":{"\u041f\u0440\u0438\u043c\u0435\u0440\u043d\u043e\u0435 \u0432\u0440\u0435\u043c\u044f \u0434\u043b\u044f \u0447\u0442\u0435\u043d\u0438\u044f":"3 \u043c\u0438\u043d\u0443\u0442\u044b"},"schema":{"@context":"https:\/\/schema.org","@graph":[{"@type":"WebPage","@id":"https:\/\/oguzhanpvcgranul.com\/tr_TR\/cizmelik-pvc\/","url":"https:\/\/oguzhanpvcgranul.com\/tr_TR\/cizmelik-pvc\/","name":"\u00c7izmelik PVC - O\u011fuzhan PVC Gran\u00fcl","isPartOf":{"@id":"https:\/\/oguzhanpvcgranul.com\/#website"},"datePublished":"2022-02-09T12:29:20+00:00","dateModified":"2025-05-12T12:16:24+00:00","inLanguage":"ru-RU","potentialAction":[{"@type":"ReadAction","target":["https:\/\/oguzhanpvcgranul.com\/tr_TR\/cizmelik-pvc\/"]}]},{"@type":"WebSite","@id":"https:\/\/oguzhanpvcgranul.com\/#website","url":"https:\/\/oguzhanpvcgranul.com\/","name":"O\u011fuzhan PVC Gran\u00fcl","description":"Ar-Ge, \u0130hracat, Kalite","potentialAction":[{"@type":"SearchAction","target":{"@type":"EntryPoint","urlTemplate":"https:\/\/oguzhanpvcgranul.com\/?s={search_term_string}"},"query-input":"required name=search_term_string"}],"inLanguage":"ru-RU"}]}},"_links":{"self":[{"href":"https:\/\/oguzhanpvcgranul.com\/ru\/wp-json\/wp\/v2\/pages\/3616"}],"collection":[{"href":"https:\/\/oguzhanpvcgranul.com\/ru\/wp-json\/wp\/v2\/pages"}],"about":[{"href":"https:\/\/oguzhanpvcgranul.com\/ru\/wp-json\/wp\/v2\/types\/page"}],"author":[{"embeddable":true,"href":"https:\/\/oguzhanpvcgranul.com\/ru\/wp-json\/wp\/v2\/users\/2"}],"replies":[{"embeddable":true,"href":"https:\/\/oguzhanpvcgranul.com\/ru\/wp-json\/wp\/v2\/comments?post=3616"}],"version-history":[{"count":16,"href":"https:\/\/oguzhanpvcgranul.com\/ru\/wp-json\/wp\/v2\/pages\/3616\/revisions"}],"predecessor-version":[{"id":3950,"href":"https:\/\/oguzhanpvcgranul.com\/ru\/wp-json\/wp\/v2\/pages\/3616\/revisions\/3950"}],"wp:attachment":[{"href":"https:\/\/oguzhanpvcgranul.com\/ru\/wp-json\/wp\/v2\/media?parent=3616"}],"curies":[{"name":"wp","href":"https:\/\/api.w.org\/{rel}","templated":true}]}}