{"id":2307,"date":"2015-03-02T11:46:04","date_gmt":"2015-03-02T11:46:04","guid":{"rendered":"http:\/\/themes.muffingroup.com\/be\/university\/?page_id=2307"},"modified":"2022-02-19T12:11:25","modified_gmt":"2022-02-19T12:11:25","slug":"hakkimizda","status":"publish","type":"page","link":"https:\/\/oguzhanpvcgranul.com\/tr_TR\/hakkimizda\/","title":{"rendered":"Hakk\u0131m\u0131zda"},"content":{"rendered":"\t\t<div data-elementor-type=\"wp-page\" data-elementor-id=\"2307\" class=\"elementor elementor-2307\">\n\t\t\t\t\t\t\t\t\t<section class=\"elementor-section elementor-top-section elementor-element elementor-element-2ff110a elementor-section-full_width elementor-hidden-mobile elementor-section-height-default elementor-section-height-default\" data-id=\"2ff110a\" data-element_type=\"section\">\n\t\t\t\t\t\t<div class=\"elementor-container elementor-column-gap-default\">\n\t\t\t\t\t<div class=\"elementor-column elementor-col-33 elementor-top-column elementor-element elementor-element-0bd3153\" data-id=\"0bd3153\" data-element_type=\"column\">\n\t\t\t<div class=\"elementor-widget-wrap elementor-element-populated\">\n\t\t\t\t\t\t\t\t<div class=\"elementor-element elementor-element-5c80842 elementor-widget elementor-widget-image\" data-id=\"5c80842\" data-element_type=\"widget\" data-widget_type=\"image.default\">\n\t\t\t\t<div class=\"elementor-widget-container\">\n\t\t\t\t\t\t\t\t\t\t\t\t\t\t\t<img decoding=\"async\" width=\"544\" height=\"500\" src=\"https:\/\/oguzhanpvcgranul.com\/wp-content\/uploads\/2022\/02\/hakkimizda-.jpg\" class=\"attachment-full size-full\" alt=\"\" loading=\"lazy\" srcset=\"https:\/\/oguzhanpvcgranul.com\/wp-content\/uploads\/2022\/02\/hakkimizda-.jpg 544w, https:\/\/oguzhanpvcgranul.com\/wp-content\/uploads\/2022\/02\/hakkimizda--300x276.jpg 300w, https:\/\/oguzhanpvcgranul.com\/wp-content\/uploads\/2022\/02\/hakkimizda--159x146.jpg 159w, https:\/\/oguzhanpvcgranul.com\/wp-content\/uploads\/2022\/02\/hakkimizda--50x46.jpg 50w, https:\/\/oguzhanpvcgranul.com\/wp-content\/uploads\/2022\/02\/hakkimizda--82x75.jpg 82w\" sizes=\"(max-width: 544px) 100vw, 544px\" \/>\t\t\t\t\t\t\t\t\t\t\t\t\t\t\t<\/div>\n\t\t\t\t<\/div>\n\t\t\t\t\t<\/div>\n\t\t<\/div>\n\t\t\t\t<div class=\"elementor-column elementor-col-66 elementor-top-column elementor-element elementor-element-1e61627\" data-id=\"1e61627\" data-element_type=\"column\">\n\t\t\t<div class=\"elementor-widget-wrap elementor-element-populated\">\n\t\t\t\t\t\t\t\t<div class=\"elementor-element elementor-element-ae5f4c3 elementor-widget elementor-widget-html\" data-id=\"ae5f4c3\" data-element_type=\"widget\" data-widget_type=\"html.default\">\n\t\t\t\t<div class=\"elementor-widget-container\">\n\t\t\t<div class=\"column one-second\">\n<h1>Hakk\u0131m\u0131zda<\/h1>\n<p class=\"big\" style=\"text-indent:50px;text-align:justify;\">O\u011fuzhan PVC Gran\u00fcl, 1973-1998 y\u0131llar\u0131 aras\u0131nda kablo imalat\u0131 yaparak O\u011fuzhan Kablo adI ile sekt\u00f6re giri\u015f yapm\u0131\u015ft\u0131r. 1998 y\u0131l\u0131ndan sonra pvc gran\u00fcl imalat\u0131na y\u00f6nelmi\u015f olup O\u011fuzhan PVC ad\u0131 ileg\u00fcn\u00fcm\u00fczde  4000m2 alan \u00fczerinde \u0130stanbul \u2013Arnavutk\u00f6y\u2019de siz de\u011ferli m\u00fc\u015fterilerimize hizmet vermektedir. Vermi\u015f oldu\u011fumuz hizmetin kaliteli ve ticari ahlaka uygun ve t\u00fcm m\u00fc\u015fterilerimize objektif olmas\u0131 ilk hedefimizdir.<\/p>\n<\/div>\n\n\n<div class=\"column one-second\">\n<ul style=\"padding-top: 110px;margin-left:20px;color:#000;font-size:20px;\" class=\"list_check\">\n\t<li>Etik Ticaret Anlay\u0131\u015f\u0131 <\/li>\n\t<li>S\u00fcrekli Ar-Ge ve Kalite<\/li>\n\t<li>Y\u00fcksek Seviyede \u0130hracat<\/li>\n\t<li>\u00dcretime G\u00fc\u00e7 Veren \u00dcr\u00fcnler<\/li>\n<\/ul>\n<\/div>\n\n\n<div class=\"column one\">\n<p class=\"big\" style=\"font-style:italic;text-align:justify;text-indent:50px;\">Bizim i\u00e7in kalite \u00f6nemli, kaliteyi korumak ve arge  i\u00e7in laboratuvar kurma \u00e7al\u0131\u015fmas\u0131 yap\u0131yoruz. Amac\u0131m\u0131z Avrupa standartlar\u0131nda \u00fcr\u00fcnler \u00fcretmek ve yurt d\u0131\u015f\u0131 sat\u0131\u015flar\u0131n\u0131 art\u0131rarak ihracat\u0131 geni\u015fletmek...<\/p><br>\n<div style=\"text-align: right;\"><img decoding=\"async\" src=\"http:\/\/oguzhanpvcgranul.com\/wp-content\/uploads\/2021\/12\/imza-3.png\" width=\"50%\">\n<\/div>\n<\/div>\n\t\t<\/div>\n\t\t\t\t<\/div>\n\t\t\t\t\t<\/div>\n\t\t<\/div>\n\t\t\t\t\t\t\t<\/div>\n\t\t<\/section>\n\t\t\t\t<section class=\"elementor-section elementor-top-section elementor-element elementor-element-247105d elementor-section-stretched elementor-hidden-desktop elementor-hidden-tablet elementor-section-boxed elementor-section-height-default elementor-section-height-default\" data-id=\"247105d\" data-element_type=\"section\" data-settings=\"{&quot;stretch_section&quot;:&quot;section-stretched&quot;}\">\n\t\t\t\t\t\t<div class=\"elementor-container elementor-column-gap-default\">\n\t\t\t\t\t<div class=\"elementor-column elementor-col-100 elementor-top-column elementor-element elementor-element-a642358\" data-id=\"a642358\" data-element_type=\"column\">\n\t\t\t<div class=\"elementor-widget-wrap elementor-element-populated\">\n\t\t\t\t\t\t\t\t<div class=\"elementor-element elementor-element-2252e00 elementor-widget elementor-widget-image\" data-id=\"2252e00\" data-element_type=\"widget\" data-widget_type=\"image.default\">\n\t\t\t\t<div class=\"elementor-widget-container\">\n\t\t\t\t\t\t\t\t\t\t\t\t\t\t\t<img decoding=\"async\" width=\"544\" height=\"500\" src=\"https:\/\/oguzhanpvcgranul.com\/wp-content\/uploads\/2022\/02\/hakkimizda-.jpg\" class=\"attachment-full size-full\" alt=\"\" loading=\"lazy\" srcset=\"https:\/\/oguzhanpvcgranul.com\/wp-content\/uploads\/2022\/02\/hakkimizda-.jpg 544w, https:\/\/oguzhanpvcgranul.com\/wp-content\/uploads\/2022\/02\/hakkimizda--300x276.jpg 300w, https:\/\/oguzhanpvcgranul.com\/wp-content\/uploads\/2022\/02\/hakkimizda--159x146.jpg 159w, https:\/\/oguzhanpvcgranul.com\/wp-content\/uploads\/2022\/02\/hakkimizda--50x46.jpg 50w, https:\/\/oguzhanpvcgranul.com\/wp-content\/uploads\/2022\/02\/hakkimizda--82x75.jpg 82w\" sizes=\"(max-width: 544px) 100vw, 544px\" \/>\t\t\t\t\t\t\t\t\t\t\t\t\t\t\t<\/div>\n\t\t\t\t<\/div>\n\t\t\t\t<div class=\"elementor-element elementor-element-b27a778 elementor-widget elementor-widget-heading\" data-id=\"b27a778\" data-element_type=\"widget\" data-widget_type=\"heading.default\">\n\t\t\t\t<div class=\"elementor-widget-container\">\n\t\t\t<h1 class=\"elementor-heading-title elementor-size-default\">Hakk\u0131m\u0131zda<\/h1>\t\t<\/div>\n\t\t\t\t<\/div>\n\t\t\t\t<div class=\"elementor-element elementor-element-7a1b18b elementor-widget elementor-widget-text-editor\" data-id=\"7a1b18b\" data-element_type=\"widget\" data-widget_type=\"text-editor.default\">\n\t\t\t\t<div class=\"elementor-widget-container\">\n\t\t\t\t\t\t\t<p class=\"big\" style=\"text-indent: 50px;\">O\u011fuzhan PVC Gran\u00fcl, 1973-1998 y\u0131llar\u0131 aras\u0131nda kablo imalat\u0131 yaparak O\u011fuzhan Kablo adI ile sekt\u00f6re giri\u015f yapm\u0131\u015ft\u0131r. 1998 y\u0131l\u0131ndan sonra pvc gran\u00fcl imalat\u0131na y\u00f6nelmi\u015f olup O\u011fuzhan PVC ad\u0131 ileg\u00fcn\u00fcm\u00fczde 4000m2 alan \u00fczerinde \u0130stanbul \u2013Arnavutk\u00f6y\u2019de siz de\u011ferli m\u00fc\u015fterilerimize hizmet vermektedir. Vermi\u015f oldu\u011fumuz hizmetin kaliteli ve ticari ahlaka uygun ve t\u00fcm m\u00fc\u015fterilerimize objektif olmas\u0131 ilk hedefimizdir.<\/p>\t\t\t\t\t\t<\/div>\n\t\t\t\t<\/div>\n\t\t\t\t<div class=\"elementor-element elementor-element-2cb1eb2 elementor-widget elementor-widget-html\" data-id=\"2cb1eb2\" data-element_type=\"widget\" data-widget_type=\"html.default\">\n\t\t\t\t<div class=\"elementor-widget-container\">\n\t\t\t<ul style=\"color:#000;font-size:16px;\" class=\"list_check\">\n\t<li>Etik Ticaret Anlay\u0131\u015f\u0131 <\/li>\n\t<li>S\u00fcrekli Ar-Ge ve Kalite<\/li>\n\t<li>Y\u00fcksek Seviyede \u0130hracat<\/li>\n\t<li>\u00dcretime G\u00fc\u00e7 Veren \u00dcr\u00fcnler<\/li>\n<\/ul>\t\t<\/div>\n\t\t\t\t<\/div>\n\t\t\t\t<div class=\"elementor-element elementor-element-d57c327 elementor-widget elementor-widget-text-editor\" data-id=\"d57c327\" data-element_type=\"widget\" data-widget_type=\"text-editor.default\">\n\t\t\t\t<div class=\"elementor-widget-container\">\n\t\t\t\t\t\t\t<p class=\"big\" style=\"font-style: italic; text-align: justify; text-indent: 50px;\">Bizim i\u00e7in kalite \u00f6nemli, kaliteyi korumak ve arge i\u00e7in laboratuvar kurma \u00e7al\u0131\u015fmas\u0131 yap\u0131yoruz. Amac\u0131m\u0131z Avrupa standartlar\u0131nda \u00fcr\u00fcnler \u00fcretmek ve yurt d\u0131\u015f\u0131 sat\u0131\u015flar\u0131n\u0131 art\u0131rarak ihracat\u0131 geni\u015fletmek&#8230;<\/p>\t\t\t\t\t\t<\/div>\n\t\t\t\t<\/div>\n\t\t\t\t<div class=\"elementor-element elementor-element-caf4d02 elementor-widget elementor-widget-image\" data-id=\"caf4d02\" data-element_type=\"widget\" data-widget_type=\"image.default\">\n\t\t\t\t<div class=\"elementor-widget-container\">\n\t\t\t\t\t\t\t\t\t\t\t\t\t\t\t<img decoding=\"async\" width=\"300\" height=\"34\" src=\"https:\/\/oguzhanpvcgranul.com\/wp-content\/uploads\/2021\/12\/imza-3-300x34.png\" class=\"attachment-medium size-medium\" alt=\"\" loading=\"lazy\" srcset=\"https:\/\/oguzhanpvcgranul.com\/wp-content\/uploads\/2021\/12\/imza-3-300x34.png 300w, https:\/\/oguzhanpvcgranul.com\/wp-content\/uploads\/2021\/12\/imza-3-260x30.png 260w, https:\/\/oguzhanpvcgranul.com\/wp-content\/uploads\/2021\/12\/imza-3-50x6.png 50w, https:\/\/oguzhanpvcgranul.com\/wp-content\/uploads\/2021\/12\/imza-3-150x17.png 150w, https:\/\/oguzhanpvcgranul.com\/wp-content\/uploads\/2021\/12\/imza-3.png 414w\" sizes=\"(max-width: 300px) 100vw, 300px\" \/>\t\t\t\t\t\t\t\t\t\t\t\t\t\t\t<\/div>\n\t\t\t\t<\/div>\n\t\t\t\t\t<\/div>\n\t\t<\/div>\n\t\t\t\t\t\t\t<\/div>\n\t\t<\/section>\n\t\t\t\t\t\t\t<\/div>\n\t\t","protected":false},"excerpt":{"rendered":"<p>Hakk\u0131m\u0131zda O\u011fuzhan PVC Gran\u00fcl, 1973-1998 y\u0131llar\u0131 aras\u0131nda kablo imalat\u0131 yaparak O\u011fuzhan Kablo adI ile sekt\u00f6re giri\u015f yapm\u0131\u015ft\u0131r. 1998 y\u0131l\u0131ndan sonra pvc gran\u00fcl imalat\u0131na y\u00f6nelmi\u015f olup O\u011fuzhan<span class=\"excerpt-hellip\"> [\u2026]<\/span><\/p>\n","protected":false},"author":2,"featured_media":0,"parent":0,"menu_order":0,"comment_status":"open","ping_status":"closed","template":"","meta":[],"yoast_head":"<!-- This site is optimized with the Yoast SEO plugin v19.10 - https:\/\/yoast.com\/wordpress\/plugins\/seo\/ -->\n<title>Hakk\u0131m\u0131zda - O\u011fuzhan PVC Gran\u00fcl<\/title>\n<meta name=\"robots\" content=\"index, follow, max-snippet:-1, max-image-preview:large, max-video-preview:-1\" \/>\n<link rel=\"canonical\" href=\"https:\/\/oguzhanpvcgranul.com\/tr_TR\/hakkimizda\/\" \/>\n<meta property=\"og:locale\" content=\"tr_TR\" \/>\n<meta property=\"og:type\" content=\"article\" \/>\n<meta property=\"og:title\" content=\"Hakk\u0131m\u0131zda - O\u011fuzhan PVC Gran\u00fcl\" \/>\n<meta property=\"og:description\" content=\"Hakk\u0131m\u0131zda O\u011fuzhan PVC Gran\u00fcl, 1973-1998 y\u0131llar\u0131 aras\u0131nda kablo imalat\u0131 yaparak O\u011fuzhan Kablo adI ile sekt\u00f6re giri\u015f yapm\u0131\u015ft\u0131r. 1998 y\u0131l\u0131ndan sonra pvc gran\u00fcl imalat\u0131na y\u00f6nelmi\u015f olup O\u011fuzhan [\u2026]\" \/>\n<meta property=\"og:url\" content=\"https:\/\/oguzhanpvcgranul.com\/tr_TR\/hakkimizda\/\" \/>\n<meta property=\"og:site_name\" content=\"O\u011fuzhan PVC Gran\u00fcl\" \/>\n<meta property=\"article:modified_time\" content=\"2022-02-19T12:11:25+00:00\" \/>\n<meta property=\"og:image\" content=\"https:\/\/oguzhanpvcgranul.com\/wp-content\/uploads\/2022\/02\/hakkimizda-.jpg\" \/>\n<meta name=\"twitter:card\" content=\"summary_large_image\" \/>\n<meta name=\"twitter:label1\" content=\"Tahmini okuma s\u00fcresi\" \/>\n\t<meta name=\"twitter:data1\" content=\"2 dakika\" \/>\n<script type=\"application\/ld+json\" class=\"yoast-schema-graph\">{\"@context\":\"https:\/\/schema.org\",\"@graph\":[{\"@type\":\"WebPage\",\"@id\":\"https:\/\/oguzhanpvcgranul.com\/hakkimizda\/\",\"url\":\"https:\/\/oguzhanpvcgranul.com\/hakkimizda\/\",\"name\":\"Hakk\u0131m\u0131zda - O\u011fuzhan PVC Gran\u00fcl\",\"isPartOf\":{\"@id\":\"https:\/\/oguzhanpvcgranul.com\/#website\"},\"datePublished\":\"2015-03-02T11:46:04+00:00\",\"dateModified\":\"2022-02-19T12:11:25+00:00\",\"inLanguage\":\"tr\",\"potentialAction\":[{\"@type\":\"ReadAction\",\"target\":[\"https:\/\/oguzhanpvcgranul.com\/hakkimizda\/\"]}]},{\"@type\":\"WebSite\",\"@id\":\"https:\/\/oguzhanpvcgranul.com\/#website\",\"url\":\"https:\/\/oguzhanpvcgranul.com\/\",\"name\":\"O\u011fuzhan PVC Gran\u00fcl\",\"description\":\"Ar-Ge, \u0130hracat, Kalite\",\"potentialAction\":[{\"@type\":\"SearchAction\",\"target\":{\"@type\":\"EntryPoint\",\"urlTemplate\":\"https:\/\/oguzhanpvcgranul.com\/?s={search_term_string}\"},\"query-input\":\"required name=search_term_string\"}],\"inLanguage\":\"tr\"}]}<\/script>\n<!-- \/ Yoast SEO plugin. -->","yoast_head_json":{"title":"Hakk\u0131m\u0131zda - O\u011fuzhan PVC Gran\u00fcl","robots":{"index":"index","follow":"follow","max-snippet":"max-snippet:-1","max-image-preview":"max-image-preview:large","max-video-preview":"max-video-preview:-1"},"canonical":"https:\/\/oguzhanpvcgranul.com\/tr_TR\/hakkimizda\/","og_locale":"tr_TR","og_type":"article","og_title":"Hakk\u0131m\u0131zda - O\u011fuzhan PVC Gran\u00fcl","og_description":"Hakk\u0131m\u0131zda O\u011fuzhan PVC Gran\u00fcl, 1973-1998 y\u0131llar\u0131 aras\u0131nda kablo imalat\u0131 yaparak O\u011fuzhan Kablo adI ile sekt\u00f6re giri\u015f yapm\u0131\u015ft\u0131r. 1998 y\u0131l\u0131ndan sonra pvc gran\u00fcl imalat\u0131na y\u00f6nelmi\u015f olup O\u011fuzhan [\u2026]","og_url":"https:\/\/oguzhanpvcgranul.com\/tr_TR\/hakkimizda\/","og_site_name":"O\u011fuzhan PVC Gran\u00fcl","article_modified_time":"2022-02-19T12:11:25+00:00","og_image":[{"url":"https:\/\/oguzhanpvcgranul.com\/wp-content\/uploads\/2022\/02\/hakkimizda-.jpg"}],"twitter_card":"summary_large_image","twitter_misc":{"Tahmini okuma s\u00fcresi":"2 dakika"},"schema":{"@context":"https:\/\/schema.org","@graph":[{"@type":"WebPage","@id":"https:\/\/oguzhanpvcgranul.com\/hakkimizda\/","url":"https:\/\/oguzhanpvcgranul.com\/hakkimizda\/","name":"Hakk\u0131m\u0131zda - O\u011fuzhan PVC Gran\u00fcl","isPartOf":{"@id":"https:\/\/oguzhanpvcgranul.com\/#website"},"datePublished":"2015-03-02T11:46:04+00:00","dateModified":"2022-02-19T12:11:25+00:00","inLanguage":"tr","potentialAction":[{"@type":"ReadAction","target":["https:\/\/oguzhanpvcgranul.com\/hakkimizda\/"]}]},{"@type":"WebSite","@id":"https:\/\/oguzhanpvcgranul.com\/#website","url":"https:\/\/oguzhanpvcgranul.com\/","name":"O\u011fuzhan PVC Gran\u00fcl","description":"Ar-Ge, \u0130hracat, Kalite","potentialAction":[{"@type":"SearchAction","target":{"@type":"EntryPoint","urlTemplate":"https:\/\/oguzhanpvcgranul.com\/?s={search_term_string}"},"query-input":"required name=search_term_string"}],"inLanguage":"tr"}]}},"_links":{"self":[{"href":"https:\/\/oguzhanpvcgranul.com\/tr_TR\/wp-json\/wp\/v2\/pages\/2307"}],"collection":[{"href":"https:\/\/oguzhanpvcgranul.com\/tr_TR\/wp-json\/wp\/v2\/pages"}],"about":[{"href":"https:\/\/oguzhanpvcgranul.com\/tr_TR\/wp-json\/wp\/v2\/types\/page"}],"author":[{"embeddable":true,"href":"https:\/\/oguzhanpvcgranul.com\/tr_TR\/wp-json\/wp\/v2\/users\/2"}],"replies":[{"embeddable":true,"href":"https:\/\/oguzhanpvcgranul.com\/tr_TR\/wp-json\/wp\/v2\/comments?post=2307"}],"version-history":[{"count":129,"href":"https:\/\/oguzhanpvcgranul.com\/tr_TR\/wp-json\/wp\/v2\/pages\/2307\/revisions"}],"predecessor-version":[{"id":3810,"href":"https:\/\/oguzhanpvcgranul.com\/tr_TR\/wp-json\/wp\/v2\/pages\/2307\/revisions\/3810"}],"wp:attachment":[{"href":"https:\/\/oguzhanpvcgranul.com\/tr_TR\/wp-json\/wp\/v2\/media?parent=2307"}],"curies":[{"name":"wp","href":"https:\/\/api.w.org\/{rel}","templated":true}]}}