{"id":2867,"date":"2022-01-03T17:13:59","date_gmt":"2022-01-03T17:13:59","guid":{"rendered":"http:\/\/oguzhanpvcgranul.com\/?page_id=2867"},"modified":"2022-02-19T12:16:06","modified_gmt":"2022-02-19T12:16:06","slug":"otomotiv","status":"publish","type":"page","link":"https:\/\/oguzhanpvcgranul.com\/tr_TR\/otomotiv\/","title":{"rendered":"Otomotiv"},"content":{"rendered":"\t\t<div data-elementor-type=\"wp-page\" data-elementor-id=\"2867\" class=\"elementor elementor-2867\">\n\t\t\t\t\t\t\t\t\t<section class=\"elementor-section elementor-top-section elementor-element elementor-element-34aa410 elementor-section-boxed elementor-section-height-default elementor-section-height-default\" data-id=\"34aa410\" data-element_type=\"section\">\n\t\t\t\t\t\t<div class=\"elementor-container elementor-column-gap-default\">\n\t\t\t\t\t<div class=\"elementor-column elementor-col-100 elementor-top-column elementor-element elementor-element-17c2bca\" data-id=\"17c2bca\" data-element_type=\"column\">\n\t\t\t<div class=\"elementor-widget-wrap elementor-element-populated\">\n\t\t\t\t\t\t\t\t<div class=\"elementor-element elementor-element-8e12269 elementor-widget elementor-widget-heading\" data-id=\"8e12269\" data-element_type=\"widget\" data-widget_type=\"heading.default\">\n\t\t\t\t<div class=\"elementor-widget-container\">\n\t\t\t<h1 class=\"elementor-heading-title elementor-size-default\">Otomotiv<\/h1>\t\t<\/div>\n\t\t\t\t<\/div>\n\t\t\t\t\t<\/div>\n\t\t<\/div>\n\t\t\t\t\t\t\t<\/div>\n\t\t<\/section>\n\t\t\t\t<section class=\"elementor-section elementor-top-section elementor-element elementor-element-e5f2e03 elementor-section-stretched elementor-section-boxed elementor-section-height-default elementor-section-height-default\" data-id=\"e5f2e03\" data-element_type=\"section\" data-settings=\"{&quot;stretch_section&quot;:&quot;section-stretched&quot;}\">\n\t\t\t\t\t\t<div class=\"elementor-container elementor-column-gap-default\">\n\t\t\t\t\t<div class=\"elementor-column elementor-col-50 elementor-top-column elementor-element elementor-element-5222868\" data-id=\"5222868\" data-element_type=\"column\">\n\t\t\t<div class=\"elementor-widget-wrap elementor-element-populated\">\n\t\t\t\t\t\t\t\t<div class=\"elementor-element elementor-element-5732834 elementor-widget elementor-widget-image\" data-id=\"5732834\" data-element_type=\"widget\" data-widget_type=\"image.default\">\n\t\t\t\t<div class=\"elementor-widget-container\">\n\t\t\t\t\t\t\t\t\t\t\t\t\t\t\t<img decoding=\"async\" width=\"544\" height=\"385\" src=\"https:\/\/oguzhanpvcgranul.com\/wp-content\/uploads\/2022\/01\/otomotiv-resim.jpg\" class=\"attachment-full size-full\" alt=\"\" loading=\"lazy\" srcset=\"https:\/\/oguzhanpvcgranul.com\/wp-content\/uploads\/2022\/01\/otomotiv-resim.jpg 544w, https:\/\/oguzhanpvcgranul.com\/wp-content\/uploads\/2022\/01\/otomotiv-resim-300x212.jpg 300w, https:\/\/oguzhanpvcgranul.com\/wp-content\/uploads\/2022\/01\/otomotiv-resim-206x146.jpg 206w, https:\/\/oguzhanpvcgranul.com\/wp-content\/uploads\/2022\/01\/otomotiv-resim-50x35.jpg 50w, https:\/\/oguzhanpvcgranul.com\/wp-content\/uploads\/2022\/01\/otomotiv-resim-106x75.jpg 106w\" sizes=\"(max-width: 544px) 100vw, 544px\" \/>\t\t\t\t\t\t\t\t\t\t\t\t\t\t\t<\/div>\n\t\t\t\t<\/div>\n\t\t\t\t\t<\/div>\n\t\t<\/div>\n\t\t\t\t<div class=\"elementor-column elementor-col-50 elementor-top-column elementor-element elementor-element-f114e3e\" data-id=\"f114e3e\" data-element_type=\"column\">\n\t\t\t<div class=\"elementor-widget-wrap elementor-element-populated\">\n\t\t\t\t\t\t\t\t<div class=\"elementor-element elementor-element-5f38da2 elementor-widget elementor-widget-text-editor\" data-id=\"5f38da2\" data-element_type=\"widget\" data-widget_type=\"text-editor.default\">\n\t\t\t\t<div class=\"elementor-widget-container\">\n\t\t\t\t\t\t\t<p style=\"text-indent: 50px;\">Otomotiv sekt\u00f6r\u00fcndeki \u00e7e\u015fitli  ihtiya\u00e7lara y\u00f6nelik uv filtreli, alev geciktiricili, non toksit, nitril kau\u00e7uk katk\u0131l\u0131, \u00e7evresel \u015fartlara uyumlu, organik \u00e7\u00f6z\u00fcc\u00fc ve ya\u011flara kar\u015f\u0131 diren\u00e7li, PVC gran\u00fcl \u00fcretimi ger\u00e7ekle\u015ftirmekteyiz. <b>Otomotiv sekt\u00f6r\u00fcnde dayan\u0131kl\u0131l\u0131\u011f\u0131n<\/b> \u00f6neminin fark\u0131nda olarak \u00f6zel form\u00fcllerle i\u015f ortaklar\u0131m\u0131z\u0131n ihtiya\u00e7lar\u0131n\u0131 kar\u015f\u0131lamaktay\u0131z. <\/p>\t\t\t\t\t\t<\/div>\n\t\t\t\t<\/div>\n\t\t\t\t<section class=\"elementor-section elementor-inner-section elementor-element elementor-element-9ad0d54 elementor-section-boxed elementor-section-height-default elementor-section-height-default\" data-id=\"9ad0d54\" data-element_type=\"section\">\n\t\t\t\t\t\t<div class=\"elementor-container elementor-column-gap-default\">\n\t\t\t\t\t<div class=\"elementor-column elementor-col-33 elementor-inner-column elementor-element elementor-element-4c24990\" data-id=\"4c24990\" data-element_type=\"column\">\n\t\t\t<div class=\"elementor-widget-wrap elementor-element-populated\">\n\t\t\t\t\t\t\t\t<div class=\"elementor-element elementor-element-51e7d9e elementor-widget elementor-widget-html\" data-id=\"51e7d9e\" data-element_type=\"widget\" data-widget_type=\"html.default\">\n\t\t\t\t<div class=\"elementor-widget-container\">\n\t\t\t<a class=\"content_link \" href=\"#\"  ><span class=\"icon\"><i class=\"icon-air\"><\/i><\/span><span class=\"title\">Ara\u00e7<br>Kablolar\u0131<\/span><\/a>\t\t<\/div>\n\t\t\t\t<\/div>\n\t\t\t\t\t<\/div>\n\t\t<\/div>\n\t\t\t\t<div class=\"elementor-column elementor-col-33 elementor-inner-column elementor-element elementor-element-47d78fb\" data-id=\"47d78fb\" data-element_type=\"column\">\n\t\t\t<div class=\"elementor-widget-wrap elementor-element-populated\">\n\t\t\t\t\t\t\t\t<div class=\"elementor-element elementor-element-8685fd8 elementor-widget elementor-widget-html\" data-id=\"8685fd8\" data-element_type=\"widget\" data-widget_type=\"html.default\">\n\t\t\t\t<div class=\"elementor-widget-container\">\n\t\t\t<a class=\"content_link \" href=\"#\"  ><span class=\"icon\"><i class=\"icon-cog\"><\/i><\/span><span class=\"title\">Ara\u00e7<br>\u0130\u00e7 Aksam\u0131<\/span><\/a>\t\t<\/div>\n\t\t\t\t<\/div>\n\t\t\t\t\t<\/div>\n\t\t<\/div>\n\t\t\t\t<div class=\"elementor-column elementor-col-33 elementor-inner-column elementor-element elementor-element-704e474\" data-id=\"704e474\" data-element_type=\"column\">\n\t\t\t<div class=\"elementor-widget-wrap elementor-element-populated\">\n\t\t\t\t\t\t\t\t<div class=\"elementor-element elementor-element-15aa83e elementor-widget elementor-widget-html\" data-id=\"15aa83e\" data-element_type=\"widget\" data-widget_type=\"html.default\">\n\t\t\t\t<div class=\"elementor-widget-container\">\n\t\t\t<a class=\"content_link \" href=\"#\"  ><span class=\"icon\"><i class=\"icon-database\"><\/i><\/span><span class=\"title\">Otomobil <br>Aksesuarlar\u0131<\/span><\/a>\t\t<\/div>\n\t\t\t\t<\/div>\n\t\t\t\t\t<\/div>\n\t\t<\/div>\n\t\t\t\t\t\t\t<\/div>\n\t\t<\/section>\n\t\t\t\t\t<\/div>\n\t\t<\/div>\n\t\t\t\t\t\t\t<\/div>\n\t\t<\/section>\n\t\t\t\t\t\t\t<\/div>\n\t\t","protected":false},"excerpt":{"rendered":"<p>Otomotiv Otomotiv sekt\u00f6r\u00fcndeki \u00e7e\u015fitli ihtiya\u00e7lara y\u00f6nelik uv filtreli, alev geciktiricili, non toksit, nitril kau\u00e7uk katk\u0131l\u0131, \u00e7evresel \u015fartlara uyumlu, organik \u00e7\u00f6z\u00fcc\u00fc ve ya\u011flara kar\u015f\u0131 diren\u00e7li, PVC gran\u00fcl<span class=\"excerpt-hellip\"> [\u2026]<\/span><\/p>\n","protected":false},"author":2,"featured_media":0,"parent":0,"menu_order":0,"comment_status":"open","ping_status":"open","template":"","meta":[],"yoast_head":"<!-- This site is optimized with the Yoast SEO plugin v19.10 - https:\/\/yoast.com\/wordpress\/plugins\/seo\/ -->\n<title>Otomotiv - O\u011fuzhan PVC Gran\u00fcl<\/title>\n<meta name=\"robots\" content=\"index, follow, max-snippet:-1, max-image-preview:large, max-video-preview:-1\" \/>\n<link rel=\"canonical\" href=\"https:\/\/oguzhanpvcgranul.com\/tr_TR\/tr_tr\/otomotiv\/\" \/>\n<meta property=\"og:locale\" content=\"tr_TR\" \/>\n<meta property=\"og:type\" content=\"article\" \/>\n<meta property=\"og:title\" content=\"Otomotiv - O\u011fuzhan PVC Gran\u00fcl\" \/>\n<meta property=\"og:description\" content=\"Otomotiv Otomotiv sekt\u00f6r\u00fcndeki \u00e7e\u015fitli ihtiya\u00e7lara y\u00f6nelik uv filtreli, alev geciktiricili, non toksit, nitril kau\u00e7uk katk\u0131l\u0131, \u00e7evresel \u015fartlara uyumlu, organik \u00e7\u00f6z\u00fcc\u00fc ve ya\u011flara kar\u015f\u0131 diren\u00e7li, PVC gran\u00fcl [\u2026]\" \/>\n<meta property=\"og:url\" content=\"https:\/\/oguzhanpvcgranul.com\/tr_TR\/tr_tr\/otomotiv\/\" \/>\n<meta property=\"og:site_name\" content=\"O\u011fuzhan PVC Gran\u00fcl\" \/>\n<meta property=\"article:modified_time\" content=\"2022-02-19T12:16:06+00:00\" \/>\n<meta property=\"og:image\" content=\"https:\/\/oguzhanpvcgranul.com\/wp-content\/uploads\/2022\/01\/otomotiv-resim.jpg\" \/>\n<meta name=\"twitter:card\" content=\"summary_large_image\" \/>\n<meta name=\"twitter:label1\" content=\"Tahmini okuma s\u00fcresi\" \/>\n\t<meta name=\"twitter:data1\" content=\"1 dakika\" \/>\n<script type=\"application\/ld+json\" class=\"yoast-schema-graph\">{\"@context\":\"https:\/\/schema.org\",\"@graph\":[{\"@type\":\"WebPage\",\"@id\":\"https:\/\/oguzhanpvcgranul.com\/tr_tr\/otomotiv\/\",\"url\":\"https:\/\/oguzhanpvcgranul.com\/tr_tr\/otomotiv\/\",\"name\":\"Otomotiv - O\u011fuzhan PVC Gran\u00fcl\",\"isPartOf\":{\"@id\":\"https:\/\/oguzhanpvcgranul.com\/#website\"},\"datePublished\":\"2022-01-03T17:13:59+00:00\",\"dateModified\":\"2022-02-19T12:16:06+00:00\",\"inLanguage\":\"tr\",\"potentialAction\":[{\"@type\":\"ReadAction\",\"target\":[\"https:\/\/oguzhanpvcgranul.com\/tr_tr\/otomotiv\/\"]}]},{\"@type\":\"WebSite\",\"@id\":\"https:\/\/oguzhanpvcgranul.com\/#website\",\"url\":\"https:\/\/oguzhanpvcgranul.com\/\",\"name\":\"O\u011fuzhan PVC Gran\u00fcl\",\"description\":\"Ar-Ge, \u0130hracat, Kalite\",\"potentialAction\":[{\"@type\":\"SearchAction\",\"target\":{\"@type\":\"EntryPoint\",\"urlTemplate\":\"https:\/\/oguzhanpvcgranul.com\/?s={search_term_string}\"},\"query-input\":\"required name=search_term_string\"}],\"inLanguage\":\"tr\"}]}<\/script>\n<!-- \/ Yoast SEO plugin. -->","yoast_head_json":{"title":"Otomotiv - O\u011fuzhan PVC Gran\u00fcl","robots":{"index":"index","follow":"follow","max-snippet":"max-snippet:-1","max-image-preview":"max-image-preview:large","max-video-preview":"max-video-preview:-1"},"canonical":"https:\/\/oguzhanpvcgranul.com\/tr_TR\/tr_tr\/otomotiv\/","og_locale":"tr_TR","og_type":"article","og_title":"Otomotiv - O\u011fuzhan PVC Gran\u00fcl","og_description":"Otomotiv Otomotiv sekt\u00f6r\u00fcndeki \u00e7e\u015fitli ihtiya\u00e7lara y\u00f6nelik uv filtreli, alev geciktiricili, non toksit, nitril kau\u00e7uk katk\u0131l\u0131, \u00e7evresel \u015fartlara uyumlu, organik \u00e7\u00f6z\u00fcc\u00fc ve ya\u011flara kar\u015f\u0131 diren\u00e7li, PVC gran\u00fcl [\u2026]","og_url":"https:\/\/oguzhanpvcgranul.com\/tr_TR\/tr_tr\/otomotiv\/","og_site_name":"O\u011fuzhan PVC Gran\u00fcl","article_modified_time":"2022-02-19T12:16:06+00:00","og_image":[{"url":"https:\/\/oguzhanpvcgranul.com\/wp-content\/uploads\/2022\/01\/otomotiv-resim.jpg"}],"twitter_card":"summary_large_image","twitter_misc":{"Tahmini okuma s\u00fcresi":"1 dakika"},"schema":{"@context":"https:\/\/schema.org","@graph":[{"@type":"WebPage","@id":"https:\/\/oguzhanpvcgranul.com\/tr_tr\/otomotiv\/","url":"https:\/\/oguzhanpvcgranul.com\/tr_tr\/otomotiv\/","name":"Otomotiv - O\u011fuzhan PVC Gran\u00fcl","isPartOf":{"@id":"https:\/\/oguzhanpvcgranul.com\/#website"},"datePublished":"2022-01-03T17:13:59+00:00","dateModified":"2022-02-19T12:16:06+00:00","inLanguage":"tr","potentialAction":[{"@type":"ReadAction","target":["https:\/\/oguzhanpvcgranul.com\/tr_tr\/otomotiv\/"]}]},{"@type":"WebSite","@id":"https:\/\/oguzhanpvcgranul.com\/#website","url":"https:\/\/oguzhanpvcgranul.com\/","name":"O\u011fuzhan PVC Gran\u00fcl","description":"Ar-Ge, \u0130hracat, Kalite","potentialAction":[{"@type":"SearchAction","target":{"@type":"EntryPoint","urlTemplate":"https:\/\/oguzhanpvcgranul.com\/?s={search_term_string}"},"query-input":"required name=search_term_string"}],"inLanguage":"tr"}]}},"_links":{"self":[{"href":"https:\/\/oguzhanpvcgranul.com\/tr_TR\/wp-json\/wp\/v2\/pages\/2867"}],"collection":[{"href":"https:\/\/oguzhanpvcgranul.com\/tr_TR\/wp-json\/wp\/v2\/pages"}],"about":[{"href":"https:\/\/oguzhanpvcgranul.com\/tr_TR\/wp-json\/wp\/v2\/types\/page"}],"author":[{"embeddable":true,"href":"https:\/\/oguzhanpvcgranul.com\/tr_TR\/wp-json\/wp\/v2\/users\/2"}],"replies":[{"embeddable":true,"href":"https:\/\/oguzhanpvcgranul.com\/tr_TR\/wp-json\/wp\/v2\/comments?post=2867"}],"version-history":[{"count":30,"href":"https:\/\/oguzhanpvcgranul.com\/tr_TR\/wp-json\/wp\/v2\/pages\/2867\/revisions"}],"predecessor-version":[{"id":3834,"href":"https:\/\/oguzhanpvcgranul.com\/tr_TR\/wp-json\/wp\/v2\/pages\/2867\/revisions\/3834"}],"wp:attachment":[{"href":"https:\/\/oguzhanpvcgranul.com\/tr_TR\/wp-json\/wp\/v2\/media?parent=2867"}],"curies":[{"name":"wp","href":"https:\/\/api.w.org\/{rel}","templated":true}]}}