{"id":2881,"date":"2022-01-03T17:42:29","date_gmt":"2022-01-03T17:42:29","guid":{"rendered":"http:\/\/oguzhanpvcgranul.com\/?page_id=2881"},"modified":"2025-08-19T08:11:12","modified_gmt":"2025-08-19T08:11:12","slug":"medikal","status":"publish","type":"page","link":"https:\/\/oguzhanpvcgranul.com\/tr_TR\/medikal\/","title":{"rendered":"Medikal"},"content":{"rendered":"\t\t<div data-elementor-type=\"wp-page\" data-elementor-id=\"2881\" class=\"elementor elementor-2881\">\n\t\t\t\t\t\t\t\t\t<section class=\"elementor-section elementor-top-section elementor-element elementor-element-34aa410 elementor-section-boxed elementor-section-height-default elementor-section-height-default\" data-id=\"34aa410\" data-element_type=\"section\">\n\t\t\t\t\t\t<div class=\"elementor-container elementor-column-gap-default\">\n\t\t\t\t\t<div class=\"elementor-column elementor-col-100 elementor-top-column elementor-element elementor-element-17c2bca\" data-id=\"17c2bca\" data-element_type=\"column\">\n\t\t\t<div class=\"elementor-widget-wrap elementor-element-populated\">\n\t\t\t\t\t\t\t\t<div class=\"elementor-element elementor-element-8e12269 elementor-widget elementor-widget-heading\" data-id=\"8e12269\" data-element_type=\"widget\" data-widget_type=\"heading.default\">\n\t\t\t\t<div class=\"elementor-widget-container\">\n\t\t\t<h1 class=\"elementor-heading-title elementor-size-default\">Medikal<\/h1>\t\t<\/div>\n\t\t\t\t<\/div>\n\t\t\t\t\t<\/div>\n\t\t<\/div>\n\t\t\t\t\t\t\t<\/div>\n\t\t<\/section>\n\t\t\t\t<section class=\"elementor-section elementor-top-section elementor-element elementor-element-e5f2e03 elementor-section-stretched elementor-section-boxed elementor-section-height-default elementor-section-height-default\" data-id=\"e5f2e03\" data-element_type=\"section\" data-settings=\"{&quot;stretch_section&quot;:&quot;section-stretched&quot;}\">\n\t\t\t\t\t\t<div class=\"elementor-container elementor-column-gap-default\">\n\t\t\t\t\t<div class=\"elementor-column elementor-col-50 elementor-top-column elementor-element elementor-element-5222868\" data-id=\"5222868\" data-element_type=\"column\">\n\t\t\t<div class=\"elementor-widget-wrap elementor-element-populated\">\n\t\t\t\t\t\t\t\t<div class=\"elementor-element elementor-element-4417810 elementor-pagination-position-outside elementor-widget elementor-widget-image-carousel\" data-id=\"4417810\" data-element_type=\"widget\" data-settings=\"{&quot;slides_to_show&quot;:&quot;1&quot;,&quot;navigation&quot;:&quot;dots&quot;,&quot;autoplay&quot;:&quot;yes&quot;,&quot;pause_on_hover&quot;:&quot;yes&quot;,&quot;pause_on_interaction&quot;:&quot;yes&quot;,&quot;autoplay_speed&quot;:5000,&quot;infinite&quot;:&quot;yes&quot;,&quot;effect&quot;:&quot;slide&quot;,&quot;speed&quot;:500}\" data-widget_type=\"image-carousel.default\">\n\t\t\t\t<div class=\"elementor-widget-container\">\n\t\t\t\t\t<div class=\"elementor-image-carousel-wrapper swiper-container\" dir=\"ltr\">\n\t\t\t<div class=\"elementor-image-carousel swiper-wrapper\">\n\t\t\t\t\t\t\t\t<div class=\"swiper-slide\"><figure class=\"swiper-slide-inner\"><img decoding=\"async\" class=\"swiper-slide-image\" src=\"https:\/\/oguzhanpvcgranul.com\/wp-content\/uploads\/2022\/01\/medikal-3.jpg\" alt=\"medikal-3\" \/><\/figure><\/div><div class=\"swiper-slide\"><figure class=\"swiper-slide-inner\"><img decoding=\"async\" class=\"swiper-slide-image\" src=\"https:\/\/oguzhanpvcgranul.com\/wp-content\/uploads\/2022\/02\/medikal-3.jpg\" alt=\"medikal-3\" \/><\/figure><\/div>\t\t\t<\/div>\n\t\t\t\t\t\t\t\t\t\t\t\t<div class=\"swiper-pagination\"><\/div>\n\t\t\t\t\t\t\t\t\t\t\t\t\t<\/div>\n\t\t\t\t<\/div>\n\t\t\t\t<\/div>\n\t\t\t\t\t<\/div>\n\t\t<\/div>\n\t\t\t\t<div class=\"elementor-column elementor-col-50 elementor-top-column elementor-element elementor-element-f114e3e\" data-id=\"f114e3e\" data-element_type=\"column\">\n\t\t\t<div class=\"elementor-widget-wrap elementor-element-populated\">\n\t\t\t\t\t\t\t\t<div class=\"elementor-element elementor-element-5f38da2 elementor-widget elementor-widget-text-editor\" data-id=\"5f38da2\" data-element_type=\"widget\" data-widget_type=\"text-editor.default\">\n\t\t\t\t<div class=\"elementor-widget-container\">\n\t\t\t\t\t\t\t<p data-pm-slice=\"1 1 []\">O\u011fuzhan PVC Gran\u00fcl, y\u00fcksek kalite standartlar\u0131yla medikal sekt\u00f6r\u00fcne \u00fcr\u00fcnler sunmakta ve \u00f6nemli i\u015f ortakl\u0131klar\u0131 ger\u00e7ekle\u015ftirmektedir. \u00dcr\u00fcnlerimiz, medikal alanda g\u00fcvenilirlik ve hijyen kriterlerini kar\u015f\u0131layacak \u015fekilde titizlikle \u00fcretilmektedir.<\/p><p style=\"text-indent: 50px;\">Ayr\u0131ca oksijen maskeleri ve hortumlar\u0131, nebulizer setleri, kateterler, kan torbalar\u0131, p\u00fcarlar, serum torbalar\u0131, trombosit torbalar\u0131, anestezi devreleri, spiral hortumlar ve serum hortumlar\u0131 gibi \u00fcr\u00fcnlerde O\u011fuzhan PVC Gran\u00fcl \u00fcr\u00fcnleri uzun zamand\u0131r tercih edilmektedir.<\/p>\t\t\t\t\t\t<\/div>\n\t\t\t\t<\/div>\n\t\t\t\t<div class=\"elementor-element elementor-element-c48dae3 elementor-widget elementor-widget-html\" data-id=\"c48dae3\" data-element_type=\"widget\" data-widget_type=\"html.default\">\n\t\t\t\t<div class=\"elementor-widget-container\">\n\t\t\t<ul class=\"list_mixed\">\r\n\t\t<li class=\"list_check\">G\u0131da maddelerine uygun <\/li>\r\n\t\t<li class=\"list_check\">Sa\u011fl\u0131k ile ilgili ihtiya\u00e7lara elveri\u015fli<\/li>\r\n\t\t<li class=\"list_check\">Medikal sekt\u00f6r\u00fcne ekstr\u00fcderlik <\/li>\r\n\t\t<li class=\"list_check\">Medikal sekt\u00f6r\u00fcne enjeksiyonluk hammadde<\/li>\r\n\t<\/ul>\t\t<\/div>\n\t\t\t\t<\/div>\n\t\t\t\t\t<\/div>\n\t\t<\/div>\n\t\t\t\t\t\t\t<\/div>\n\t\t<\/section>\n\t\t\t\t\t\t\t<\/div>\n\t\t","protected":false},"excerpt":{"rendered":"<p>Medikal O\u011fuzhan PVC Gran\u00fcl, y\u00fcksek kalite standartlar\u0131yla medikal sekt\u00f6r\u00fcne \u00fcr\u00fcnler sunmakta ve \u00f6nemli i\u015f ortakl\u0131klar\u0131 ger\u00e7ekle\u015ftirmektedir. \u00dcr\u00fcnlerimiz, medikal alanda g\u00fcvenilirlik ve hijyen kriterlerini kar\u015f\u0131layacak \u015fekilde titizlikle<span class=\"excerpt-hellip\"> [\u2026]<\/span><\/p>\n","protected":false},"author":2,"featured_media":0,"parent":0,"menu_order":0,"comment_status":"open","ping_status":"open","template":"","meta":[],"yoast_head":"<!-- This site is optimized with the Yoast SEO plugin v19.10 - https:\/\/yoast.com\/wordpress\/plugins\/seo\/ -->\n<title>Medikal - O\u011fuzhan PVC Gran\u00fcl<\/title>\n<meta name=\"robots\" content=\"index, follow, max-snippet:-1, max-image-preview:large, max-video-preview:-1\" \/>\n<link rel=\"canonical\" href=\"https:\/\/oguzhanpvcgranul.com\/tr_TR\/medikal\/\" \/>\n<meta property=\"og:locale\" content=\"tr_TR\" \/>\n<meta property=\"og:type\" content=\"article\" \/>\n<meta property=\"og:title\" content=\"Medikal - O\u011fuzhan PVC Gran\u00fcl\" \/>\n<meta property=\"og:description\" content=\"Medikal O\u011fuzhan PVC Gran\u00fcl, y\u00fcksek kalite standartlar\u0131yla medikal sekt\u00f6r\u00fcne \u00fcr\u00fcnler sunmakta ve \u00f6nemli i\u015f ortakl\u0131klar\u0131 ger\u00e7ekle\u015ftirmektedir. \u00dcr\u00fcnlerimiz, medikal alanda g\u00fcvenilirlik ve hijyen kriterlerini kar\u015f\u0131layacak \u015fekilde titizlikle [\u2026]\" \/>\n<meta property=\"og:url\" content=\"https:\/\/oguzhanpvcgranul.com\/tr_TR\/medikal\/\" \/>\n<meta property=\"og:site_name\" content=\"O\u011fuzhan PVC Gran\u00fcl\" \/>\n<meta property=\"article:modified_time\" content=\"2025-08-19T08:11:12+00:00\" \/>\n<meta property=\"og:image\" content=\"https:\/\/oguzhanpvcgranul.com\/wp-content\/uploads\/2022\/01\/medikal-3.jpg\" \/>\n<meta name=\"twitter:card\" content=\"summary_large_image\" \/>\n<meta name=\"twitter:label1\" content=\"Tahmini okuma s\u00fcresi\" \/>\n\t<meta name=\"twitter:data1\" content=\"2 dakika\" \/>\n<script type=\"application\/ld+json\" class=\"yoast-schema-graph\">{\"@context\":\"https:\/\/schema.org\",\"@graph\":[{\"@type\":\"WebPage\",\"@id\":\"https:\/\/oguzhanpvcgranul.com\/tr_TR\/medikal\/\",\"url\":\"https:\/\/oguzhanpvcgranul.com\/tr_TR\/medikal\/\",\"name\":\"Medikal - O\u011fuzhan PVC Gran\u00fcl\",\"isPartOf\":{\"@id\":\"https:\/\/oguzhanpvcgranul.com\/#website\"},\"datePublished\":\"2022-01-03T17:42:29+00:00\",\"dateModified\":\"2025-08-19T08:11:12+00:00\",\"inLanguage\":\"tr\",\"potentialAction\":[{\"@type\":\"ReadAction\",\"target\":[\"https:\/\/oguzhanpvcgranul.com\/tr_TR\/medikal\/\"]}]},{\"@type\":\"WebSite\",\"@id\":\"https:\/\/oguzhanpvcgranul.com\/#website\",\"url\":\"https:\/\/oguzhanpvcgranul.com\/\",\"name\":\"O\u011fuzhan PVC Gran\u00fcl\",\"description\":\"Ar-Ge, \u0130hracat, Kalite\",\"potentialAction\":[{\"@type\":\"SearchAction\",\"target\":{\"@type\":\"EntryPoint\",\"urlTemplate\":\"https:\/\/oguzhanpvcgranul.com\/?s={search_term_string}\"},\"query-input\":\"required name=search_term_string\"}],\"inLanguage\":\"tr\"}]}<\/script>\n<!-- \/ Yoast SEO plugin. -->","yoast_head_json":{"title":"Medikal - O\u011fuzhan PVC Gran\u00fcl","robots":{"index":"index","follow":"follow","max-snippet":"max-snippet:-1","max-image-preview":"max-image-preview:large","max-video-preview":"max-video-preview:-1"},"canonical":"https:\/\/oguzhanpvcgranul.com\/tr_TR\/medikal\/","og_locale":"tr_TR","og_type":"article","og_title":"Medikal - O\u011fuzhan PVC Gran\u00fcl","og_description":"Medikal O\u011fuzhan PVC Gran\u00fcl, y\u00fcksek kalite standartlar\u0131yla medikal sekt\u00f6r\u00fcne \u00fcr\u00fcnler sunmakta ve \u00f6nemli i\u015f ortakl\u0131klar\u0131 ger\u00e7ekle\u015ftirmektedir. \u00dcr\u00fcnlerimiz, medikal alanda g\u00fcvenilirlik ve hijyen kriterlerini kar\u015f\u0131layacak \u015fekilde titizlikle [\u2026]","og_url":"https:\/\/oguzhanpvcgranul.com\/tr_TR\/medikal\/","og_site_name":"O\u011fuzhan PVC Gran\u00fcl","article_modified_time":"2025-08-19T08:11:12+00:00","og_image":[{"url":"https:\/\/oguzhanpvcgranul.com\/wp-content\/uploads\/2022\/01\/medikal-3.jpg"}],"twitter_card":"summary_large_image","twitter_misc":{"Tahmini okuma s\u00fcresi":"2 dakika"},"schema":{"@context":"https:\/\/schema.org","@graph":[{"@type":"WebPage","@id":"https:\/\/oguzhanpvcgranul.com\/tr_TR\/medikal\/","url":"https:\/\/oguzhanpvcgranul.com\/tr_TR\/medikal\/","name":"Medikal - O\u011fuzhan PVC Gran\u00fcl","isPartOf":{"@id":"https:\/\/oguzhanpvcgranul.com\/#website"},"datePublished":"2022-01-03T17:42:29+00:00","dateModified":"2025-08-19T08:11:12+00:00","inLanguage":"tr","potentialAction":[{"@type":"ReadAction","target":["https:\/\/oguzhanpvcgranul.com\/tr_TR\/medikal\/"]}]},{"@type":"WebSite","@id":"https:\/\/oguzhanpvcgranul.com\/#website","url":"https:\/\/oguzhanpvcgranul.com\/","name":"O\u011fuzhan PVC Gran\u00fcl","description":"Ar-Ge, \u0130hracat, Kalite","potentialAction":[{"@type":"SearchAction","target":{"@type":"EntryPoint","urlTemplate":"https:\/\/oguzhanpvcgranul.com\/?s={search_term_string}"},"query-input":"required name=search_term_string"}],"inLanguage":"tr"}]}},"_links":{"self":[{"href":"https:\/\/oguzhanpvcgranul.com\/tr_TR\/wp-json\/wp\/v2\/pages\/2881"}],"collection":[{"href":"https:\/\/oguzhanpvcgranul.com\/tr_TR\/wp-json\/wp\/v2\/pages"}],"about":[{"href":"https:\/\/oguzhanpvcgranul.com\/tr_TR\/wp-json\/wp\/v2\/types\/page"}],"author":[{"embeddable":true,"href":"https:\/\/oguzhanpvcgranul.com\/tr_TR\/wp-json\/wp\/v2\/users\/2"}],"replies":[{"embeddable":true,"href":"https:\/\/oguzhanpvcgranul.com\/tr_TR\/wp-json\/wp\/v2\/comments?post=2881"}],"version-history":[{"count":31,"href":"https:\/\/oguzhanpvcgranul.com\/tr_TR\/wp-json\/wp\/v2\/pages\/2881\/revisions"}],"predecessor-version":[{"id":3955,"href":"https:\/\/oguzhanpvcgranul.com\/tr_TR\/wp-json\/wp\/v2\/pages\/2881\/revisions\/3955"}],"wp:attachment":[{"href":"https:\/\/oguzhanpvcgranul.com\/tr_TR\/wp-json\/wp\/v2\/media?parent=2881"}],"curies":[{"name":"wp","href":"https:\/\/api.w.org\/{rel}","templated":true}]}}