{"id":2899,"date":"2022-01-03T17:51:58","date_gmt":"2022-01-03T17:51:58","guid":{"rendered":"http:\/\/oguzhanpvcgranul.com\/?page_id=2899"},"modified":"2022-02-19T12:31:10","modified_gmt":"2022-02-19T12:31:10","slug":"ayakkabi","status":"publish","type":"page","link":"https:\/\/oguzhanpvcgranul.com\/tr_TR\/ayakkabi\/","title":{"rendered":"Ayakkab\u0131"},"content":{"rendered":"\t\t<div data-elementor-type=\"wp-page\" data-elementor-id=\"2899\" class=\"elementor elementor-2899\">\n\t\t\t\t\t\t\t\t\t<section class=\"elementor-section elementor-top-section elementor-element elementor-element-34aa410 elementor-section-boxed elementor-section-height-default elementor-section-height-default\" data-id=\"34aa410\" data-element_type=\"section\">\n\t\t\t\t\t\t<div class=\"elementor-container elementor-column-gap-default\">\n\t\t\t\t\t<div class=\"elementor-column elementor-col-100 elementor-top-column elementor-element elementor-element-17c2bca\" data-id=\"17c2bca\" data-element_type=\"column\">\n\t\t\t<div class=\"elementor-widget-wrap elementor-element-populated\">\n\t\t\t\t\t\t\t\t<div class=\"elementor-element elementor-element-8e12269 elementor-widget elementor-widget-heading\" data-id=\"8e12269\" data-element_type=\"widget\" data-widget_type=\"heading.default\">\n\t\t\t\t<div class=\"elementor-widget-container\">\n\t\t\t<h1 class=\"elementor-heading-title elementor-size-default\">Ayakkab\u0131<\/h1>\t\t<\/div>\n\t\t\t\t<\/div>\n\t\t\t\t\t<\/div>\n\t\t<\/div>\n\t\t\t\t\t\t\t<\/div>\n\t\t<\/section>\n\t\t\t\t<section class=\"elementor-section elementor-top-section elementor-element elementor-element-e5f2e03 elementor-section-stretched elementor-section-boxed elementor-section-height-default elementor-section-height-default\" data-id=\"e5f2e03\" data-element_type=\"section\" data-settings=\"{&quot;stretch_section&quot;:&quot;section-stretched&quot;}\">\n\t\t\t\t\t\t<div class=\"elementor-container elementor-column-gap-default\">\n\t\t\t\t\t<div class=\"elementor-column elementor-col-50 elementor-top-column elementor-element elementor-element-5222868\" data-id=\"5222868\" data-element_type=\"column\">\n\t\t\t<div class=\"elementor-widget-wrap elementor-element-populated\">\n\t\t\t\t\t\t\t\t<div class=\"elementor-element elementor-element-c4d1ac9 elementor-pagination-position-outside elementor-widget elementor-widget-image-carousel\" data-id=\"c4d1ac9\" data-element_type=\"widget\" data-settings=\"{&quot;slides_to_show&quot;:&quot;1&quot;,&quot;navigation&quot;:&quot;dots&quot;,&quot;autoplay&quot;:&quot;yes&quot;,&quot;pause_on_hover&quot;:&quot;yes&quot;,&quot;pause_on_interaction&quot;:&quot;yes&quot;,&quot;autoplay_speed&quot;:5000,&quot;infinite&quot;:&quot;yes&quot;,&quot;effect&quot;:&quot;slide&quot;,&quot;speed&quot;:500}\" data-widget_type=\"image-carousel.default\">\n\t\t\t\t<div class=\"elementor-widget-container\">\n\t\t\t\t\t<div class=\"elementor-image-carousel-wrapper swiper-container\" dir=\"ltr\">\n\t\t\t<div class=\"elementor-image-carousel swiper-wrapper\">\n\t\t\t\t\t\t\t\t<div class=\"swiper-slide\"><figure class=\"swiper-slide-inner\"><img decoding=\"async\" class=\"swiper-slide-image\" src=\"https:\/\/oguzhanpvcgranul.com\/wp-content\/uploads\/2022\/01\/ayakkabi-resim.jpg\" alt=\"ayakkabi-resim\" \/><\/figure><\/div><div class=\"swiper-slide\"><figure class=\"swiper-slide-inner\"><img decoding=\"async\" class=\"swiper-slide-image\" src=\"https:\/\/oguzhanpvcgranul.com\/wp-content\/uploads\/2022\/01\/ayakkabi-resim-6.jpg\" alt=\"ayakkabi-resim-6\" \/><\/figure><\/div>\t\t\t<\/div>\n\t\t\t\t\t\t\t\t\t\t\t\t<div class=\"swiper-pagination\"><\/div>\n\t\t\t\t\t\t\t\t\t\t\t\t\t<\/div>\n\t\t\t\t<\/div>\n\t\t\t\t<\/div>\n\t\t\t\t\t<\/div>\n\t\t<\/div>\n\t\t\t\t<div class=\"elementor-column elementor-col-50 elementor-top-column elementor-element elementor-element-f114e3e\" data-id=\"f114e3e\" data-element_type=\"column\">\n\t\t\t<div class=\"elementor-widget-wrap elementor-element-populated\">\n\t\t\t\t\t\t\t\t<div class=\"elementor-element elementor-element-5f38da2 elementor-widget elementor-widget-text-editor\" data-id=\"5f38da2\" data-element_type=\"widget\" data-widget_type=\"text-editor.default\">\n\t\t\t\t<div class=\"elementor-widget-container\">\n\t\t\t\t\t\t\t<p style=\"text-indent: 50px;\">Tabanl\u0131k pvc gran\u00fcller \u00f6zellikle <b>spor ayakkab\u0131 \u00fcretiminde<\/b> tercih edilmektedir. Ayakkab\u0131n\u0131n en \u00f6nemli k\u0131sm\u0131n\u0131 olu\u015fturan taban\u0131n renginde de\u011fi\u015fiklik olmamas\u0131, iklim  ko\u015fullar\u0131ndan etkilenmemesi, \u00e7atlamamas\u0131 ve k\u0131r\u0131lmamas\u0131 gerekmektedir. \u00d6zel form\u00fclle \u00fcretilen ayakkab\u0131 tabanl\u0131k pvc gran\u00fcller di\u011fer pvc gran\u00fcllere g\u00f6re daha hafif ve g\u00fc\u00e7l\u00fc olmak zorundad\u0131r. <b>Enjeksiyon bask\u0131s\u0131 s\u0131ras\u0131nda yanma, sararma, renk kaymas\u0131 yapmayacak \u015fekilde \u00fcretilmektedir.<\/b><\/p>\t\t\t\t\t\t<\/div>\n\t\t\t\t<\/div>\n\t\t\t\t\t<\/div>\n\t\t<\/div>\n\t\t\t\t\t\t\t<\/div>\n\t\t<\/section>\n\t\t\t\t\t\t\t<\/div>\n\t\t","protected":false},"excerpt":{"rendered":"<p>Ayakkab\u0131 Tabanl\u0131k pvc gran\u00fcller \u00f6zellikle spor ayakkab\u0131 \u00fcretiminde tercih edilmektedir. Ayakkab\u0131n\u0131n en \u00f6nemli k\u0131sm\u0131n\u0131 olu\u015fturan taban\u0131n renginde de\u011fi\u015fiklik olmamas\u0131, iklim ko\u015fullar\u0131ndan etkilenmemesi, \u00e7atlamamas\u0131 ve k\u0131r\u0131lmamas\u0131 gerekmektedir.<span class=\"excerpt-hellip\"> [\u2026]<\/span><\/p>\n","protected":false},"author":2,"featured_media":0,"parent":0,"menu_order":0,"comment_status":"open","ping_status":"open","template":"","meta":[],"yoast_head":"<!-- This site is optimized with the Yoast SEO plugin v19.10 - https:\/\/yoast.com\/wordpress\/plugins\/seo\/ -->\n<title>Ayakkab\u0131 - O\u011fuzhan PVC Gran\u00fcl<\/title>\n<meta name=\"robots\" content=\"index, follow, max-snippet:-1, max-image-preview:large, max-video-preview:-1\" \/>\n<link rel=\"canonical\" href=\"https:\/\/oguzhanpvcgranul.com\/tr_TR\/ayakkabi\/\" \/>\n<meta property=\"og:locale\" content=\"tr_TR\" \/>\n<meta property=\"og:type\" content=\"article\" \/>\n<meta property=\"og:title\" content=\"Ayakkab\u0131 - O\u011fuzhan PVC Gran\u00fcl\" \/>\n<meta property=\"og:description\" content=\"Ayakkab\u0131 Tabanl\u0131k pvc gran\u00fcller \u00f6zellikle spor ayakkab\u0131 \u00fcretiminde tercih edilmektedir. Ayakkab\u0131n\u0131n en \u00f6nemli k\u0131sm\u0131n\u0131 olu\u015fturan taban\u0131n renginde de\u011fi\u015fiklik olmamas\u0131, iklim ko\u015fullar\u0131ndan etkilenmemesi, \u00e7atlamamas\u0131 ve k\u0131r\u0131lmamas\u0131 gerekmektedir. [\u2026]\" \/>\n<meta property=\"og:url\" content=\"https:\/\/oguzhanpvcgranul.com\/tr_TR\/ayakkabi\/\" \/>\n<meta property=\"og:site_name\" content=\"O\u011fuzhan PVC Gran\u00fcl\" \/>\n<meta property=\"article:modified_time\" content=\"2022-02-19T12:31:10+00:00\" \/>\n<meta property=\"og:image\" content=\"https:\/\/oguzhanpvcgranul.com\/wp-content\/uploads\/2022\/01\/ayakkabi-resim.jpg\" \/>\n<meta name=\"twitter:card\" content=\"summary_large_image\" \/>\n<meta name=\"twitter:label1\" content=\"Tahmini okuma s\u00fcresi\" \/>\n\t<meta name=\"twitter:data1\" content=\"2 dakika\" \/>\n<script type=\"application\/ld+json\" class=\"yoast-schema-graph\">{\"@context\":\"https:\/\/schema.org\",\"@graph\":[{\"@type\":\"WebPage\",\"@id\":\"https:\/\/oguzhanpvcgranul.com\/ayakkabi\/\",\"url\":\"https:\/\/oguzhanpvcgranul.com\/ayakkabi\/\",\"name\":\"Ayakkab\u0131 - O\u011fuzhan PVC Gran\u00fcl\",\"isPartOf\":{\"@id\":\"https:\/\/oguzhanpvcgranul.com\/#website\"},\"datePublished\":\"2022-01-03T17:51:58+00:00\",\"dateModified\":\"2022-02-19T12:31:10+00:00\",\"inLanguage\":\"tr\",\"potentialAction\":[{\"@type\":\"ReadAction\",\"target\":[\"https:\/\/oguzhanpvcgranul.com\/ayakkabi\/\"]}]},{\"@type\":\"WebSite\",\"@id\":\"https:\/\/oguzhanpvcgranul.com\/#website\",\"url\":\"https:\/\/oguzhanpvcgranul.com\/\",\"name\":\"O\u011fuzhan PVC Gran\u00fcl\",\"description\":\"Ar-Ge, \u0130hracat, Kalite\",\"potentialAction\":[{\"@type\":\"SearchAction\",\"target\":{\"@type\":\"EntryPoint\",\"urlTemplate\":\"https:\/\/oguzhanpvcgranul.com\/?s={search_term_string}\"},\"query-input\":\"required name=search_term_string\"}],\"inLanguage\":\"tr\"}]}<\/script>\n<!-- \/ Yoast SEO plugin. -->","yoast_head_json":{"title":"Ayakkab\u0131 - O\u011fuzhan PVC Gran\u00fcl","robots":{"index":"index","follow":"follow","max-snippet":"max-snippet:-1","max-image-preview":"max-image-preview:large","max-video-preview":"max-video-preview:-1"},"canonical":"https:\/\/oguzhanpvcgranul.com\/tr_TR\/ayakkabi\/","og_locale":"tr_TR","og_type":"article","og_title":"Ayakkab\u0131 - O\u011fuzhan PVC Gran\u00fcl","og_description":"Ayakkab\u0131 Tabanl\u0131k pvc gran\u00fcller \u00f6zellikle spor ayakkab\u0131 \u00fcretiminde tercih edilmektedir. Ayakkab\u0131n\u0131n en \u00f6nemli k\u0131sm\u0131n\u0131 olu\u015fturan taban\u0131n renginde de\u011fi\u015fiklik olmamas\u0131, iklim ko\u015fullar\u0131ndan etkilenmemesi, \u00e7atlamamas\u0131 ve k\u0131r\u0131lmamas\u0131 gerekmektedir. [\u2026]","og_url":"https:\/\/oguzhanpvcgranul.com\/tr_TR\/ayakkabi\/","og_site_name":"O\u011fuzhan PVC Gran\u00fcl","article_modified_time":"2022-02-19T12:31:10+00:00","og_image":[{"url":"https:\/\/oguzhanpvcgranul.com\/wp-content\/uploads\/2022\/01\/ayakkabi-resim.jpg"}],"twitter_card":"summary_large_image","twitter_misc":{"Tahmini okuma s\u00fcresi":"2 dakika"},"schema":{"@context":"https:\/\/schema.org","@graph":[{"@type":"WebPage","@id":"https:\/\/oguzhanpvcgranul.com\/ayakkabi\/","url":"https:\/\/oguzhanpvcgranul.com\/ayakkabi\/","name":"Ayakkab\u0131 - O\u011fuzhan PVC Gran\u00fcl","isPartOf":{"@id":"https:\/\/oguzhanpvcgranul.com\/#website"},"datePublished":"2022-01-03T17:51:58+00:00","dateModified":"2022-02-19T12:31:10+00:00","inLanguage":"tr","potentialAction":[{"@type":"ReadAction","target":["https:\/\/oguzhanpvcgranul.com\/ayakkabi\/"]}]},{"@type":"WebSite","@id":"https:\/\/oguzhanpvcgranul.com\/#website","url":"https:\/\/oguzhanpvcgranul.com\/","name":"O\u011fuzhan PVC Gran\u00fcl","description":"Ar-Ge, \u0130hracat, Kalite","potentialAction":[{"@type":"SearchAction","target":{"@type":"EntryPoint","urlTemplate":"https:\/\/oguzhanpvcgranul.com\/?s={search_term_string}"},"query-input":"required name=search_term_string"}],"inLanguage":"tr"}]}},"_links":{"self":[{"href":"https:\/\/oguzhanpvcgranul.com\/tr_TR\/wp-json\/wp\/v2\/pages\/2899"}],"collection":[{"href":"https:\/\/oguzhanpvcgranul.com\/tr_TR\/wp-json\/wp\/v2\/pages"}],"about":[{"href":"https:\/\/oguzhanpvcgranul.com\/tr_TR\/wp-json\/wp\/v2\/types\/page"}],"author":[{"embeddable":true,"href":"https:\/\/oguzhanpvcgranul.com\/tr_TR\/wp-json\/wp\/v2\/users\/2"}],"replies":[{"embeddable":true,"href":"https:\/\/oguzhanpvcgranul.com\/tr_TR\/wp-json\/wp\/v2\/comments?post=2899"}],"version-history":[{"count":23,"href":"https:\/\/oguzhanpvcgranul.com\/tr_TR\/wp-json\/wp\/v2\/pages\/2899\/revisions"}],"predecessor-version":[{"id":3853,"href":"https:\/\/oguzhanpvcgranul.com\/tr_TR\/wp-json\/wp\/v2\/pages\/2899\/revisions\/3853"}],"wp:attachment":[{"href":"https:\/\/oguzhanpvcgranul.com\/tr_TR\/wp-json\/wp\/v2\/media?parent=2899"}],"curies":[{"name":"wp","href":"https:\/\/api.w.org\/{rel}","templated":true}]}}