{"id":3410,"date":"2022-01-15T21:30:33","date_gmt":"2022-01-15T21:30:33","guid":{"rendered":"https:\/\/oguzhanpvcgranul.com\/?page_id=3410"},"modified":"2025-04-14T13:14:27","modified_gmt":"2025-04-14T13:14:27","slug":"masa-bandi","status":"publish","type":"page","link":"https:\/\/oguzhanpvcgranul.com\/tr_TR\/masa-bandi\/","title":{"rendered":"Masa Band\u0131"},"content":{"rendered":"\t\t<div data-elementor-type=\"wp-page\" data-elementor-id=\"3410\" class=\"elementor elementor-3410\">\n\t\t\t\t\t\t\t\t\t<section class=\"elementor-section elementor-top-section elementor-element elementor-element-34aa410 elementor-section-boxed elementor-section-height-default elementor-section-height-default\" data-id=\"34aa410\" data-element_type=\"section\">\n\t\t\t\t\t\t<div class=\"elementor-container elementor-column-gap-default\">\n\t\t\t\t\t<div class=\"elementor-column elementor-col-100 elementor-top-column elementor-element elementor-element-17c2bca\" data-id=\"17c2bca\" data-element_type=\"column\">\n\t\t\t<div class=\"elementor-widget-wrap elementor-element-populated\">\n\t\t\t\t\t\t\t\t<div class=\"elementor-element elementor-element-8e12269 elementor-widget elementor-widget-heading\" data-id=\"8e12269\" data-element_type=\"widget\" data-widget_type=\"heading.default\">\n\t\t\t\t<div class=\"elementor-widget-container\">\n\t\t\t<h1 class=\"elementor-heading-title elementor-size-default\">Masa Band\u0131<\/h1>\t\t<\/div>\n\t\t\t\t<\/div>\n\t\t\t\t\t<\/div>\n\t\t<\/div>\n\t\t\t\t\t\t\t<\/div>\n\t\t<\/section>\n\t\t\t\t<section class=\"elementor-section elementor-top-section elementor-element elementor-element-e5f2e03 elementor-section-stretched elementor-section-boxed elementor-section-height-default elementor-section-height-default\" data-id=\"e5f2e03\" data-element_type=\"section\" data-settings=\"{&quot;stretch_section&quot;:&quot;section-stretched&quot;}\">\n\t\t\t\t\t\t<div class=\"elementor-container elementor-column-gap-default\">\n\t\t\t\t\t<div class=\"elementor-column elementor-col-50 elementor-top-column elementor-element elementor-element-5222868\" data-id=\"5222868\" data-element_type=\"column\">\n\t\t\t<div class=\"elementor-widget-wrap elementor-element-populated\">\n\t\t\t\t\t\t\t\t<div class=\"elementor-element elementor-element-08df5bb elementor-widget elementor-widget-image\" data-id=\"08df5bb\" data-element_type=\"widget\" data-widget_type=\"image.default\">\n\t\t\t\t<div class=\"elementor-widget-container\">\n\t\t\t\t\t\t\t\t\t\t\t\t\t\t\t<img decoding=\"async\" width=\"544\" height=\"385\" src=\"https:\/\/oguzhanpvcgranul.com\/wp-content\/uploads\/2022\/01\/masa-bandi-resim.jpg\" class=\"attachment-full size-full\" alt=\"\" loading=\"lazy\" srcset=\"https:\/\/oguzhanpvcgranul.com\/wp-content\/uploads\/2022\/01\/masa-bandi-resim.jpg 544w, https:\/\/oguzhanpvcgranul.com\/wp-content\/uploads\/2022\/01\/masa-bandi-resim-300x212.jpg 300w, https:\/\/oguzhanpvcgranul.com\/wp-content\/uploads\/2022\/01\/masa-bandi-resim-206x146.jpg 206w, https:\/\/oguzhanpvcgranul.com\/wp-content\/uploads\/2022\/01\/masa-bandi-resim-50x35.jpg 50w, https:\/\/oguzhanpvcgranul.com\/wp-content\/uploads\/2022\/01\/masa-bandi-resim-106x75.jpg 106w\" sizes=\"(max-width: 544px) 100vw, 544px\" \/>\t\t\t\t\t\t\t\t\t\t\t\t\t\t\t<\/div>\n\t\t\t\t<\/div>\n\t\t\t\t\t<\/div>\n\t\t<\/div>\n\t\t\t\t<div class=\"elementor-column elementor-col-50 elementor-top-column elementor-element elementor-element-f114e3e\" data-id=\"f114e3e\" data-element_type=\"column\">\n\t\t\t<div class=\"elementor-widget-wrap elementor-element-populated\">\n\t\t\t\t\t\t\t\t<div class=\"elementor-element elementor-element-5f38da2 elementor-widget elementor-widget-text-editor\" data-id=\"5f38da2\" data-element_type=\"widget\" data-widget_type=\"text-editor.default\">\n\t\t\t\t<div class=\"elementor-widget-container\">\n\t\t\t\t\t\t\t<p style=\"text-indent: 50px;\"><strong data-start=\"94\" data-end=\"116\">O\u011fuzhan PVC Gran\u00fcl<\/strong> olarak, masa band\u0131 \u00fcretimi yapan firmalar i\u00e7in y\u00fcksek kaliteli ve \u00f6zel form\u00fcle edilmi\u015f PVC gran\u00fclleri \u00fcretmekteyiz. M\u00fc\u015fterilerimizin ihtiya\u00e7 ve beklentilerine g\u00f6re, farkl\u0131 sertlik, renk ve dayan\u0131m \u00f6zelliklerinde <strong>hammadde \u00e7\u00f6z\u00fcmleri sunuyoruz.<\/strong> \u00dcr\u00fcnlerimiz, masa band\u0131 uygulamalar\u0131nda gereken esneklik, yap\u0131\u015fma kabiliyeti ve uzun \u00f6m\u00fcr gibi kritik \u00f6zellikleri en iyi \u015fekilde kar\u015f\u0131layacak \u015fekilde tasarlanmakta ve \u00fcretilmektedir. \u00dcretim s\u00fcre\u00e7lerimizde <strong>kaliteyi ve s\u00fcreklili\u011fi<\/strong> \u00f6n planda tutarak, i\u015f ortaklar\u0131m\u0131z\u0131n <strong>rekabet g\u00fcc\u00fcn\u00fc art\u0131racak \u00e7\u00f6z\u00fcmler<\/strong> geli\u015ftirmeye devam ediyoruz.<\/p>\t\t\t\t\t\t<\/div>\n\t\t\t\t<\/div>\n\t\t\t\t\t<\/div>\n\t\t<\/div>\n\t\t\t\t\t\t\t<\/div>\n\t\t<\/section>\n\t\t\t\t\t\t\t<\/div>\n\t\t","protected":false},"excerpt":{"rendered":"<p>Masa Band\u0131 O\u011fuzhan PVC Gran\u00fcl olarak, masa band\u0131 \u00fcretimi yapan firmalar i\u00e7in y\u00fcksek kaliteli ve \u00f6zel form\u00fcle edilmi\u015f PVC gran\u00fclleri \u00fcretmekteyiz. M\u00fc\u015fterilerimizin ihtiya\u00e7 ve beklentilerine g\u00f6re,<span class=\"excerpt-hellip\"> [\u2026]<\/span><\/p>\n","protected":false},"author":2,"featured_media":0,"parent":0,"menu_order":0,"comment_status":"open","ping_status":"open","template":"","meta":[],"yoast_head":"<!-- This site is optimized with the Yoast SEO plugin v19.10 - https:\/\/yoast.com\/wordpress\/plugins\/seo\/ -->\n<title>Masa Band\u0131 - O\u011fuzhan PVC Gran\u00fcl<\/title>\n<meta name=\"robots\" content=\"index, follow, max-snippet:-1, max-image-preview:large, max-video-preview:-1\" \/>\n<link rel=\"canonical\" href=\"https:\/\/oguzhanpvcgranul.com\/tr_TR\/masa-bandi\/\" \/>\n<meta property=\"og:locale\" content=\"tr_TR\" \/>\n<meta property=\"og:type\" content=\"article\" \/>\n<meta property=\"og:title\" content=\"Masa Band\u0131 - O\u011fuzhan PVC Gran\u00fcl\" \/>\n<meta property=\"og:description\" content=\"Masa Band\u0131 O\u011fuzhan PVC Gran\u00fcl olarak, masa band\u0131 \u00fcretimi yapan firmalar i\u00e7in y\u00fcksek kaliteli ve \u00f6zel form\u00fcle edilmi\u015f PVC gran\u00fclleri \u00fcretmekteyiz. M\u00fc\u015fterilerimizin ihtiya\u00e7 ve beklentilerine g\u00f6re, [\u2026]\" \/>\n<meta property=\"og:url\" content=\"https:\/\/oguzhanpvcgranul.com\/tr_TR\/masa-bandi\/\" \/>\n<meta property=\"og:site_name\" content=\"O\u011fuzhan PVC Gran\u00fcl\" \/>\n<meta property=\"article:modified_time\" content=\"2025-04-14T13:14:27+00:00\" \/>\n<meta property=\"og:image\" content=\"https:\/\/oguzhanpvcgranul.com\/wp-content\/uploads\/2022\/01\/masa-bandi-resim.jpg\" \/>\n<meta name=\"twitter:card\" content=\"summary_large_image\" \/>\n<meta name=\"twitter:label1\" content=\"Tahmini okuma s\u00fcresi\" \/>\n\t<meta name=\"twitter:data1\" content=\"1 dakika\" \/>\n<script type=\"application\/ld+json\" class=\"yoast-schema-graph\">{\"@context\":\"https:\/\/schema.org\",\"@graph\":[{\"@type\":\"WebPage\",\"@id\":\"https:\/\/oguzhanpvcgranul.com\/tr_TR\/masa-bandi\/\",\"url\":\"https:\/\/oguzhanpvcgranul.com\/tr_TR\/masa-bandi\/\",\"name\":\"Masa Band\u0131 - O\u011fuzhan PVC Gran\u00fcl\",\"isPartOf\":{\"@id\":\"https:\/\/oguzhanpvcgranul.com\/#website\"},\"datePublished\":\"2022-01-15T21:30:33+00:00\",\"dateModified\":\"2025-04-14T13:14:27+00:00\",\"inLanguage\":\"tr\",\"potentialAction\":[{\"@type\":\"ReadAction\",\"target\":[\"https:\/\/oguzhanpvcgranul.com\/tr_TR\/masa-bandi\/\"]}]},{\"@type\":\"WebSite\",\"@id\":\"https:\/\/oguzhanpvcgranul.com\/#website\",\"url\":\"https:\/\/oguzhanpvcgranul.com\/\",\"name\":\"O\u011fuzhan PVC Gran\u00fcl\",\"description\":\"Ar-Ge, \u0130hracat, Kalite\",\"potentialAction\":[{\"@type\":\"SearchAction\",\"target\":{\"@type\":\"EntryPoint\",\"urlTemplate\":\"https:\/\/oguzhanpvcgranul.com\/?s={search_term_string}\"},\"query-input\":\"required name=search_term_string\"}],\"inLanguage\":\"tr\"}]}<\/script>\n<!-- \/ Yoast SEO plugin. -->","yoast_head_json":{"title":"Masa Band\u0131 - O\u011fuzhan PVC Gran\u00fcl","robots":{"index":"index","follow":"follow","max-snippet":"max-snippet:-1","max-image-preview":"max-image-preview:large","max-video-preview":"max-video-preview:-1"},"canonical":"https:\/\/oguzhanpvcgranul.com\/tr_TR\/masa-bandi\/","og_locale":"tr_TR","og_type":"article","og_title":"Masa Band\u0131 - O\u011fuzhan PVC Gran\u00fcl","og_description":"Masa Band\u0131 O\u011fuzhan PVC Gran\u00fcl olarak, masa band\u0131 \u00fcretimi yapan firmalar i\u00e7in y\u00fcksek kaliteli ve \u00f6zel form\u00fcle edilmi\u015f PVC gran\u00fclleri \u00fcretmekteyiz. M\u00fc\u015fterilerimizin ihtiya\u00e7 ve beklentilerine g\u00f6re, [\u2026]","og_url":"https:\/\/oguzhanpvcgranul.com\/tr_TR\/masa-bandi\/","og_site_name":"O\u011fuzhan PVC Gran\u00fcl","article_modified_time":"2025-04-14T13:14:27+00:00","og_image":[{"url":"https:\/\/oguzhanpvcgranul.com\/wp-content\/uploads\/2022\/01\/masa-bandi-resim.jpg"}],"twitter_card":"summary_large_image","twitter_misc":{"Tahmini okuma s\u00fcresi":"1 dakika"},"schema":{"@context":"https:\/\/schema.org","@graph":[{"@type":"WebPage","@id":"https:\/\/oguzhanpvcgranul.com\/tr_TR\/masa-bandi\/","url":"https:\/\/oguzhanpvcgranul.com\/tr_TR\/masa-bandi\/","name":"Masa Band\u0131 - O\u011fuzhan PVC Gran\u00fcl","isPartOf":{"@id":"https:\/\/oguzhanpvcgranul.com\/#website"},"datePublished":"2022-01-15T21:30:33+00:00","dateModified":"2025-04-14T13:14:27+00:00","inLanguage":"tr","potentialAction":[{"@type":"ReadAction","target":["https:\/\/oguzhanpvcgranul.com\/tr_TR\/masa-bandi\/"]}]},{"@type":"WebSite","@id":"https:\/\/oguzhanpvcgranul.com\/#website","url":"https:\/\/oguzhanpvcgranul.com\/","name":"O\u011fuzhan PVC Gran\u00fcl","description":"Ar-Ge, \u0130hracat, Kalite","potentialAction":[{"@type":"SearchAction","target":{"@type":"EntryPoint","urlTemplate":"https:\/\/oguzhanpvcgranul.com\/?s={search_term_string}"},"query-input":"required name=search_term_string"}],"inLanguage":"tr"}]}},"_links":{"self":[{"href":"https:\/\/oguzhanpvcgranul.com\/tr_TR\/wp-json\/wp\/v2\/pages\/3410"}],"collection":[{"href":"https:\/\/oguzhanpvcgranul.com\/tr_TR\/wp-json\/wp\/v2\/pages"}],"about":[{"href":"https:\/\/oguzhanpvcgranul.com\/tr_TR\/wp-json\/wp\/v2\/types\/page"}],"author":[{"embeddable":true,"href":"https:\/\/oguzhanpvcgranul.com\/tr_TR\/wp-json\/wp\/v2\/users\/2"}],"replies":[{"embeddable":true,"href":"https:\/\/oguzhanpvcgranul.com\/tr_TR\/wp-json\/wp\/v2\/comments?post=3410"}],"version-history":[{"count":10,"href":"https:\/\/oguzhanpvcgranul.com\/tr_TR\/wp-json\/wp\/v2\/pages\/3410\/revisions"}],"predecessor-version":[{"id":3942,"href":"https:\/\/oguzhanpvcgranul.com\/tr_TR\/wp-json\/wp\/v2\/pages\/3410\/revisions\/3942"}],"wp:attachment":[{"href":"https:\/\/oguzhanpvcgranul.com\/tr_TR\/wp-json\/wp\/v2\/media?parent=3410"}],"curies":[{"name":"wp","href":"https:\/\/api.w.org\/{rel}","templated":true}]}}