{"id":3735,"date":"2022-02-18T20:37:14","date_gmt":"2022-02-18T20:37:14","guid":{"rendered":"https:\/\/oguzhanpvcgranul.com\/?page_id=3735"},"modified":"2022-02-19T12:12:15","modified_gmt":"2022-02-19T12:12:15","slug":"kalite","status":"publish","type":"page","link":"https:\/\/oguzhanpvcgranul.com\/tr_TR\/kalite\/","title":{"rendered":"Kalite"},"content":{"rendered":"\t\t<div data-elementor-type=\"wp-page\" data-elementor-id=\"3735\" class=\"elementor elementor-3735\">\n\t\t\t\t\t\t\t\t\t<section class=\"elementor-section elementor-top-section elementor-element elementor-element-e5f2e03 elementor-section-stretched elementor-section-boxed elementor-section-height-default elementor-section-height-default\" data-id=\"e5f2e03\" data-element_type=\"section\" data-settings=\"{&quot;stretch_section&quot;:&quot;section-stretched&quot;}\">\n\t\t\t\t\t\t<div class=\"elementor-container elementor-column-gap-default\">\n\t\t\t\t\t<div class=\"elementor-column elementor-col-100 elementor-top-column elementor-element elementor-element-5222868\" data-id=\"5222868\" data-element_type=\"column\">\n\t\t\t<div class=\"elementor-widget-wrap elementor-element-populated\">\n\t\t\t\t\t\t\t\t<div class=\"elementor-element elementor-element-5732834 elementor-widget elementor-widget-image\" data-id=\"5732834\" data-element_type=\"widget\" data-widget_type=\"image.default\">\n\t\t\t\t<div class=\"elementor-widget-container\">\n\t\t\t\t\t\t\t\t\t\t\t\t\t\t\t<img decoding=\"async\" width=\"1536\" height=\"768\" src=\"https:\/\/oguzhanpvcgranul.com\/wp-content\/uploads\/2022\/01\/Kalite-Sayfa-Kapak.jpg\" class=\"attachment-full size-full\" alt=\"\" loading=\"lazy\" srcset=\"https:\/\/oguzhanpvcgranul.com\/wp-content\/uploads\/2022\/01\/Kalite-Sayfa-Kapak.jpg 1536w, https:\/\/oguzhanpvcgranul.com\/wp-content\/uploads\/2022\/01\/Kalite-Sayfa-Kapak-300x150.jpg 300w, https:\/\/oguzhanpvcgranul.com\/wp-content\/uploads\/2022\/01\/Kalite-Sayfa-Kapak-1024x512.jpg 1024w, https:\/\/oguzhanpvcgranul.com\/wp-content\/uploads\/2022\/01\/Kalite-Sayfa-Kapak-768x384.jpg 768w, https:\/\/oguzhanpvcgranul.com\/wp-content\/uploads\/2022\/01\/Kalite-Sayfa-Kapak-260x130.jpg 260w, https:\/\/oguzhanpvcgranul.com\/wp-content\/uploads\/2022\/01\/Kalite-Sayfa-Kapak-50x25.jpg 50w, https:\/\/oguzhanpvcgranul.com\/wp-content\/uploads\/2022\/01\/Kalite-Sayfa-Kapak-150x75.jpg 150w, https:\/\/oguzhanpvcgranul.com\/wp-content\/uploads\/2022\/01\/Kalite-Sayfa-Kapak-800x400.jpg 800w\" sizes=\"(max-width: 1536px) 100vw, 1536px\" \/>\t\t\t\t\t\t\t\t\t\t\t\t\t\t\t<\/div>\n\t\t\t\t<\/div>\n\t\t\t\t\t<\/div>\n\t\t<\/div>\n\t\t\t\t\t\t\t<\/div>\n\t\t<\/section>\n\t\t\t\t<section class=\"elementor-section elementor-top-section elementor-element elementor-element-c447503 elementor-section-stretched elementor-section-boxed elementor-section-height-default elementor-section-height-default\" data-id=\"c447503\" data-element_type=\"section\" data-settings=\"{&quot;stretch_section&quot;:&quot;section-stretched&quot;}\">\n\t\t\t\t\t\t<div class=\"elementor-container elementor-column-gap-default\">\n\t\t\t\t\t<div class=\"elementor-column elementor-col-100 elementor-top-column elementor-element elementor-element-d821aba\" data-id=\"d821aba\" data-element_type=\"column\">\n\t\t\t<div class=\"elementor-widget-wrap elementor-element-populated\">\n\t\t\t\t\t\t\t\t<div class=\"elementor-element elementor-element-70b91d1 elementor-widget elementor-widget-text-editor\" data-id=\"70b91d1\" data-element_type=\"widget\" data-widget_type=\"text-editor.default\">\n\t\t\t\t<div class=\"elementor-widget-container\">\n\t\t\t\t\t\t\t<p style=\"text-indent: 50px;\"><strong>1973&#8217;te ba\u015flayan ser\u00fcvenimizde sekt\u00f6r\u00fcn \u00f6nc\u00fc firmalar\u0131ndan olarak kalite anlay\u0131\u015f\u0131n\u0131 her zaman ilk planda tuttuk.<\/strong> Kendi alan\u0131n da uzman olan teknik kadromuz, malzeme giri\u015f kontrol\u00fcnden ba\u015flayarak, \u00fcretim kontrol, hammadde kabul ve \u00fcr\u00fcn m\u00fc\u015fteriye ge\u00e7tikten sonra teknik destek konular\u0131nda \u00e7al\u0131\u015fmalar\u0131n\u0131 s\u00fcrd\u00fcrmektedir. S\u00fcrekli geli\u015fmekte olan teknolojiyi ve i\u015f ortaklar\u0131m\u0131z\u0131n ihtiya\u00e7lar\u0131n\u0131 dikkate alarak <strong>Ar-Ge \u00e7al\u0131\u015fmalar\u0131 yapmakta ve yeni \u00fcr\u00fcnler ile i\u015f ortaklar\u0131m\u0131z\u0131n memnuniyetini \u00f6nceli\u011fimiz olarak tutmaya devam etmekteyiz.<\/strong><\/p>\t\t\t\t\t\t<\/div>\n\t\t\t\t<\/div>\n\t\t\t\t\t<\/div>\n\t\t<\/div>\n\t\t\t\t\t\t\t<\/div>\n\t\t<\/section>\n\t\t\t\t<section class=\"elementor-section elementor-top-section elementor-element elementor-element-9528a7b elementor-hidden-mobile elementor-section-boxed elementor-section-height-default elementor-section-height-default\" data-id=\"9528a7b\" data-element_type=\"section\">\n\t\t\t\t\t\t<div class=\"elementor-container elementor-column-gap-default\">\n\t\t\t\t\t<div class=\"elementor-column elementor-col-14 elementor-top-column elementor-element elementor-element-40ddf5d\" data-id=\"40ddf5d\" data-element_type=\"column\">\n\t\t\t<div class=\"elementor-widget-wrap\">\n\t\t\t\t\t\t\t\t\t<\/div>\n\t\t<\/div>\n\t\t\t\t<div class=\"elementor-column elementor-col-14 elementor-top-column elementor-element elementor-element-7785fb4\" data-id=\"7785fb4\" data-element_type=\"column\">\n\t\t\t<div class=\"elementor-widget-wrap elementor-element-populated\">\n\t\t\t\t\t\t\t\t<div class=\"elementor-element elementor-element-08f23d5 elementor-widget elementor-widget-image\" data-id=\"08f23d5\" data-element_type=\"widget\" data-widget_type=\"image.default\">\n\t\t\t\t<div class=\"elementor-widget-container\">\n\t\t\t\t\t\t\t\t\t\t\t\t\t\t\t<img decoding=\"async\" width=\"128\" height=\"128\" src=\"https:\/\/oguzhanpvcgranul.com\/wp-content\/uploads\/2022\/01\/diagram.png\" class=\"attachment-full size-full\" alt=\"\" loading=\"lazy\" srcset=\"https:\/\/oguzhanpvcgranul.com\/wp-content\/uploads\/2022\/01\/diagram.png 128w, https:\/\/oguzhanpvcgranul.com\/wp-content\/uploads\/2022\/01\/diagram-50x50.png 50w, https:\/\/oguzhanpvcgranul.com\/wp-content\/uploads\/2022\/01\/diagram-75x75.png 75w, https:\/\/oguzhanpvcgranul.com\/wp-content\/uploads\/2022\/01\/diagram-85x85.png 85w, https:\/\/oguzhanpvcgranul.com\/wp-content\/uploads\/2022\/01\/diagram-80x80.png 80w\" sizes=\"(max-width: 128px) 100vw, 128px\" \/>\t\t\t\t\t\t\t\t\t\t\t\t\t\t\t<\/div>\n\t\t\t\t<\/div>\n\t\t\t\t\t<\/div>\n\t\t<\/div>\n\t\t\t\t<div class=\"elementor-column elementor-col-14 elementor-top-column elementor-element elementor-element-10b3124\" data-id=\"10b3124\" data-element_type=\"column\">\n\t\t\t<div class=\"elementor-widget-wrap\">\n\t\t\t\t\t\t\t\t\t<\/div>\n\t\t<\/div>\n\t\t\t\t<div class=\"elementor-column elementor-col-14 elementor-top-column elementor-element elementor-element-67c18ed\" data-id=\"67c18ed\" data-element_type=\"column\">\n\t\t\t<div class=\"elementor-widget-wrap elementor-element-populated\">\n\t\t\t\t\t\t\t\t<div class=\"elementor-element elementor-element-c258984 elementor-widget elementor-widget-image\" data-id=\"c258984\" data-element_type=\"widget\" data-widget_type=\"image.default\">\n\t\t\t\t<div class=\"elementor-widget-container\">\n\t\t\t\t\t\t\t\t\t\t\t\t\t\t\t<img decoding=\"async\" width=\"128\" height=\"128\" src=\"https:\/\/oguzhanpvcgranul.com\/wp-content\/uploads\/2022\/01\/microscope-1.png\" class=\"attachment-full size-full\" alt=\"\" loading=\"lazy\" srcset=\"https:\/\/oguzhanpvcgranul.com\/wp-content\/uploads\/2022\/01\/microscope-1.png 128w, https:\/\/oguzhanpvcgranul.com\/wp-content\/uploads\/2022\/01\/microscope-1-50x50.png 50w, https:\/\/oguzhanpvcgranul.com\/wp-content\/uploads\/2022\/01\/microscope-1-75x75.png 75w, https:\/\/oguzhanpvcgranul.com\/wp-content\/uploads\/2022\/01\/microscope-1-85x85.png 85w, https:\/\/oguzhanpvcgranul.com\/wp-content\/uploads\/2022\/01\/microscope-1-80x80.png 80w\" sizes=\"(max-width: 128px) 100vw, 128px\" \/>\t\t\t\t\t\t\t\t\t\t\t\t\t\t\t<\/div>\n\t\t\t\t<\/div>\n\t\t\t\t\t<\/div>\n\t\t<\/div>\n\t\t\t\t<div class=\"elementor-column elementor-col-14 elementor-top-column elementor-element elementor-element-d753d96\" data-id=\"d753d96\" data-element_type=\"column\">\n\t\t\t<div class=\"elementor-widget-wrap\">\n\t\t\t\t\t\t\t\t\t<\/div>\n\t\t<\/div>\n\t\t\t\t<div class=\"elementor-column elementor-col-14 elementor-top-column elementor-element elementor-element-3845adf\" data-id=\"3845adf\" data-element_type=\"column\">\n\t\t\t<div class=\"elementor-widget-wrap elementor-element-populated\">\n\t\t\t\t\t\t\t\t<div class=\"elementor-element elementor-element-b5e0b98 elementor-widget elementor-widget-image\" data-id=\"b5e0b98\" data-element_type=\"widget\" data-widget_type=\"image.default\">\n\t\t\t\t<div class=\"elementor-widget-container\">\n\t\t\t\t\t\t\t\t\t\t\t\t\t\t\t<img decoding=\"async\" width=\"128\" height=\"128\" src=\"https:\/\/oguzhanpvcgranul.com\/wp-content\/uploads\/2022\/01\/earth.png\" class=\"attachment-full size-full\" alt=\"\" loading=\"lazy\" srcset=\"https:\/\/oguzhanpvcgranul.com\/wp-content\/uploads\/2022\/01\/earth.png 128w, https:\/\/oguzhanpvcgranul.com\/wp-content\/uploads\/2022\/01\/earth-50x50.png 50w, https:\/\/oguzhanpvcgranul.com\/wp-content\/uploads\/2022\/01\/earth-75x75.png 75w, https:\/\/oguzhanpvcgranul.com\/wp-content\/uploads\/2022\/01\/earth-85x85.png 85w, https:\/\/oguzhanpvcgranul.com\/wp-content\/uploads\/2022\/01\/earth-80x80.png 80w\" sizes=\"(max-width: 128px) 100vw, 128px\" \/>\t\t\t\t\t\t\t\t\t\t\t\t\t\t\t<\/div>\n\t\t\t\t<\/div>\n\t\t\t\t\t<\/div>\n\t\t<\/div>\n\t\t\t\t<div class=\"elementor-column elementor-col-14 elementor-top-column elementor-element elementor-element-9f02f6e\" data-id=\"9f02f6e\" data-element_type=\"column\">\n\t\t\t<div class=\"elementor-widget-wrap\">\n\t\t\t\t\t\t\t\t\t<\/div>\n\t\t<\/div>\n\t\t\t\t\t\t\t<\/div>\n\t\t<\/section>\n\t\t\t\t<section class=\"elementor-section elementor-top-section elementor-element elementor-element-6aacf7c elementor-hidden-desktop elementor-hidden-tablet elementor-section-stretched elementor-section-boxed elementor-section-height-default elementor-section-height-default\" data-id=\"6aacf7c\" data-element_type=\"section\" data-settings=\"{&quot;stretch_section&quot;:&quot;section-stretched&quot;}\">\n\t\t\t\t\t\t<div class=\"elementor-container elementor-column-gap-default\">\n\t\t\t\t\t<div class=\"elementor-column elementor-col-33 elementor-top-column elementor-element elementor-element-e1e1b49\" data-id=\"e1e1b49\" data-element_type=\"column\">\n\t\t\t<div class=\"elementor-widget-wrap elementor-element-populated\">\n\t\t\t\t\t\t\t\t<div class=\"elementor-element elementor-element-3abd8ae elementor-widget elementor-widget-image\" data-id=\"3abd8ae\" data-element_type=\"widget\" data-widget_type=\"image.default\">\n\t\t\t\t<div class=\"elementor-widget-container\">\n\t\t\t\t\t\t\t\t\t\t\t\t\t\t\t<img decoding=\"async\" width=\"128\" height=\"128\" src=\"https:\/\/oguzhanpvcgranul.com\/wp-content\/uploads\/2022\/01\/microscope-1.png\" class=\"attachment-full size-full\" alt=\"\" loading=\"lazy\" srcset=\"https:\/\/oguzhanpvcgranul.com\/wp-content\/uploads\/2022\/01\/microscope-1.png 128w, https:\/\/oguzhanpvcgranul.com\/wp-content\/uploads\/2022\/01\/microscope-1-50x50.png 50w, https:\/\/oguzhanpvcgranul.com\/wp-content\/uploads\/2022\/01\/microscope-1-75x75.png 75w, https:\/\/oguzhanpvcgranul.com\/wp-content\/uploads\/2022\/01\/microscope-1-85x85.png 85w, https:\/\/oguzhanpvcgranul.com\/wp-content\/uploads\/2022\/01\/microscope-1-80x80.png 80w\" sizes=\"(max-width: 128px) 100vw, 128px\" \/>\t\t\t\t\t\t\t\t\t\t\t\t\t\t\t<\/div>\n\t\t\t\t<\/div>\n\t\t\t\t\t<\/div>\n\t\t<\/div>\n\t\t\t\t<div class=\"elementor-column elementor-col-33 elementor-top-column elementor-element elementor-element-7e1169f\" data-id=\"7e1169f\" data-element_type=\"column\">\n\t\t\t<div class=\"elementor-widget-wrap elementor-element-populated\">\n\t\t\t\t\t\t\t\t<div class=\"elementor-element elementor-element-b551f72 elementor-widget elementor-widget-image\" data-id=\"b551f72\" data-element_type=\"widget\" data-widget_type=\"image.default\">\n\t\t\t\t<div class=\"elementor-widget-container\">\n\t\t\t\t\t\t\t\t\t\t\t\t\t\t\t<img decoding=\"async\" width=\"128\" height=\"128\" src=\"https:\/\/oguzhanpvcgranul.com\/wp-content\/uploads\/2022\/01\/diagram.png\" class=\"attachment-full size-full\" alt=\"\" loading=\"lazy\" srcset=\"https:\/\/oguzhanpvcgranul.com\/wp-content\/uploads\/2022\/01\/diagram.png 128w, https:\/\/oguzhanpvcgranul.com\/wp-content\/uploads\/2022\/01\/diagram-50x50.png 50w, https:\/\/oguzhanpvcgranul.com\/wp-content\/uploads\/2022\/01\/diagram-75x75.png 75w, https:\/\/oguzhanpvcgranul.com\/wp-content\/uploads\/2022\/01\/diagram-85x85.png 85w, https:\/\/oguzhanpvcgranul.com\/wp-content\/uploads\/2022\/01\/diagram-80x80.png 80w\" sizes=\"(max-width: 128px) 100vw, 128px\" \/>\t\t\t\t\t\t\t\t\t\t\t\t\t\t\t<\/div>\n\t\t\t\t<\/div>\n\t\t\t\t\t<\/div>\n\t\t<\/div>\n\t\t\t\t<div class=\"elementor-column elementor-col-33 elementor-top-column elementor-element elementor-element-715c95b\" data-id=\"715c95b\" data-element_type=\"column\">\n\t\t\t<div class=\"elementor-widget-wrap elementor-element-populated\">\n\t\t\t\t\t\t\t\t<div class=\"elementor-element elementor-element-fa10283 elementor-widget elementor-widget-image\" data-id=\"fa10283\" data-element_type=\"widget\" data-widget_type=\"image.default\">\n\t\t\t\t<div class=\"elementor-widget-container\">\n\t\t\t\t\t\t\t\t\t\t\t\t\t\t\t<img decoding=\"async\" width=\"128\" height=\"128\" src=\"https:\/\/oguzhanpvcgranul.com\/wp-content\/uploads\/2022\/01\/earth.png\" class=\"attachment-full size-full\" alt=\"\" loading=\"lazy\" srcset=\"https:\/\/oguzhanpvcgranul.com\/wp-content\/uploads\/2022\/01\/earth.png 128w, https:\/\/oguzhanpvcgranul.com\/wp-content\/uploads\/2022\/01\/earth-50x50.png 50w, https:\/\/oguzhanpvcgranul.com\/wp-content\/uploads\/2022\/01\/earth-75x75.png 75w, https:\/\/oguzhanpvcgranul.com\/wp-content\/uploads\/2022\/01\/earth-85x85.png 85w, https:\/\/oguzhanpvcgranul.com\/wp-content\/uploads\/2022\/01\/earth-80x80.png 80w\" sizes=\"(max-width: 128px) 100vw, 128px\" \/>\t\t\t\t\t\t\t\t\t\t\t\t\t\t\t<\/div>\n\t\t\t\t<\/div>\n\t\t\t\t\t<\/div>\n\t\t<\/div>\n\t\t\t\t\t\t\t<\/div>\n\t\t<\/section>\n\t\t\t\t\t\t\t<\/div>\n\t\t","protected":false},"excerpt":{"rendered":"<p>1973&#8217;te ba\u015flayan ser\u00fcvenimizde sekt\u00f6r\u00fcn \u00f6nc\u00fc firmalar\u0131ndan olarak kalite anlay\u0131\u015f\u0131n\u0131 her zaman ilk planda tuttuk. Kendi alan\u0131n da uzman olan teknik kadromuz, malzeme giri\u015f kontrol\u00fcnden ba\u015flayarak, \u00fcretim<span class=\"excerpt-hellip\"> [\u2026]<\/span><\/p>\n","protected":false},"author":2,"featured_media":0,"parent":0,"menu_order":0,"comment_status":"open","ping_status":"closed","template":"","meta":[],"yoast_head":"<!-- This site is optimized with the Yoast SEO plugin v19.10 - https:\/\/yoast.com\/wordpress\/plugins\/seo\/ -->\n<title>Kalite - O\u011fuzhan PVC Gran\u00fcl<\/title>\n<meta name=\"robots\" content=\"index, follow, max-snippet:-1, max-image-preview:large, max-video-preview:-1\" \/>\n<link rel=\"canonical\" href=\"https:\/\/oguzhanpvcgranul.com\/tr_TR\/kalite\/\" \/>\n<meta property=\"og:locale\" content=\"tr_TR\" \/>\n<meta property=\"og:type\" content=\"article\" \/>\n<meta property=\"og:title\" content=\"Kalite - O\u011fuzhan PVC Gran\u00fcl\" \/>\n<meta property=\"og:description\" content=\"1973&#8217;te ba\u015flayan ser\u00fcvenimizde sekt\u00f6r\u00fcn \u00f6nc\u00fc firmalar\u0131ndan olarak kalite anlay\u0131\u015f\u0131n\u0131 her zaman ilk planda tuttuk. Kendi alan\u0131n da uzman olan teknik kadromuz, malzeme giri\u015f kontrol\u00fcnden ba\u015flayarak, \u00fcretim [\u2026]\" \/>\n<meta property=\"og:url\" content=\"https:\/\/oguzhanpvcgranul.com\/tr_TR\/kalite\/\" \/>\n<meta property=\"og:site_name\" content=\"O\u011fuzhan PVC Gran\u00fcl\" \/>\n<meta property=\"article:modified_time\" content=\"2022-02-19T12:12:15+00:00\" \/>\n<meta property=\"og:image\" content=\"https:\/\/oguzhanpvcgranul.com\/wp-content\/uploads\/2022\/01\/Kalite-Sayfa-Kapak.jpg\" \/>\n<meta name=\"twitter:card\" content=\"summary_large_image\" \/>\n<meta name=\"twitter:label1\" content=\"Tahmini okuma s\u00fcresi\" \/>\n\t<meta name=\"twitter:data1\" content=\"2 dakika\" \/>\n<script type=\"application\/ld+json\" class=\"yoast-schema-graph\">{\"@context\":\"https:\/\/schema.org\",\"@graph\":[{\"@type\":\"WebPage\",\"@id\":\"https:\/\/oguzhanpvcgranul.com\/kalite\/\",\"url\":\"https:\/\/oguzhanpvcgranul.com\/kalite\/\",\"name\":\"Kalite - O\u011fuzhan PVC Gran\u00fcl\",\"isPartOf\":{\"@id\":\"https:\/\/oguzhanpvcgranul.com\/#website\"},\"datePublished\":\"2022-02-18T20:37:14+00:00\",\"dateModified\":\"2022-02-19T12:12:15+00:00\",\"inLanguage\":\"tr\",\"potentialAction\":[{\"@type\":\"ReadAction\",\"target\":[\"https:\/\/oguzhanpvcgranul.com\/kalite\/\"]}]},{\"@type\":\"WebSite\",\"@id\":\"https:\/\/oguzhanpvcgranul.com\/#website\",\"url\":\"https:\/\/oguzhanpvcgranul.com\/\",\"name\":\"O\u011fuzhan PVC Gran\u00fcl\",\"description\":\"Ar-Ge, \u0130hracat, Kalite\",\"potentialAction\":[{\"@type\":\"SearchAction\",\"target\":{\"@type\":\"EntryPoint\",\"urlTemplate\":\"https:\/\/oguzhanpvcgranul.com\/?s={search_term_string}\"},\"query-input\":\"required name=search_term_string\"}],\"inLanguage\":\"tr\"}]}<\/script>\n<!-- \/ Yoast SEO plugin. -->","yoast_head_json":{"title":"Kalite - O\u011fuzhan PVC Gran\u00fcl","robots":{"index":"index","follow":"follow","max-snippet":"max-snippet:-1","max-image-preview":"max-image-preview:large","max-video-preview":"max-video-preview:-1"},"canonical":"https:\/\/oguzhanpvcgranul.com\/tr_TR\/kalite\/","og_locale":"tr_TR","og_type":"article","og_title":"Kalite - O\u011fuzhan PVC Gran\u00fcl","og_description":"1973&#8217;te ba\u015flayan ser\u00fcvenimizde sekt\u00f6r\u00fcn \u00f6nc\u00fc firmalar\u0131ndan olarak kalite anlay\u0131\u015f\u0131n\u0131 her zaman ilk planda tuttuk. Kendi alan\u0131n da uzman olan teknik kadromuz, malzeme giri\u015f kontrol\u00fcnden ba\u015flayarak, \u00fcretim [\u2026]","og_url":"https:\/\/oguzhanpvcgranul.com\/tr_TR\/kalite\/","og_site_name":"O\u011fuzhan PVC Gran\u00fcl","article_modified_time":"2022-02-19T12:12:15+00:00","og_image":[{"url":"https:\/\/oguzhanpvcgranul.com\/wp-content\/uploads\/2022\/01\/Kalite-Sayfa-Kapak.jpg"}],"twitter_card":"summary_large_image","twitter_misc":{"Tahmini okuma s\u00fcresi":"2 dakika"},"schema":{"@context":"https:\/\/schema.org","@graph":[{"@type":"WebPage","@id":"https:\/\/oguzhanpvcgranul.com\/kalite\/","url":"https:\/\/oguzhanpvcgranul.com\/kalite\/","name":"Kalite - O\u011fuzhan PVC Gran\u00fcl","isPartOf":{"@id":"https:\/\/oguzhanpvcgranul.com\/#website"},"datePublished":"2022-02-18T20:37:14+00:00","dateModified":"2022-02-19T12:12:15+00:00","inLanguage":"tr","potentialAction":[{"@type":"ReadAction","target":["https:\/\/oguzhanpvcgranul.com\/kalite\/"]}]},{"@type":"WebSite","@id":"https:\/\/oguzhanpvcgranul.com\/#website","url":"https:\/\/oguzhanpvcgranul.com\/","name":"O\u011fuzhan PVC Gran\u00fcl","description":"Ar-Ge, \u0130hracat, Kalite","potentialAction":[{"@type":"SearchAction","target":{"@type":"EntryPoint","urlTemplate":"https:\/\/oguzhanpvcgranul.com\/?s={search_term_string}"},"query-input":"required name=search_term_string"}],"inLanguage":"tr"}]}},"_links":{"self":[{"href":"https:\/\/oguzhanpvcgranul.com\/tr_TR\/wp-json\/wp\/v2\/pages\/3735"}],"collection":[{"href":"https:\/\/oguzhanpvcgranul.com\/tr_TR\/wp-json\/wp\/v2\/pages"}],"about":[{"href":"https:\/\/oguzhanpvcgranul.com\/tr_TR\/wp-json\/wp\/v2\/types\/page"}],"author":[{"embeddable":true,"href":"https:\/\/oguzhanpvcgranul.com\/tr_TR\/wp-json\/wp\/v2\/users\/2"}],"replies":[{"embeddable":true,"href":"https:\/\/oguzhanpvcgranul.com\/tr_TR\/wp-json\/wp\/v2\/comments?post=3735"}],"version-history":[{"count":62,"href":"https:\/\/oguzhanpvcgranul.com\/tr_TR\/wp-json\/wp\/v2\/pages\/3735\/revisions"}],"predecessor-version":[{"id":3813,"href":"https:\/\/oguzhanpvcgranul.com\/tr_TR\/wp-json\/wp\/v2\/pages\/3735\/revisions\/3813"}],"wp:attachment":[{"href":"https:\/\/oguzhanpvcgranul.com\/tr_TR\/wp-json\/wp\/v2\/media?parent=3735"}],"curies":[{"name":"wp","href":"https:\/\/api.w.org\/{rel}","templated":true}]}}